{"id":4293,"date":"2024-11-11T07:15:26","date_gmt":"2024-11-11T07:15:26","guid":{"rendered":"https:\/\/pavesi.sviluppokeyweb.com\/forni-professionali-fatti-a-mano\/ricambi-assistenza-forni-professionali\/"},"modified":"2025-06-19T11:02:28","modified_gmt":"2025-06-19T11:02:28","slug":"recambios-y-asistencia","status":"publish","type":"page","link":"https:\/\/pavesi.sviluppokeyweb.com\/es\/recambios-y-asistencia\/","title":{"rendered":"Recambios y asistencia"},"content":{"rendered":"\n\t<section class=\"section\" id=\"section_122981182\">\n\t\t<div class=\"section-bg fill\" >\n\t\t\t<img loading=\"lazy\" decoding=\"async\" width=\"1920\" height=\"400\" src=\"https:\/\/pavesi.sviluppokeyweb.com\/wp-content\/uploads\/2024\/11\/slide-tioli.webp\" class=\"bg attachment-original size-original\" alt=\"\" \/>\t\t\t\t\t\t\n\t\t\t\n\n\t\t<\/div>\n\n\t\t\n\n\t\t<div class=\"section-content relative\">\n\t\t\t\n\n<div class=\"row\"  id=\"row-1686145952\">\n\n\n\t<div id=\"col-946949786\" class=\"col small-12 large-12\"  >\n\t\t\t\t<div class=\"col-inner\"  >\n\t\t\t\n\t\t\t\n\n  <div id=\"page-header-1894006063\" class=\"page-header-wrapper\">\r\n  <div class=\"page-title dark simple-title\">\r\n\r\n    \r\n    <div class=\"page-title-inner container align-center flex-row medium-flex-wrap\" >\r\n              <div class=\"title-wrapper flex-col text-left medium-text-center\">\r\n          <p class=\"entry-title mb-0 sofi\">\r\n            Recambios y asistencia          <\/p>\r\n        <\/div>\r\n                    <div class=\"title-content flex-col flex-right text-right medium-text-center\">\r\n        <div class=\"title-breadcrumbs pb-half pt-half\"><\/div>      <\/div>\r\n    <\/div>\r\n\r\n       <\/div>\r\n    <\/div>\r\n  \n\n\n\t\t<\/div>\n\t\t\t\t\t<\/div>\n\n\t\n\n<\/div>\n\n\t\t<\/div>\n\n\t\t\n<style>\n#section_122981182 {\n  padding-top: 30px;\n  padding-bottom: 30px;\n  min-height: 300px;\n}\n<\/style>\n\t<\/section>\n\t\n\n\t<section class=\"section\" id=\"section_1947663564\">\n\t\t<div class=\"section-bg fill\" >\n\t\t\t\t\t\t\t\t\t\n\t\t\t\n\n\t\t<\/div>\n\n\t\t\n\n\t\t<div class=\"section-content relative\">\n\t\t\t\n\t<div id=\"gap-616191402\" class=\"gap-element clearfix\" style=\"display:block; height:auto;\">\n\t\t\n<style>\n#gap-616191402 {\n  padding-top: 30px;\n}\n<\/style>\n\t<\/div>\n\t\n<div class=\"row row-large align-equal\"  id=\"row-1823445386\">\n\n\t<div id=\"col-2047689849\" class=\"col medium-6 small-12 large-6\"  >\n\t\t\t\t<div class=\"col-inner\"  >\n\t\t\t\n\t\t\t\n\t<div id=\"text-3419637739\" class=\"text\">\n\t\t\n<h1>Recambios y asistencia para nuestros hornos profesionales<\/h1>\n\t\t\n<style>\n#text-3419637739 {\n  font-size: 2.25rem;\n  line-height: 1.25;\n}\n<\/style>\n\t<\/div>\n\t\n<p>Desde hace m\u00e1s de 50 a\u00f1os producimos <strong>hornos de cocci\u00f3n directa<\/strong> de forma <strong>personalizada<\/strong>, respaldados por un saber hacer consolidado y una pasi\u00f3n artesana, enfocada en la tradici\u00f3n, pero tambi\u00e9n en la innovaci\u00f3n. Nuestros hornos profesionales est\u00e1n realizados con <strong>materiales de excelente calidad<\/strong>, seleccionados minuciosamente y <strong>procedentes de Italia y la Uni\u00f3n Europea<\/strong>. La resistencia de nuestros hornos est\u00e1 garantizada, no solo por la calidad de los materiales y la fabricaci\u00f3n a mano, sino tambi\u00e9n por nuestro <strong>servicio de asistencia en todo el mundo. <\/strong><\/p>\n\t<div id=\"gap-1037961406\" class=\"gap-element clearfix\" style=\"display:block; height:auto;\">\n\t\t\n<style>\n#gap-1037961406 {\n  padding-top: 25px;\n}\n<\/style>\n\t<\/div>\n\t\n\n  <div class=\"banner has-hover\" id=\"banner-1212802846\">\n          <div class=\"banner-inner fill\">\n        <div class=\"banner-bg fill\" >\n            <img loading=\"lazy\" decoding=\"async\" width=\"800\" height=\"800\" src=\"https:\/\/pavesi.sviluppokeyweb.com\/wp-content\/uploads\/2025\/01\/Disegno-per-ricambi-forni-Pavesi.webp\" class=\"bg attachment-large size-large\" alt=\"Disegno per ricambi forni Pavesi\" \/>                                    \n                    <\/div>\n\t\t\n        <div class=\"banner-layers container\">\n            <div class=\"fill banner-link\"><\/div>            \n   <div id=\"text-box-612785950\" class=\"text-box banner-layer x50 md-x50 lg-x50 y50 md-y50 lg-y50 res-text\">\n                                <div class=\"text-box-content text dark\">\n              \n              <div class=\"text-inner text-center\">\n                  \n              <\/div>\n           <\/div>\n                            \n<style>\n#text-box-612785950 {\n  width: 60%;\n}\n#text-box-612785950 .text-box-content {\n  font-size: 100%;\n}\n@media (min-width:550px) {\n  #text-box-612785950 {\n    width: 60%;\n  }\n}\n<\/style>\n    <\/div>\n \n        <\/div>\n      <\/div>\n\n            \n<style>\n#banner-1212802846 {\n  padding-top: 99.99%;\n  background-color: rgba(255, 255, 255, 0);\n}\n@media (min-width:550px) {\n  #banner-1212802846 {\n    padding-top: 550px;\n  }\n}\n<\/style>\n  <\/div>\n\n\n\t\t<\/div>\n\t\t\t\t\t<\/div>\n\n\t\n\n\t<div id=\"col-1609235611\" class=\"col medium-6 small-12 large-6\"  >\n\t\t\t\t<div class=\"col-inner\"  >\n\t\t\t\n\t\t\t\n\n  <div class=\"banner has-hover\" id=\"banner-1696783330\">\n          <div class=\"banner-inner fill\">\n        <div class=\"banner-bg fill\" >\n            <img loading=\"lazy\" decoding=\"async\" width=\"629\" height=\"629\" src=\"https:\/\/pavesi.sviluppokeyweb.com\/wp-content\/uploads\/2025\/01\/Operatore-per-la-ricambistica-dei-forni-Pavesi.webp\" class=\"bg attachment-large size-large\" alt=\"Operatore per la ricambistica dei forni Pavesi\" \/>                                    \n                    <\/div>\n\t\t\n        <div class=\"banner-layers container\">\n            <div class=\"fill banner-link\"><\/div>            \n   <div id=\"text-box-240913097\" class=\"text-box banner-layer x50 md-x50 lg-x50 y50 md-y50 lg-y50 res-text\">\n                                <div class=\"text-box-content text dark\">\n              \n              <div class=\"text-inner text-center\">\n                  \n              <\/div>\n           <\/div>\n                            \n<style>\n#text-box-240913097 {\n  width: 60%;\n}\n#text-box-240913097 .text-box-content {\n  font-size: 100%;\n}\n@media (min-width:550px) {\n  #text-box-240913097 {\n    width: 60%;\n  }\n}\n<\/style>\n    <\/div>\n \n        <\/div>\n      <\/div>\n\n            \n<style>\n#banner-1696783330 {\n  padding-top: 99.99%;\n  background-color: rgba(255, 255, 255, 0);\n}\n@media (min-width:550px) {\n  #banner-1696783330 {\n    padding-top: 550px;\n  }\n}\n<\/style>\n  <\/div>\n\n\n\t<div id=\"gap-284916314\" class=\"gap-element clearfix\" style=\"display:block; height:auto;\">\n\t\t\n<style>\n#gap-284916314 {\n  padding-top: 30px;\n}\n<\/style>\n\t<\/div>\n\t\n<p>Facilitamos todo a nuestros clientes y siempre estamos a su disposici\u00f3n en cuanto a <strong>recambios y mantenimiento<\/strong>. Nuestros hornos se env\u00edan a todo el mundo <strong>premontados o con kit de montaje,<\/strong> o bien nuestros t\u00e9cnicos los pueden <strong>montar \u00abin situ\u00bb<\/strong> y accionar directamente: <strong>\u00a1contacte con nosotros y solicite presupuesto!<\/strong> Estamos siempre a su disposici\u00f3n.<\/p>\n<a href=\"https:\/\/pavesi.sviluppokeyweb.com\/es\/contacto\/\" class=\"button primary\"  style=\"padding:0px 50px 0px 50px;\">\n\t\t<span>Cont\u00e1ctenos<\/span>\n\t<\/a>\n\n\t\t<\/div>\n\t\t\t\t\t<\/div>\n\n\t\n<\/div>\n\t\t<\/div>\n\n\t\t\n<style>\n#section_1947663564 {\n  padding-top: 50px;\n  padding-bottom: 50px;\n}\n<\/style>\n\t<\/section>\n\t\n\n\t<section class=\"section dark\" id=\"section_560152503\">\n\t\t<div class=\"section-bg fill\" >\n\t\t\t\t\t\t\t\t\t\n\t\t\t\n\n\t\t<\/div>\n\n\t\t\n\n\t\t<div class=\"section-content relative\">\n\t\t\t\n<div class=\"row\"  id=\"row-178692313\">\n\n\t<div id=\"col-854221365\" class=\"col small-12 large-12\"  >\n\t\t\t\t<div class=\"col-inner\"  >\n\t\t\t\n\t\t\t\n\t<div id=\"gap-544564150\" class=\"gap-element clearfix\" style=\"display:block; height:auto;\">\n\t\t\n<style>\n#gap-544564150 {\n  padding-top: 30px;\n}\n<\/style>\n\t<\/div>\n\t\n\t<div id=\"stack-3317962946\" class=\"stack stack-row justify-between items-stretch\">\n\t\t\n\t<div id=\"text-508930176\" class=\"text\">\n\t\t\n<h2>Asistencia en todo el mundo las 24 horas del d\u00eda<\/h2>\n\t\t\n<style>\n#text-508930176 {\n  font-size: 2rem;\n  line-height: 0.75;\n}\n<\/style>\n\t<\/div>\n\t\n\t\t\n<style>\n#stack-3317962946 > * {\n  --stack-gap: 0rem;\n}\n<\/style>\n\t<\/div>\n\t\n\t\t<\/div>\n\t\t\t\t\t<\/div>\n\n\t\n<\/div>\n<div class=\"row row-large\"  id=\"row-81461469\">\n\n\t<div id=\"col-1780290812\" class=\"col medium-6 small-12 large-6\"  >\n\t\t\t\t<div class=\"col-inner\"  >\n\t\t\t\n\t\t\t\n<p>El tama\u00f1o de nuestra empresa y la <strong>amplia red de distribuidores<\/strong>, extremadamente competentes y en continuo contacto con nosotros, nos permiten estar presentes en todo el mundo, no solo para la distribuci\u00f3n, entrega, montaje y encendido de nuestros hornos, sino tambi\u00e9n para <strong>la asistencia<\/strong>.<\/p>\n\t\t<\/div>\n\t\t\t\t\t<\/div>\n\n\t\n\n\t<div id=\"col-1681228025\" class=\"col medium-6 small-12 large-6\"  >\n\t\t\t\t<div class=\"col-inner\"  >\n\t\t\t\n\t\t\t\n<p>Un equipo altamente especializado estar\u00e1 siempre a su disposici\u00f3n, <strong>todos los d\u00edas de la semana, las 24 horas del d\u00eda<\/strong>, para garantizarle asistencia t\u00e9cnica para el encendido del horno o en caso de imprevistos. Podr\u00e1 ponerse en contacto con el servicio de asistencia para solicitar <strong>intervenciones de mantenimiento<\/strong>, que se planificar\u00e1n en un corto plazo de tiempo.<\/p>\n<a class=\"button primary is-link\"  >\n\t\t<span>read more<\/span>\n\t<i class=\"icon-angle-right\" aria-hidden=\"true\" ><\/i><\/a>\n\n\t\t<\/div>\n\t\t\t\t\t<\/div>\n\n\t\n<\/div>\n\t\t<\/div>\n\n\t\t\n<style>\n#section_560152503 {\n  padding-top: 50px;\n  padding-bottom: 50px;\n  background-color: rgb(54, 54, 54);\n}\n<\/style>\n\t<\/section>\n\t\n\n\t<section class=\"section\" id=\"section_1635818932\">\n\t\t<div class=\"section-bg fill\" >\n\t\t\t\t\t\t\t\t\t\n\t\t\t\n\n\t\t<\/div>\n\n\t\t\n\n\t\t<div class=\"section-content relative\">\n\t\t\t\n\t<div id=\"gap-1075665829\" class=\"gap-element clearfix\" style=\"display:block; height:auto;\">\n\t\t\n<style>\n#gap-1075665829 {\n  padding-top: 30px;\n}\n<\/style>\n\t<\/div>\n\t\n<div class=\"row row-small align-middle\"  id=\"row-1854376846\">\n\n\t<div id=\"col-1211083061\" class=\"col medium-6 small-12 large-3\"  >\n\t\t\t\t<div class=\"col-inner\"  >\n\t\t\t\n\t\t\t\n\n  <div class=\"banner has-hover\" id=\"banner-920266031\">\n          <div class=\"banner-inner fill\">\n        <div class=\"banner-bg fill\" >\n            <img loading=\"lazy\" decoding=\"async\" width=\"578\" height=\"578\" src=\"https:\/\/pavesi.sviluppokeyweb.com\/wp-content\/uploads\/2025\/01\/Operatore-sostituisce-pezzi-forno-Pavesi.webp\" class=\"bg attachment-large size-large\" alt=\"Operatore sostituisce pezzi forno Pavesi\" \/>                                    \n                    <\/div>\n\t\t\n        <div class=\"banner-layers container\">\n            <div class=\"fill banner-link\"><\/div>            \n   <div id=\"text-box-2037963713\" class=\"text-box banner-layer x50 md-x50 lg-x50 y50 md-y50 lg-y50 res-text\">\n                                <div class=\"text-box-content text dark\">\n              \n              <div class=\"text-inner text-center\">\n                  \n              <\/div>\n           <\/div>\n                            \n<style>\n#text-box-2037963713 {\n  width: 60%;\n}\n#text-box-2037963713 .text-box-content {\n  font-size: 100%;\n}\n@media (min-width:550px) {\n  #text-box-2037963713 {\n    width: 60%;\n  }\n}\n<\/style>\n    <\/div>\n \n        <\/div>\n      <\/div>\n\n            \n<style>\n#banner-920266031 {\n  padding-top: 99.99%;\n  background-color: rgb(255, 255, 255);\n}\n#banner-920266031 .banner-bg img {\n  object-position: 42% 21%;\n}\n@media (min-width:550px) {\n  #banner-920266031 {\n    padding-top: 400px;\n  }\n}\n@media (min-width:850px) {\n  #banner-920266031 {\n    padding-top: 300px;\n  }\n}\n<\/style>\n  <\/div>\n\n\n\t\t<\/div>\n\t\t\t\t\t<\/div>\n\n\t\n\n\t<div id=\"col-1146956171\" class=\"col medium-6 small-12 large-3\"  >\n\t\t\t\t<div class=\"col-inner\"  >\n\t\t\t\n\t\t\t\n\n  <div class=\"banner has-hover\" id=\"banner-596692587\">\n          <div class=\"banner-inner fill\">\n        <div class=\"banner-bg fill\" >\n            <img loading=\"lazy\" decoding=\"async\" width=\"800\" height=\"800\" src=\"https:\/\/pavesi.sviluppokeyweb.com\/wp-content\/uploads\/2025\/01\/Ricambio-cuscinetto-per-forno-Pavesi.webp\" class=\"bg attachment-large size-large\" alt=\"Ricambio cuscinetto per forno Pavesi\" \/>                                    \n                    <\/div>\n\t\t\n        <div class=\"banner-layers container\">\n            <div class=\"fill banner-link\"><\/div>            \n   <div id=\"text-box-32605715\" class=\"text-box banner-layer x50 md-x50 lg-x50 y50 md-y50 lg-y50 res-text\">\n                                <div class=\"text-box-content text dark\">\n              \n              <div class=\"text-inner text-center\">\n                  \n              <\/div>\n           <\/div>\n                            \n<style>\n#text-box-32605715 {\n  width: 60%;\n}\n#text-box-32605715 .text-box-content {\n  font-size: 100%;\n}\n@media (min-width:550px) {\n  #text-box-32605715 {\n    width: 60%;\n  }\n}\n<\/style>\n    <\/div>\n \n        <\/div>\n      <\/div>\n\n            \n<style>\n#banner-596692587 {\n  padding-top: 99.99%;\n  background-color: rgb(255, 255, 255);\n}\n#banner-596692587 .banner-bg img {\n  object-position: 50% 78%;\n}\n@media (min-width:550px) {\n  #banner-596692587 {\n    padding-top: 400px;\n  }\n}\n@media (min-width:850px) {\n  #banner-596692587 {\n    padding-top: 420px;\n  }\n}\n<\/style>\n  <\/div>\n\n\n\t\t<\/div>\n\t\t\t\t\t<\/div>\n\n\t\n\n\t<div id=\"col-2080265832\" class=\"col medium-12 small-12 large-6\"  >\n\t\t\t\t<div class=\"col-inner\"  >\n\t\t\t\n\t\t\t\n\t<div id=\"gap-1247140714\" class=\"gap-element clearfix\" style=\"display:block; height:auto;\">\n\t\t\n<style>\n#gap-1247140714 {\n  padding-top: 15px;\n}\n@media (min-width:850px) {\n  #gap-1247140714 {\n    padding-top: 30px;\n  }\n}\n<\/style>\n\t<\/div>\n\t\n\t<div id=\"text-3156321862\" class=\"text\">\n\t\t\n<h2>Garant\u00eda y recambios<\/h2>\n\t\t\n<style>\n#text-3156321862 {\n  font-size: 1.5rem;\n}\n<\/style>\n\t<\/div>\n\t\n<p>Si conf\u00eda en Pavesi, disfrutar\u00e1 de la <strong>garant\u00eda<\/strong> de los materiales empleados en la fabricaci\u00f3n de los hornos, es decir, de toda la construcci\u00f3n en hormig\u00f3n refractario, en caso de roturas debidas a defectos de fabricaci\u00f3n o montajes err\u00f3neos, siempre que hayan sido efectuados por nuestro personal especializado.<\/p>\n<p>Nuestros hornos profesionales cumplen plenamente con las <strong>normativas CE y UL<\/strong> y se someten, antes y despu\u00e9s del montaje, a diferentes pruebas que tienen el objetivo de optimizar la eficacia y eficiencia del producto. De este modo, garantizamos la m\u00e1xima calidad de los hornos, suministrando recambios en caso necesario.<\/p>\n<p><strong>No dude en ponerse en contacto con nuestro personal especializado: atender\u00e1 sus solicitudes en el menor tiempo posible. <\/strong><\/p>\n\t\t<\/div>\n\t\t\t\t\n<style>\n#col-2080265832 > .col-inner {\n  padding: 0px 0px 0px 0;\n}\n@media (min-width:850px) {\n  #col-2080265832 > .col-inner {\n    padding: 0px 0px 0px 10%;\n  }\n}\n<\/style>\n\t<\/div>\n\n\t\n<\/div>\n\t\t<\/div>\n\n\t\t\n<style>\n#section_1635818932 {\n  padding-top: 30px;\n  padding-bottom: 30px;\n}\n<\/style>\n\t<\/section>\n\t\n\n  <div class=\"banner has-hover has-parallax\" id=\"banner-728554997\">\n          <div class=\"banner-inner fill\">\n        <div class=\"banner-bg fill\" data-parallax=\"-4\" data-parallax-container=\".banner\" data-parallax-background>\n            <img loading=\"lazy\" decoding=\"async\" width=\"2500\" height=\"1670\" src=\"https:\/\/pavesi.sviluppokeyweb.com\/wp-content\/uploads\/2024\/11\/image-1.png\" class=\"bg attachment-original size-original\" alt=\"\" \/>                        <div class=\"overlay\"><\/div>            \n                    <\/div>\n\t\t\n        <div class=\"banner-layers container\">\n            <div class=\"fill banner-link\"><\/div>            \n\n   <div id=\"text-box-858096885\" class=\"text-box banner-layer x50 md-x50 lg-x50 y50 md-y50 lg-y50 res-text\">\n                                <div class=\"text-box-content text dark\">\n              \n              <div class=\"text-inner text-center\">\n                  \n\n<h2>Descubra c\u00f3mo cambia la pizza con un horno Pavesi<\/h2>\n<p class=\"lead\">Contacte con nosotros y solicite presupuesto<\/p>\n<a href=\"https:\/\/pavesi.sviluppokeyweb.com\/es\/contacto\/\" class=\"button white\"  style=\"border-radius:3px;padding:0px 30px 0px 30px;\">\n\t\t<span>Cont\u00e1ctenos<\/span>\n\t<\/a>\n\n\n\n              <\/div>\n           <\/div>\n                            \n<style>\n#text-box-858096885 .text-inner {\n  padding: 30px 0px 0px 0px;\n}\n#text-box-858096885 {\n  width: 83%;\n}\n#text-box-858096885 .text-box-content {\n  font-size: 100%;\n}\n@media (min-width:550px) {\n  #text-box-858096885 {\n    width: 81%;\n  }\n}\n@media (min-width:850px) {\n  #text-box-858096885 {\n    width: 61%;\n  }\n}\n<\/style>\n    <\/div>\n \n   <div id=\"text-box-2014232849\" class=\"text-box banner-layer x50 md-x50 lg-x50 y100 md-y100 lg-y100 res-text\">\n                                <div class=\"text-box-content text dark\">\n              \n              <div class=\"text-inner text-center\">\n                  \n\n\t<div id=\"gap-1015507133\" class=\"gap-element clearfix\" style=\"display:block; height:auto;\">\n\t\t\n<style>\n#gap-1015507133 {\n  padding-top: 18px;\n}\n<\/style>\n\t<\/div>\n\t\n\n\n              <\/div>\n           <\/div>\n                            \n<style>\n#text-box-2014232849 {\n  width: 60%;\n}\n#text-box-2014232849 .text-box-content {\n  font-size: 100%;\n}\n<\/style>\n    <\/div>\n \n\n        <\/div>\n      <\/div>\n\n            \n<style>\n#banner-728554997 {\n  padding-top: 140%;\n}\n#banner-728554997 .overlay {\n  background-color: rgba(5, 0, 0, 0.721);\n}\n#banner-728554997 .banner-bg img {\n  object-position: 100% 54%;\n}\n@media (min-width:550px) {\n  #banner-728554997 {\n    padding-top: 75%;\n  }\n}\n@media (min-width:850px) {\n  #banner-728554997 {\n    padding-top: 50%;\n  }\n}\n<\/style>\n  <\/div>\n\n\n","protected":false},"excerpt":{"rendered":"","protected":false},"author":1,"featured_media":0,"parent":4289,"menu_order":0,"comment_status":"closed","ping_status":"closed","template":"page-blank.php","meta":{"_acf_changed":false,"inline_featured_image":false,"footnotes":""},"class_list":["post-4293","page","type-page","status-publish","hentry"],"acf":[],"yoast_head":"<!-- This site is optimized with the Yoast SEO plugin v25.3.1 - https:\/\/yoast.com\/wordpress\/plugins\/seo\/ -->\n<title>Recambios y asistencia - Pavesi Forni<\/title>\n<meta name=\"robots\" content=\"noindex, follow, max-snippet:-1, max-image-preview:large, max-video-preview:-1\" \/>\n<meta property=\"og:locale\" content=\"es_ES\" \/>\n<meta property=\"og:type\" content=\"article\" \/>\n<meta property=\"og:title\" content=\"Recambios y asistencia - Pavesi Forni\" \/>\n<meta property=\"og:url\" content=\"https:\/\/pavesi.sviluppokeyweb.com\/es\/recambios-y-asistencia\/\" \/>\n<meta property=\"og:site_name\" content=\"Pavesi Forni\" \/>\n<meta property=\"article:modified_time\" content=\"2025-06-19T11:02:28+00:00\" \/>\n<meta name=\"twitter:card\" content=\"summary_large_image\" \/>\n<meta name=\"twitter:label1\" content=\"Tiempo de lectura\" \/>\n\t<meta name=\"twitter:data1\" content=\"3 minutos\" \/>\n<script type=\"application\/ld+json\" class=\"yoast-schema-graph\">{\"@context\":\"https:\/\/schema.org\",\"@graph\":[{\"@type\":\"WebPage\",\"@id\":\"https:\/\/pavesi.sviluppokeyweb.com\/es\/recambios-y-asistencia\/\",\"url\":\"https:\/\/pavesi.sviluppokeyweb.com\/es\/recambios-y-asistencia\/\",\"name\":\"Recambios y asistencia - Pavesi Forni\",\"isPartOf\":{\"@id\":\"https:\/\/pavesi.sviluppokeyweb.com\/es\/#website\"},\"datePublished\":\"2024-11-11T07:15:26+00:00\",\"dateModified\":\"2025-06-19T11:02:28+00:00\",\"breadcrumb\":{\"@id\":\"https:\/\/pavesi.sviluppokeyweb.com\/es\/recambios-y-asistencia\/#breadcrumb\"},\"inLanguage\":\"es\",\"potentialAction\":[{\"@type\":\"ReadAction\",\"target\":[\"https:\/\/pavesi.sviluppokeyweb.com\/es\/recambios-y-asistencia\/\"]}]},{\"@type\":\"BreadcrumbList\",\"@id\":\"https:\/\/pavesi.sviluppokeyweb.com\/es\/recambios-y-asistencia\/#breadcrumb\",\"itemListElement\":[{\"@type\":\"ListItem\",\"position\":1,\"name\":\"Home\",\"item\":\"https:\/\/pavesi.sviluppokeyweb.com\/es\/\"},{\"@type\":\"ListItem\",\"position\":2,\"name\":\"Servicios\",\"item\":\"https:\/\/pavesi.sviluppokeyweb.com\/es\/servicios\/\"},{\"@type\":\"ListItem\",\"position\":3,\"name\":\"Recambios y asistencia\"}]},{\"@type\":\"WebSite\",\"@id\":\"https:\/\/pavesi.sviluppokeyweb.com\/es\/#website\",\"url\":\"https:\/\/pavesi.sviluppokeyweb.com\/es\/\",\"name\":\"Pavesi Forni\",\"description\":\"\",\"potentialAction\":[{\"@type\":\"SearchAction\",\"target\":{\"@type\":\"EntryPoint\",\"urlTemplate\":\"https:\/\/pavesi.sviluppokeyweb.com\/es\/?s={search_term_string}\"},\"query-input\":{\"@type\":\"PropertyValueSpecification\",\"valueRequired\":true,\"valueName\":\"search_term_string\"}}],\"inLanguage\":\"es\"}]}<\/script>\n<!-- \/ Yoast SEO plugin. -->","yoast_head_json":{"title":"Recambios y asistencia - Pavesi Forni","robots":{"index":"noindex","follow":"follow","max-snippet":"max-snippet:-1","max-image-preview":"max-image-preview:large","max-video-preview":"max-video-preview:-1"},"og_locale":"es_ES","og_type":"article","og_title":"Recambios y asistencia - Pavesi Forni","og_url":"https:\/\/pavesi.sviluppokeyweb.com\/es\/recambios-y-asistencia\/","og_site_name":"Pavesi Forni","article_modified_time":"2025-06-19T11:02:28+00:00","twitter_card":"summary_large_image","twitter_misc":{"Tiempo de lectura":"3 minutos"},"schema":{"@context":"https:\/\/schema.org","@graph":[{"@type":"WebPage","@id":"https:\/\/pavesi.sviluppokeyweb.com\/es\/recambios-y-asistencia\/","url":"https:\/\/pavesi.sviluppokeyweb.com\/es\/recambios-y-asistencia\/","name":"Recambios y asistencia - Pavesi Forni","isPartOf":{"@id":"https:\/\/pavesi.sviluppokeyweb.com\/es\/#website"},"datePublished":"2024-11-11T07:15:26+00:00","dateModified":"2025-06-19T11:02:28+00:00","breadcrumb":{"@id":"https:\/\/pavesi.sviluppokeyweb.com\/es\/recambios-y-asistencia\/#breadcrumb"},"inLanguage":"es","potentialAction":[{"@type":"ReadAction","target":["https:\/\/pavesi.sviluppokeyweb.com\/es\/recambios-y-asistencia\/"]}]},{"@type":"BreadcrumbList","@id":"https:\/\/pavesi.sviluppokeyweb.com\/es\/recambios-y-asistencia\/#breadcrumb","itemListElement":[{"@type":"ListItem","position":1,"name":"Home","item":"https:\/\/pavesi.sviluppokeyweb.com\/es\/"},{"@type":"ListItem","position":2,"name":"Servicios","item":"https:\/\/pavesi.sviluppokeyweb.com\/es\/servicios\/"},{"@type":"ListItem","position":3,"name":"Recambios y asistencia"}]},{"@type":"WebSite","@id":"https:\/\/pavesi.sviluppokeyweb.com\/es\/#website","url":"https:\/\/pavesi.sviluppokeyweb.com\/es\/","name":"Pavesi Forni","description":"","potentialAction":[{"@type":"SearchAction","target":{"@type":"EntryPoint","urlTemplate":"https:\/\/pavesi.sviluppokeyweb.com\/es\/?s={search_term_string}"},"query-input":{"@type":"PropertyValueSpecification","valueRequired":true,"valueName":"search_term_string"}}],"inLanguage":"es"}]}},"_links":{"self":[{"href":"https:\/\/pavesi.sviluppokeyweb.com\/es\/wp-json\/wp\/v2\/pages\/4293","targetHints":{"allow":["GET"]}}],"collection":[{"href":"https:\/\/pavesi.sviluppokeyweb.com\/es\/wp-json\/wp\/v2\/pages"}],"about":[{"href":"https:\/\/pavesi.sviluppokeyweb.com\/es\/wp-json\/wp\/v2\/types\/page"}],"author":[{"embeddable":true,"href":"https:\/\/pavesi.sviluppokeyweb.com\/es\/wp-json\/wp\/v2\/users\/1"}],"replies":[{"embeddable":true,"href":"https:\/\/pavesi.sviluppokeyweb.com\/es\/wp-json\/wp\/v2\/comments?post=4293"}],"version-history":[{"count":4,"href":"https:\/\/pavesi.sviluppokeyweb.com\/es\/wp-json\/wp\/v2\/pages\/4293\/revisions"}],"predecessor-version":[{"id":6106,"href":"https:\/\/pavesi.sviluppokeyweb.com\/es\/wp-json\/wp\/v2\/pages\/4293\/revisions\/6106"}],"up":[{"embeddable":true,"href":"https:\/\/pavesi.sviluppokeyweb.com\/es\/wp-json\/wp\/v2\/pages\/4289"}],"wp:attachment":[{"href":"https:\/\/pavesi.sviluppokeyweb.com\/es\/wp-json\/wp\/v2\/media?parent=4293"}],"curies":[{"name":"wp","href":"https:\/\/api.w.org\/{rel}","templated":true}]}}