{"id":4297,"date":"2024-11-11T07:14:07","date_gmt":"2024-11-11T07:14:07","guid":{"rendered":"https:\/\/pavesi.sviluppokeyweb.com\/forni-professionali-fatti-a-mano\/vendita-montaggio-accensione-forni-professionali\/"},"modified":"2025-06-19T11:02:22","modified_gmt":"2025-06-19T11:02:22","slug":"instalacion-y-encendido","status":"publish","type":"page","link":"https:\/\/pavesi.sviluppokeyweb.com\/es\/instalacion-y-encendido\/","title":{"rendered":"Instalaci\u00f3n y encendido"},"content":{"rendered":"\n\t<section class=\"section\" id=\"section_760624049\">\n\t\t<div class=\"section-bg fill\" >\n\t\t\t<img loading=\"lazy\" decoding=\"async\" width=\"1920\" height=\"400\" src=\"https:\/\/pavesi.sviluppokeyweb.com\/wp-content\/uploads\/2024\/11\/slide-tioli.webp\" class=\"bg attachment-original size-original\" alt=\"\" \/>\t\t\t\t\t\t\n\t\t\t\n\n\t\t<\/div>\n\n\t\t\n\n\t\t<div class=\"section-content relative\">\n\t\t\t\n\n<div class=\"row\"  id=\"row-227477484\">\n\n\n\t<div id=\"col-4735172\" class=\"col small-12 large-12\"  >\n\t\t\t\t<div class=\"col-inner\"  >\n\t\t\t\n\t\t\t\n\n  <div id=\"page-header-2140518488\" class=\"page-header-wrapper\">\r\n  <div class=\"page-title dark simple-title\">\r\n\r\n    \r\n    <div class=\"page-title-inner container align-center flex-row medium-flex-wrap\" >\r\n              <div class=\"title-wrapper flex-col text-left medium-text-center\">\r\n          <p class=\"entry-title mb-0 sofi\">\r\n            Instalaci\u00f3n y encendido          <\/p>\r\n        <\/div>\r\n                    <div class=\"title-content flex-col flex-right text-right medium-text-center\">\r\n        <div class=\"title-breadcrumbs pb-half pt-half\"><\/div>      <\/div>\r\n    <\/div>\r\n\r\n       <\/div>\r\n    <\/div>\r\n  \n\n\n\t\t<\/div>\n\t\t\t\t\t<\/div>\n\n\t\n\n<\/div>\n\n\t\t<\/div>\n\n\t\t\n<style>\n#section_760624049 {\n  padding-top: 30px;\n  padding-bottom: 30px;\n  min-height: 300px;\n}\n<\/style>\n\t<\/section>\n\t\n\n\t<section class=\"section\" id=\"section_1390188134\">\n\t\t<div class=\"section-bg fill\" >\n\t\t\t\t\t\t\t\t\t\n\t\t\t\n\n\t\t<\/div>\n\n\t\t\n\n\t\t<div class=\"section-content relative\">\n\t\t\t\n\t<div id=\"gap-1993741250\" class=\"gap-element clearfix\" style=\"display:block; height:auto;\">\n\t\t\n<style>\n#gap-1993741250 {\n  padding-top: 30px;\n}\n<\/style>\n\t<\/div>\n\t\n<div class=\"row row-large align-equal\"  id=\"row-1720365715\">\n\n\t<div id=\"col-1889847034\" class=\"col medium-6 small-12 large-6\"  >\n\t\t\t\t<div class=\"col-inner\"  >\n\t\t\t\n\t\t\t\n\t<div id=\"text-213539284\" class=\"text\">\n\t\t\n<h1>Venta e instalaci\u00f3n de hornos profesionales giratorios y tradicionales<\/h1>\n\t\t\n<style>\n#text-213539284 {\n  font-size: 2.25rem;\n  line-height: 1.25;\n}\n<\/style>\n\t<\/div>\n\t\n<p>Desde <strong>1969<\/strong>, Pavesi produce <strong>hornos de llama viva de le\u00f1a, de gas y combinados<\/strong> y los vende <strong>en todo el mundo<\/strong>. La estructura de nuestra empresa nos permite ofrecer un servicio completo no solo en lo concerniente a la producci\u00f3n a medida, sino tambi\u00e9n a la entrega, instalaci\u00f3n y encendido de los hornos.<\/p>\n<p>Gracias a una amplia red de distribuidores, podemos ocuparnos de todas las fases posteriores a la venta, llegando a nuestros clientes en cualquier lugar y <strong>en poco tiempo<\/strong> para garantizar el montaje, encendido y tambi\u00e9n la asistencia (el tiempo m\u00e1ximo de respuesta desde la confirmaci\u00f3n del pedido a la entrega del producto para su env\u00edo es de <strong>30 d\u00edas<\/strong>. Nuestros hornos profesionales se env\u00edan <strong>tanto premontados como con kit de montaje<\/strong>.<\/p>\n\t<div id=\"gap-1156245654\" class=\"gap-element clearfix\" style=\"display:block; height:auto;\">\n\t\t\n<style>\n#gap-1156245654 {\n  padding-top: 25px;\n}\n<\/style>\n\t<\/div>\n\t\n\n  <div class=\"banner has-hover\" id=\"banner-891247442\">\n          <div class=\"banner-inner fill\">\n        <div class=\"banner-bg fill\" >\n            <img loading=\"lazy\" decoding=\"async\" width=\"800\" height=\"800\" src=\"https:\/\/pavesi.sviluppokeyweb.com\/wp-content\/uploads\/2025\/01\/Montaggio-di-forno-tradizionale-Pavesi-in-ristorante-800x800.webp\" class=\"bg attachment-large size-large\" alt=\"Montaggio di forno tradizionale Pavesi in ristorante\" \/>                                    \n                    <\/div>\n\t\t\n        <div class=\"banner-layers container\">\n            <div class=\"fill banner-link\"><\/div>            \n   <div id=\"text-box-715831565\" class=\"text-box banner-layer x50 md-x50 lg-x50 y50 md-y50 lg-y50 res-text\">\n                                <div class=\"text-box-content text dark\">\n              \n              <div class=\"text-inner text-center\">\n                  \n              <\/div>\n           <\/div>\n                            \n<style>\n#text-box-715831565 {\n  width: 60%;\n}\n#text-box-715831565 .text-box-content {\n  font-size: 100%;\n}\n@media (min-width:550px) {\n  #text-box-715831565 {\n    width: 60%;\n  }\n}\n<\/style>\n    <\/div>\n \n        <\/div>\n      <\/div>\n\n            \n<style>\n#banner-891247442 {\n  padding-top: 99.99%;\n  background-color: rgba(255, 255, 255, 0);\n}\n@media (min-width:550px) {\n  #banner-891247442 {\n    padding-top: 550px;\n  }\n}\n<\/style>\n  <\/div>\n\n\n\t\t<\/div>\n\t\t\t\t\t<\/div>\n\n\t\n\n\t<div id=\"col-1550842626\" class=\"col medium-6 small-12 large-6\"  >\n\t\t\t\t<div class=\"col-inner\"  >\n\t\t\t\n\t\t\t\n\n  <div class=\"banner has-hover\" id=\"banner-1660250915\">\n          <div class=\"banner-inner fill\">\n        <div class=\"banner-bg fill\" >\n            <img loading=\"lazy\" decoding=\"async\" width=\"800\" height=\"800\" src=\"https:\/\/pavesi.sviluppokeyweb.com\/wp-content\/uploads\/2025\/01\/Forno-pavesi-professionale-installato-in-ristorante-800x800.webp\" class=\"bg attachment-large size-large\" alt=\"Forno pavesi professionale installato in ristorante\" \/>                                    \n                    <\/div>\n\t\t\n        <div class=\"banner-layers container\">\n            <div class=\"fill banner-link\"><\/div>            \n   <div id=\"text-box-697261632\" class=\"text-box banner-layer x50 md-x50 lg-x50 y50 md-y50 lg-y50 res-text\">\n                                <div class=\"text-box-content text dark\">\n              \n              <div class=\"text-inner text-center\">\n                  \n              <\/div>\n           <\/div>\n                            \n<style>\n#text-box-697261632 {\n  width: 60%;\n}\n#text-box-697261632 .text-box-content {\n  font-size: 100%;\n}\n@media (min-width:550px) {\n  #text-box-697261632 {\n    width: 60%;\n  }\n}\n<\/style>\n    <\/div>\n \n        <\/div>\n      <\/div>\n\n            \n<style>\n#banner-1660250915 {\n  padding-top: 99.99%;\n  background-color: rgba(255, 255, 255, 0);\n}\n@media (min-width:550px) {\n  #banner-1660250915 {\n    padding-top: 550px;\n  }\n}\n<\/style>\n  <\/div>\n\n\n\t<div id=\"gap-1285910975\" class=\"gap-element clearfix\" style=\"display:block; height:auto;\">\n\t\t\n<style>\n#gap-1285910975 {\n  padding-top: 30px;\n}\n<\/style>\n\t<\/div>\n\t\n<p><strong>Cont\u00e1ctenos para solicitar presupuesto sin compromiso: estamos a su completa disposici\u00f3n. <\/strong>El transporte de nuestros hornos en un radio de 200 km de distancia de nuestra sede, en la provincia di M\u00f3dena, es <strong>gratuito<\/strong>.<\/p>\n<a href=\"https:\/\/pavesi.sviluppokeyweb.com\/es\/contacto\/\" class=\"button primary\"  style=\"padding:0px 50px 0px 50px;\">\n\t\t<span>Cont\u00e1ctenos<\/span>\n\t<\/a>\n\n\t\t<\/div>\n\t\t\t\t\t<\/div>\n\n\t\n<\/div>\n\t\t<\/div>\n\n\t\t\n<style>\n#section_1390188134 {\n  padding-top: 50px;\n  padding-bottom: 50px;\n}\n<\/style>\n\t<\/section>\n\t\n\n\t<section class=\"section dark\" id=\"section_878854853\">\n\t\t<div class=\"section-bg fill\" >\n\t\t\t\t\t\t\t\t\t\n\t\t\t\n\n\t\t<\/div>\n\n\t\t\n\n\t\t<div class=\"section-content relative\">\n\t\t\t\n<div class=\"row\"  id=\"row-1343723188\">\n\n\t<div id=\"col-1376518881\" class=\"col small-12 large-12\"  >\n\t\t\t\t<div class=\"col-inner\"  >\n\t\t\t\n\t\t\t\n\t<div id=\"gap-1460736946\" class=\"gap-element clearfix\" style=\"display:block; height:auto;\">\n\t\t\n<style>\n#gap-1460736946 {\n  padding-top: 30px;\n}\n<\/style>\n\t<\/div>\n\t\n\t<div id=\"stack-827237194\" class=\"stack stack-row justify-between items-stretch\">\n\t\t\n\t<div id=\"text-1130940163\" class=\"text\">\n\t\t\n<h2>Instalaci\u00f3n y encendido en todo el mundo<\/h2>\n\t\t\n<style>\n#text-1130940163 {\n  font-size: 2rem;\n  line-height: 0.75;\n}\n<\/style>\n\t<\/div>\n\t\n\t\t\n<style>\n#stack-827237194 > * {\n  --stack-gap: 0rem;\n}\n<\/style>\n\t<\/div>\n\t\n\t\t<\/div>\n\t\t\t\t\t<\/div>\n\n\t\n<\/div>\n<div class=\"row row-large\"  id=\"row-2087307764\">\n\n\t<div id=\"col-1384117303\" class=\"col medium-6 small-12 large-6\"  >\n\t\t\t\t<div class=\"col-inner\"  >\n\t\t\t\n\t\t\t\n<p>Podemos ofrecer a nuestros clientes un <strong>servicio completo<\/strong> en todos los sentidos: tras la fase de dise\u00f1o y producci\u00f3n a medida de nuestros hornos profesionales con superficie monobloque giratoria o fija, de le\u00f1a, de gas o combinados, estamos a completa disposici\u00f3n de nuestros clientes para <strong>la instalaci\u00f3n, el montaje y el encendido \u00abin situ\u00bb. <\/strong><\/p>\n\t\t<\/div>\n\t\t\t\t\t<\/div>\n\n\t\n\n\t<div id=\"col-1119391337\" class=\"col medium-6 small-12 large-6\"  >\n\t\t\t\t<div class=\"col-inner\"  >\n\t\t\t\n\t\t\t\n<p>Pese a que nuestros hornos son f\u00e1ciles de utilizar, intuitivos y c\u00f3modos, nos preocupamos por que se utilicen de forma correcta para garantizar su duraci\u00f3n a lo largo del tiempo y el m\u00e1ximo de su potencial: un equipo de t\u00e9cnicos expertos le indicar\u00e1 los pasos para el encendido y los modos de uso, estando <strong>siempre a su disposici\u00f3n, incluso despu\u00e9s de la instalaci\u00f3n. <\/strong><\/p>\n<a class=\"button primary is-link\"  >\n\t\t<span>read more<\/span>\n\t<i class=\"icon-angle-right\" aria-hidden=\"true\" ><\/i><\/a>\n\n\t\t<\/div>\n\t\t\t\t\t<\/div>\n\n\t\n<\/div>\n\t\t<\/div>\n\n\t\t\n<style>\n#section_878854853 {\n  padding-top: 50px;\n  padding-bottom: 50px;\n  background-color: rgb(54, 54, 54);\n}\n<\/style>\n\t<\/section>\n\t\n\n\t<section class=\"section\" id=\"section_1707035899\">\n\t\t<div class=\"section-bg fill\" >\n\t\t\t\t\t\t\t\t\t\n\t\t\t\n\n\t\t<\/div>\n\n\t\t\n\n\t\t<div class=\"section-content relative\">\n\t\t\t\n\t<div id=\"gap-139579283\" class=\"gap-element clearfix\" style=\"display:block; height:auto;\">\n\t\t\n<style>\n#gap-139579283 {\n  padding-top: 30px;\n}\n<\/style>\n\t<\/div>\n\t\n<div class=\"row row-small align-middle\"  id=\"row-1989814774\">\n\n\t<div id=\"col-542907791\" class=\"col medium-6 small-12 large-3\"  >\n\t\t\t\t<div class=\"col-inner\"  >\n\t\t\t\n\t\t\t\n\n  <div class=\"banner has-hover\" id=\"banner-1055685298\">\n          <div class=\"banner-inner fill\">\n        <div class=\"banner-bg fill\" >\n            <img loading=\"lazy\" decoding=\"async\" width=\"1000\" height=\"800\" src=\"https:\/\/pavesi.sviluppokeyweb.com\/wp-content\/uploads\/2025\/01\/Interno-di-forno-Pavesi-installato-e-montato.webp\" class=\"bg attachment-large size-large\" alt=\"Interno di forno Pavesi installato e montato\" \/>                                    \n                    <\/div>\n\t\t\n        <div class=\"banner-layers container\">\n            <div class=\"fill banner-link\"><\/div>            \n   <div id=\"text-box-2129594445\" class=\"text-box banner-layer x50 md-x50 lg-x50 y50 md-y50 lg-y50 res-text\">\n                                <div class=\"text-box-content text dark\">\n              \n              <div class=\"text-inner text-center\">\n                  \n              <\/div>\n           <\/div>\n                            \n<style>\n#text-box-2129594445 {\n  width: 60%;\n}\n#text-box-2129594445 .text-box-content {\n  font-size: 100%;\n}\n@media (min-width:550px) {\n  #text-box-2129594445 {\n    width: 60%;\n  }\n}\n<\/style>\n    <\/div>\n \n        <\/div>\n      <\/div>\n\n            \n<style>\n#banner-1055685298 {\n  padding-top: 99.99%;\n  background-color: rgb(255, 255, 255);\n}\n#banner-1055685298 .banner-bg img {\n  object-position: 42% 21%;\n}\n@media (min-width:550px) {\n  #banner-1055685298 {\n    padding-top: 400px;\n  }\n}\n@media (min-width:850px) {\n  #banner-1055685298 {\n    padding-top: 300px;\n  }\n}\n<\/style>\n  <\/div>\n\n\n\t\t<\/div>\n\t\t\t\t\t<\/div>\n\n\t\n\n\t<div id=\"col-805639748\" class=\"col medium-6 small-12 large-3\"  >\n\t\t\t\t<div class=\"col-inner\"  >\n\t\t\t\n\t\t\t\n\n  <div class=\"banner has-hover\" id=\"banner-766573670\">\n          <div class=\"banner-inner fill\">\n        <div class=\"banner-bg fill\" >\n            <img loading=\"lazy\" decoding=\"async\" width=\"500\" height=\"625\" src=\"https:\/\/pavesi.sviluppokeyweb.com\/wp-content\/uploads\/2025\/01\/Pizzaiolo-inforna-pizza-in-forno-Pavesi.webp\" class=\"bg attachment-large size-large\" alt=\"Pizzaiolo inforna pizza in forno Pavesi\" \/>                                    \n                    <\/div>\n\t\t\n        <div class=\"banner-layers container\">\n            <div class=\"fill banner-link\"><\/div>            \n   <div id=\"text-box-1662803965\" class=\"text-box banner-layer x50 md-x50 lg-x50 y50 md-y50 lg-y50 res-text\">\n                                <div class=\"text-box-content text dark\">\n              \n              <div class=\"text-inner text-center\">\n                  \n              <\/div>\n           <\/div>\n                            \n<style>\n#text-box-1662803965 {\n  width: 60%;\n}\n#text-box-1662803965 .text-box-content {\n  font-size: 100%;\n}\n@media (min-width:550px) {\n  #text-box-1662803965 {\n    width: 60%;\n  }\n}\n<\/style>\n    <\/div>\n \n        <\/div>\n      <\/div>\n\n            \n<style>\n#banner-766573670 {\n  padding-top: 99.99%;\n  background-color: rgb(255, 255, 255);\n}\n#banner-766573670 .banner-bg img {\n  object-position: 50% 78%;\n}\n@media (min-width:550px) {\n  #banner-766573670 {\n    padding-top: 400px;\n  }\n}\n@media (min-width:850px) {\n  #banner-766573670 {\n    padding-top: 420px;\n  }\n}\n<\/style>\n  <\/div>\n\n\n\t\t<\/div>\n\t\t\t\t\t<\/div>\n\n\t\n\n\t<div id=\"col-81202980\" class=\"col medium-12 small-12 large-6\"  >\n\t\t\t\t<div class=\"col-inner\"  >\n\t\t\t\n\t\t\t\n\t<div id=\"gap-2057221846\" class=\"gap-element clearfix\" style=\"display:block; height:auto;\">\n\t\t\n<style>\n#gap-2057221846 {\n  padding-top: 15px;\n}\n@media (min-width:850px) {\n  #gap-2057221846 {\n    padding-top: 30px;\n  }\n}\n<\/style>\n\t<\/div>\n\t\n\t<div id=\"text-1501147942\" class=\"text\">\n\t\t\n<h2>Solicite el env\u00edo de hornos premontados o con kit de montaje<\/h2>\n\t\t\n<style>\n#text-1501147942 {\n  font-size: 1.5rem;\n}\n<\/style>\n\t<\/div>\n\t\n<p>Para facilitar el env\u00edo y la entrega y ofrecer diferentes opciones a nuestros clientes, tambi\u00e9n ofrecemos la posibilidad de solicitar el env\u00edo de hornos <strong>ya montados<\/strong> en nuestra empresa o <strong>con kit de montaje<\/strong>, para poder instalar el horno f\u00e1cilmente (el kit contempla la entrega del horno desmontado, acompa\u00f1ado de todos los materiales necesarios para su montaje). De este modo, el cliente podr\u00e1 gestionar de forma totalmente aut\u00f3noma la entrega del horno: nuestro servicio de <strong>asistencia<\/strong> estar\u00e1, por supuesto, siempre a disposici\u00f3n para resolver cualquier pregunta o duda.<\/p>\n<p>Si acude a nosotros, encontrar\u00e1 una <strong>empresa consolidad que opera en todo el mundo: no dude en contactarnos<\/strong> para encontrar, junto a nuestros expertos, la soluci\u00f3n que m\u00e1s le convenga, desde el modelo y del dise\u00f1o hasta la elecci\u00f3n de la modalidad de entrega.<\/p>\n\t\t<\/div>\n\t\t\t\t\n<style>\n#col-81202980 > .col-inner {\n  padding: 0px 0px 0px 0;\n}\n@media (min-width:850px) {\n  #col-81202980 > .col-inner {\n    padding: 0px 0px 0px 10%;\n  }\n}\n<\/style>\n\t<\/div>\n\n\t\n<\/div>\n\t\t<\/div>\n\n\t\t\n<style>\n#section_1707035899 {\n  padding-top: 30px;\n  padding-bottom: 30px;\n}\n<\/style>\n\t<\/section>\n\t\n\n  <div class=\"banner has-hover has-parallax\" id=\"banner-1809770139\">\n          <div class=\"banner-inner fill\">\n        <div class=\"banner-bg fill\" data-parallax=\"-4\" data-parallax-container=\".banner\" data-parallax-background>\n            <img loading=\"lazy\" decoding=\"async\" width=\"2500\" height=\"1670\" src=\"https:\/\/pavesi.sviluppokeyweb.com\/wp-content\/uploads\/2024\/11\/image-1.png\" class=\"bg attachment-original size-original\" alt=\"\" \/>                        <div class=\"overlay\"><\/div>            \n                    <\/div>\n\t\t\n        <div class=\"banner-layers container\">\n            <div class=\"fill banner-link\"><\/div>            \n\n   <div id=\"text-box-23364071\" class=\"text-box banner-layer x50 md-x50 lg-x50 y50 md-y50 lg-y50 res-text\">\n                                <div class=\"text-box-content text dark\">\n              \n              <div class=\"text-inner text-center\">\n                  \n\n<h2>Descubra c\u00f3mo cambia la pizza con un horno Pavesi<\/h2>\n<p class=\"lead\">Contacte con nosotros y solicite presupuesto<\/p>\n<a href=\"https:\/\/pavesi.sviluppokeyweb.com\/es\/contacto\/\" class=\"button white\"  style=\"border-radius:3px;padding:0px 30px 0px 30px;\">\n\t\t<span>Cont\u00e1ctenos<\/span>\n\t<\/a>\n\n\n\n              <\/div>\n           <\/div>\n                            \n<style>\n#text-box-23364071 .text-inner {\n  padding: 30px 0px 0px 0px;\n}\n#text-box-23364071 {\n  width: 83%;\n}\n#text-box-23364071 .text-box-content {\n  font-size: 100%;\n}\n@media (min-width:550px) {\n  #text-box-23364071 {\n    width: 81%;\n  }\n}\n@media (min-width:850px) {\n  #text-box-23364071 {\n    width: 61%;\n  }\n}\n<\/style>\n    <\/div>\n \n   <div id=\"text-box-1108868350\" class=\"text-box banner-layer x50 md-x50 lg-x50 y100 md-y100 lg-y100 res-text\">\n                                <div class=\"text-box-content text dark\">\n              \n              <div class=\"text-inner text-center\">\n                  \n\n\t<div id=\"gap-2060113855\" class=\"gap-element clearfix\" style=\"display:block; height:auto;\">\n\t\t\n<style>\n#gap-2060113855 {\n  padding-top: 18px;\n}\n<\/style>\n\t<\/div>\n\t\n\n\n              <\/div>\n           <\/div>\n                            \n<style>\n#text-box-1108868350 {\n  width: 60%;\n}\n#text-box-1108868350 .text-box-content {\n  font-size: 100%;\n}\n<\/style>\n    <\/div>\n \n\n        <\/div>\n      <\/div>\n\n            \n<style>\n#banner-1809770139 {\n  padding-top: 140%;\n}\n#banner-1809770139 .overlay {\n  background-color: rgba(5, 0, 0, 0.721);\n}\n#banner-1809770139 .banner-bg img {\n  object-position: 100% 54%;\n}\n@media (min-width:550px) {\n  #banner-1809770139 {\n    padding-top: 75%;\n  }\n}\n@media (min-width:850px) {\n  #banner-1809770139 {\n    padding-top: 50%;\n  }\n}\n<\/style>\n  <\/div>\n\n\n","protected":false},"excerpt":{"rendered":"","protected":false},"author":1,"featured_media":0,"parent":4289,"menu_order":0,"comment_status":"closed","ping_status":"closed","template":"page-blank.php","meta":{"_acf_changed":false,"inline_featured_image":false,"footnotes":""},"class_list":["post-4297","page","type-page","status-publish","hentry"],"acf":[],"yoast_head":"<!-- This site is optimized with the Yoast SEO plugin v25.3.1 - https:\/\/yoast.com\/wordpress\/plugins\/seo\/ -->\n<title>Instalaci\u00f3n y encendido - Pavesi Forni<\/title>\n<meta name=\"robots\" content=\"noindex, follow, max-snippet:-1, max-image-preview:large, max-video-preview:-1\" \/>\n<meta property=\"og:locale\" content=\"es_ES\" \/>\n<meta property=\"og:type\" content=\"article\" \/>\n<meta property=\"og:title\" content=\"Instalaci\u00f3n y encendido - Pavesi Forni\" \/>\n<meta property=\"og:url\" content=\"https:\/\/pavesi.sviluppokeyweb.com\/es\/instalacion-y-encendido\/\" \/>\n<meta property=\"og:site_name\" content=\"Pavesi Forni\" \/>\n<meta property=\"article:modified_time\" content=\"2025-06-19T11:02:22+00:00\" \/>\n<meta name=\"twitter:card\" content=\"summary_large_image\" \/>\n<meta name=\"twitter:label1\" content=\"Tiempo de lectura\" \/>\n\t<meta name=\"twitter:data1\" content=\"4 minutos\" \/>\n<script type=\"application\/ld+json\" class=\"yoast-schema-graph\">{\"@context\":\"https:\/\/schema.org\",\"@graph\":[{\"@type\":\"WebPage\",\"@id\":\"https:\/\/pavesi.sviluppokeyweb.com\/es\/instalacion-y-encendido\/\",\"url\":\"https:\/\/pavesi.sviluppokeyweb.com\/es\/instalacion-y-encendido\/\",\"name\":\"Instalaci\u00f3n y encendido - Pavesi Forni\",\"isPartOf\":{\"@id\":\"https:\/\/pavesi.sviluppokeyweb.com\/es\/#website\"},\"datePublished\":\"2024-11-11T07:14:07+00:00\",\"dateModified\":\"2025-06-19T11:02:22+00:00\",\"breadcrumb\":{\"@id\":\"https:\/\/pavesi.sviluppokeyweb.com\/es\/instalacion-y-encendido\/#breadcrumb\"},\"inLanguage\":\"es\",\"potentialAction\":[{\"@type\":\"ReadAction\",\"target\":[\"https:\/\/pavesi.sviluppokeyweb.com\/es\/instalacion-y-encendido\/\"]}]},{\"@type\":\"BreadcrumbList\",\"@id\":\"https:\/\/pavesi.sviluppokeyweb.com\/es\/instalacion-y-encendido\/#breadcrumb\",\"itemListElement\":[{\"@type\":\"ListItem\",\"position\":1,\"name\":\"Home\",\"item\":\"https:\/\/pavesi.sviluppokeyweb.com\/es\/\"},{\"@type\":\"ListItem\",\"position\":2,\"name\":\"Servicios\",\"item\":\"https:\/\/pavesi.sviluppokeyweb.com\/es\/servicios\/\"},{\"@type\":\"ListItem\",\"position\":3,\"name\":\"Instalaci\u00f3n y encendido\"}]},{\"@type\":\"WebSite\",\"@id\":\"https:\/\/pavesi.sviluppokeyweb.com\/es\/#website\",\"url\":\"https:\/\/pavesi.sviluppokeyweb.com\/es\/\",\"name\":\"Pavesi Forni\",\"description\":\"\",\"potentialAction\":[{\"@type\":\"SearchAction\",\"target\":{\"@type\":\"EntryPoint\",\"urlTemplate\":\"https:\/\/pavesi.sviluppokeyweb.com\/es\/?s={search_term_string}\"},\"query-input\":{\"@type\":\"PropertyValueSpecification\",\"valueRequired\":true,\"valueName\":\"search_term_string\"}}],\"inLanguage\":\"es\"}]}<\/script>\n<!-- \/ Yoast SEO plugin. -->","yoast_head_json":{"title":"Instalaci\u00f3n y encendido - Pavesi Forni","robots":{"index":"noindex","follow":"follow","max-snippet":"max-snippet:-1","max-image-preview":"max-image-preview:large","max-video-preview":"max-video-preview:-1"},"og_locale":"es_ES","og_type":"article","og_title":"Instalaci\u00f3n y encendido - Pavesi Forni","og_url":"https:\/\/pavesi.sviluppokeyweb.com\/es\/instalacion-y-encendido\/","og_site_name":"Pavesi Forni","article_modified_time":"2025-06-19T11:02:22+00:00","twitter_card":"summary_large_image","twitter_misc":{"Tiempo de lectura":"4 minutos"},"schema":{"@context":"https:\/\/schema.org","@graph":[{"@type":"WebPage","@id":"https:\/\/pavesi.sviluppokeyweb.com\/es\/instalacion-y-encendido\/","url":"https:\/\/pavesi.sviluppokeyweb.com\/es\/instalacion-y-encendido\/","name":"Instalaci\u00f3n y encendido - Pavesi Forni","isPartOf":{"@id":"https:\/\/pavesi.sviluppokeyweb.com\/es\/#website"},"datePublished":"2024-11-11T07:14:07+00:00","dateModified":"2025-06-19T11:02:22+00:00","breadcrumb":{"@id":"https:\/\/pavesi.sviluppokeyweb.com\/es\/instalacion-y-encendido\/#breadcrumb"},"inLanguage":"es","potentialAction":[{"@type":"ReadAction","target":["https:\/\/pavesi.sviluppokeyweb.com\/es\/instalacion-y-encendido\/"]}]},{"@type":"BreadcrumbList","@id":"https:\/\/pavesi.sviluppokeyweb.com\/es\/instalacion-y-encendido\/#breadcrumb","itemListElement":[{"@type":"ListItem","position":1,"name":"Home","item":"https:\/\/pavesi.sviluppokeyweb.com\/es\/"},{"@type":"ListItem","position":2,"name":"Servicios","item":"https:\/\/pavesi.sviluppokeyweb.com\/es\/servicios\/"},{"@type":"ListItem","position":3,"name":"Instalaci\u00f3n y encendido"}]},{"@type":"WebSite","@id":"https:\/\/pavesi.sviluppokeyweb.com\/es\/#website","url":"https:\/\/pavesi.sviluppokeyweb.com\/es\/","name":"Pavesi Forni","description":"","potentialAction":[{"@type":"SearchAction","target":{"@type":"EntryPoint","urlTemplate":"https:\/\/pavesi.sviluppokeyweb.com\/es\/?s={search_term_string}"},"query-input":{"@type":"PropertyValueSpecification","valueRequired":true,"valueName":"search_term_string"}}],"inLanguage":"es"}]}},"_links":{"self":[{"href":"https:\/\/pavesi.sviluppokeyweb.com\/es\/wp-json\/wp\/v2\/pages\/4297","targetHints":{"allow":["GET"]}}],"collection":[{"href":"https:\/\/pavesi.sviluppokeyweb.com\/es\/wp-json\/wp\/v2\/pages"}],"about":[{"href":"https:\/\/pavesi.sviluppokeyweb.com\/es\/wp-json\/wp\/v2\/types\/page"}],"author":[{"embeddable":true,"href":"https:\/\/pavesi.sviluppokeyweb.com\/es\/wp-json\/wp\/v2\/users\/1"}],"replies":[{"embeddable":true,"href":"https:\/\/pavesi.sviluppokeyweb.com\/es\/wp-json\/wp\/v2\/comments?post=4297"}],"version-history":[{"count":4,"href":"https:\/\/pavesi.sviluppokeyweb.com\/es\/wp-json\/wp\/v2\/pages\/4297\/revisions"}],"predecessor-version":[{"id":6104,"href":"https:\/\/pavesi.sviluppokeyweb.com\/es\/wp-json\/wp\/v2\/pages\/4297\/revisions\/6104"}],"up":[{"embeddable":true,"href":"https:\/\/pavesi.sviluppokeyweb.com\/es\/wp-json\/wp\/v2\/pages\/4289"}],"wp:attachment":[{"href":"https:\/\/pavesi.sviluppokeyweb.com\/es\/wp-json\/wp\/v2\/media?parent=4297"}],"curies":[{"name":"wp","href":"https:\/\/api.w.org\/{rel}","templated":true}]}}