{"id":4317,"date":"2024-11-11T06:44:35","date_gmt":"2024-11-11T06:44:35","guid":{"rendered":"https:\/\/pavesi.sviluppokeyweb.com\/ditta-forni-professionali-fiamma-libera\/sostenibilita-ambientale\/"},"modified":"2025-06-19T11:01:46","modified_gmt":"2025-06-19T11:01:46","slug":"sostenibilidad","status":"publish","type":"page","link":"https:\/\/pavesi.sviluppokeyweb.com\/es\/sostenibilidad\/","title":{"rendered":"Sostenibilidad"},"content":{"rendered":"\n\t<section class=\"section\" id=\"section_1925303333\">\n\t\t<div class=\"section-bg fill\" >\n\t\t\t<img loading=\"lazy\" decoding=\"async\" width=\"1920\" height=\"400\" src=\"https:\/\/pavesi.sviluppokeyweb.com\/wp-content\/uploads\/2024\/11\/slide-tioli.webp\" class=\"bg attachment-original size-original\" alt=\"\" \/>\t\t\t\t\t\t\n\t\t\t\n\n\t\t<\/div>\n\n\t\t\n\n\t\t<div class=\"section-content relative\">\n\t\t\t\n\n<div class=\"row\"  id=\"row-961276695\">\n\n\n\t<div id=\"col-1288384724\" class=\"col small-12 large-12\"  >\n\t\t\t\t<div class=\"col-inner\"  >\n\t\t\t\n\t\t\t\n\n  <div id=\"page-header-414102355\" class=\"page-header-wrapper\">\r\n  <div class=\"page-title dark simple-title\">\r\n\r\n    \r\n    <div class=\"page-title-inner container align-center flex-row medium-flex-wrap\" >\r\n              <div class=\"title-wrapper flex-col text-left medium-text-center\">\r\n          <p class=\"entry-title mb-0 sofi\">\r\n            Sostenibilidad          <\/p>\r\n        <\/div>\r\n                    <div class=\"title-content flex-col flex-right text-right medium-text-center\">\r\n        <div class=\"title-breadcrumbs pb-half pt-half\"><\/div>      <\/div>\r\n    <\/div>\r\n\r\n       <\/div>\r\n    <\/div>\r\n  \n\n\n\t\t<\/div>\n\t\t\t\t\t<\/div>\n\n\t\n\n<\/div>\n\n\t\t<\/div>\n\n\t\t\n<style>\n#section_1925303333 {\n  padding-top: 30px;\n  padding-bottom: 30px;\n  min-height: 300px;\n}\n<\/style>\n\t<\/section>\n\t\n\n\t<section class=\"section\" id=\"section_1463049046\">\n\t\t<div class=\"section-bg fill\" >\n\t\t\t\t\t\t\t\t\t\n\t\t\t\n\n\t\t<\/div>\n\n\t\t\n\n\t\t<div class=\"section-content relative\">\n\t\t\t\n<div class=\"row\"  id=\"row-1894129335\">\n\n\t<div id=\"col-2125275429\" class=\"col medium-8 small-12 large-6\"  data-animate=\"bounceInRight\">\n\t\t\t\t<div class=\"col-inner\"  >\n\t\t\t\n\t\t\t\n<h1>La sostenibilidad medioambiental de nuestros hornos<\/h1>\n<p>M\u00e1s de cincuenta a\u00f1os de experiencia, un saber hacer consolidado y un panorama de innovaci\u00f3n y conocimiento t\u00e9cnico como el que se encuentra en la provincia de M\u00f3dena solo pueden conducir a una <strong>producci\u00f3n siempre actualizada y atenta a las nuevas necesidades<\/strong>. Por ello, la b\u00fasqueda de la <strong>sostenibilidad medioambiental<\/strong> no puede faltar en la producci\u00f3n de nuestros hornos de le\u00f1a, de gas y combinados para panader\u00eda, dise\u00f1ados para <strong>mejorar el consumo <\/strong>y <strong>reducir los desperdicios. <\/strong><\/p>\n<p>Nuestros hornos se fabrican a mano <strong>respetando el medioambiente<\/strong>, desde la elecci\u00f3n de materias primas hasta las prestaciones de los productos finales, pasando por la optimizaci\u00f3n de los procesos de producci\u00f3n. Gracias a esta caracter\u00edstica, muchos restauradores de todo el mundo valoran particularmente nuestros hornos de alto rendimiento.<\/p>\n<p><strong>\u00a1Contacte con nosotros para obtener m\u00e1s informaci\u00f3n! <\/strong><\/p>\n<a href=\"https:\/\/pavesi.sviluppokeyweb.com\/es\/contacto\/\" class=\"button primary\"  style=\"padding:0px 50px 0px 50px;\">\n\t\t<span>Cont\u00e1ctenos<\/span>\n\t<\/a>\n\n\t\t<\/div>\n\t\t\t\t\t<\/div>\n\n\t\n\n\t<div id=\"col-1796588301\" class=\"col medium-4 small-12 large-6\"  data-animate=\"bounceInLeft\">\n\t\t\t\t<div class=\"col-inner\"  >\n\t\t\t\n\t\t\t\n\t<div class=\"img has-hover x md-x lg-x y md-y lg-y\" id=\"image_1434307327\">\n\t\t\t\t\t\t\t\t<div class=\"img-inner dark\" >\n\t\t\t<img loading=\"lazy\" decoding=\"async\" width=\"840\" height=\"672\" src=\"https:\/\/pavesi.sviluppokeyweb.com\/wp-content\/uploads\/2025\/01\/Forno-Pavesi-prodotto-nel-rispetto-dellambiente.webp\" class=\"attachment-original size-original\" alt=\"Forno Pavesi prodotto nel rispetto dell&#039;ambiente\" srcset=\"https:\/\/pavesi.sviluppokeyweb.com\/wp-content\/uploads\/2025\/01\/Forno-Pavesi-prodotto-nel-rispetto-dellambiente.webp 840w, https:\/\/pavesi.sviluppokeyweb.com\/wp-content\/uploads\/2025\/01\/Forno-Pavesi-prodotto-nel-rispetto-dellambiente-500x400.webp 500w, https:\/\/pavesi.sviluppokeyweb.com\/wp-content\/uploads\/2025\/01\/Forno-Pavesi-prodotto-nel-rispetto-dellambiente-768x614.webp 768w, https:\/\/pavesi.sviluppokeyweb.com\/wp-content\/uploads\/2025\/01\/Forno-Pavesi-prodotto-nel-rispetto-dellambiente-600x480.webp 600w, https:\/\/pavesi.sviluppokeyweb.com\/wp-content\/uploads\/2025\/01\/Forno-Pavesi-prodotto-nel-rispetto-dellambiente-64x51.webp 64w\" sizes=\"auto, (max-width: 840px) 100vw, 840px\" \/>\t\t\t\t\t\t\n\t\t\t\t\t<\/div>\n\t\t\t\t\t\t\t\t\n<style>\n#image_1434307327 {\n  width: 100%;\n}\n<\/style>\n\t<\/div>\n\t\n\t\t<\/div>\n\t\t\t\t\t<\/div>\n\n\t\n<\/div>\n\t\t<\/div>\n\n\t\t\n<style>\n#section_1463049046 {\n  padding-top: 30px;\n  padding-bottom: 30px;\n}\n@media (min-width:550px) {\n  #section_1463049046 {\n    padding-top: 100px;\n    padding-bottom: 100px;\n  }\n}\n<\/style>\n\t<\/section>\n\t\n\n\t<section class=\"section has-parallax\" id=\"section_732154696\">\n\t\t<div class=\"section-bg fill\" data-parallax-container=\".section\" data-parallax-background data-parallax=\"-4\">\n\t\t\t<img loading=\"lazy\" decoding=\"async\" width=\"1920\" height=\"1076\" src=\"https:\/\/pavesi.sviluppokeyweb.com\/wp-content\/uploads\/2024\/11\/BANNER-PAVESI.webp\" class=\"bg attachment- size-\" alt=\"\" \/>\t\t\t\t\t\t<div class=\"section-bg-overlay absolute fill\"><\/div>\n\t\t\t\n\n\t\t<\/div>\n\n\t\t\n\n\t\t<div class=\"section-content relative\">\n\t\t\t\n<div class=\"row\"  id=\"row-273631506\">\n\n\t<div id=\"col-840882681\" class=\"col medium-6 small-12 large-6\"  >\n\t\t\t\t<div class=\"col-inner\"  >\n\t\t\t\n\t\t\t\n\t<div class=\"img has-hover show-for-medium x md-x lg-x y md-y lg-y\" id=\"image_1583931442\">\n\t\t\t\t\t\t\t\t<div class=\"img-inner dark\" >\n\t\t\t<img loading=\"lazy\" decoding=\"async\" width=\"1020\" height=\"572\" src=\"https:\/\/pavesi.sviluppokeyweb.com\/wp-content\/uploads\/2024\/11\/BANNER-PAVESI-1400x785.webp\" class=\"attachment-large size-large\" alt=\"\" srcset=\"https:\/\/pavesi.sviluppokeyweb.com\/wp-content\/uploads\/2024\/11\/BANNER-PAVESI-1400x785.webp 1400w, https:\/\/pavesi.sviluppokeyweb.com\/wp-content\/uploads\/2024\/11\/BANNER-PAVESI-714x400.webp 714w, https:\/\/pavesi.sviluppokeyweb.com\/wp-content\/uploads\/2024\/11\/BANNER-PAVESI-768x430.webp 768w, https:\/\/pavesi.sviluppokeyweb.com\/wp-content\/uploads\/2024\/11\/BANNER-PAVESI-1536x861.webp 1536w, https:\/\/pavesi.sviluppokeyweb.com\/wp-content\/uploads\/2024\/11\/BANNER-PAVESI-600x336.webp 600w, https:\/\/pavesi.sviluppokeyweb.com\/wp-content\/uploads\/2024\/11\/BANNER-PAVESI.webp 1920w\" sizes=\"auto, (max-width: 1020px) 100vw, 1020px\" \/>\t\t\t\t\t\t\n\t\t\t\t\t<\/div>\n\t\t\t\t\t\t\t\t\n<style>\n#image_1583931442 {\n  width: 100%;\n}\n<\/style>\n\t<\/div>\n\t\n\t\t<\/div>\n\t\t\t\t\t<\/div>\n\n\t\n\n\t<div id=\"col-211733234\" class=\"col medium-6 small-12 large-6\"  data-animate=\"bounceInUp\">\n\t\t\t\t<div class=\"col-inner\"  >\n\t\t\t\n\t\t\t\n\t<div id=\"text-573887882\" class=\"text\">\n\t\t\n<h2>Las materias primas<\/h2>\n<p><strong>\u00bfDe d\u00f3nde nace nuestra investigaci\u00f3n y compromiso por la reducci\u00f3n del impacto medioambiental?<\/strong><\/p>\n<p>No se puede hablar de sostenibilidad sin hablar de la obtenci\u00f3n y el uso de las materias primas: todos nuestros hornos con superficie monobloque fija o giratoria est\u00e1n fabricados artesanalmente empleando <strong>materiales refractarios procedentes de Italia o de la Uni\u00f3n Europea<\/strong>, seleccionados de forma consciente y cuidadosa.<\/p>\n<p>Otro paso fundamental es el de la <strong>reducci\u00f3n de los desperdicios<\/strong>: dentro de nuestras instalaciones tratamos de reducir por completo el desperdicio de materiales reutilizando todo lo que sea posible y recuperando todo lo que sea posible.<\/p>\n<p>Tambi\u00e9n es fundamental la <strong>resistencia<\/strong> de los materiales seleccionados que, a trav\u00e9s de un largo ciclo de vida, evitan el deterioro de los productos y, por tanto, su sustituci\u00f3n.<\/p>\n\t\t\n<style>\n#text-573887882 {\n  color: rgb(255, 255, 255);\n}\n#text-573887882 > * {\n  color: rgb(255, 255, 255);\n}\n<\/style>\n\t<\/div>\n\t\n\t\t<\/div>\n\t\t\t\t\t<\/div>\n\n\t\n<\/div>\n\t\t<\/div>\n\n\t\t\n<style>\n#section_732154696 {\n  padding-top: 30px;\n  padding-bottom: 30px;\n}\n#section_732154696 .section-bg-overlay {\n  background-color: rgba(0, 0, 0, 0.89);\n}\n@media (min-width:550px) {\n  #section_732154696 {\n    padding-top: 100px;\n    padding-bottom: 100px;\n  }\n  #section_732154696 .section-bg-overlay {\n    background-color: rgba(0, 0, 0, 0.907);\n  }\n}\n@media (min-width:850px) {\n  #section_732154696 .section-bg-overlay {\n    background-color: rgba(0, 0, 0, 0.738);\n  }\n}\n<\/style>\n\t<\/section>\n\t\n\n\t<section class=\"section\" id=\"section_755184450\">\n\t\t<div class=\"section-bg fill\" >\n\t\t\t\t\t\t\t\t\t\n\t\t\t\n\n\t\t<\/div>\n\n\t\t\n\n\t\t<div class=\"section-content relative\">\n\t\t\t\n<div class=\"row\"  id=\"row-1029593887\">\n\n\t<div id=\"col-1359164979\" class=\"col medium-8 small-12 large-6\"  data-animate=\"bounceInRight\">\n\t\t\t\t<div class=\"col-inner\"  >\n\t\t\t\n\t\t\t\n<h2>Los procesos de producci\u00f3n y el dise\u00f1o<\/h2>\n<p>Los <strong>procesos de producci\u00f3n<\/strong> pueden ser altamente contaminantes, especialmente si se gestionan siendo poco conscientes del impacto medioambiental. Pavesi dedica tiempo y recursos al an\u00e1lisis de sus procesos para reducir al m\u00ednimo la huella ecol\u00f3gica para ajustarse a las m\u00e1s <strong>estrictas normativas italianas y europeas. <\/strong><\/p>\n<p>El dise\u00f1o de nuestros hornos, adem\u00e1s, est\u00e1 siempre abierto a nuevas tecnolog\u00edas y nuevos modos de fabricaci\u00f3n que permitan reducir al m\u00ednimo el consumo. Respaldados por <strong>m\u00e1s de 50\u00a0a\u00f1os de experiencia<\/strong>, podemos presumir de hornos con una gran capacidad de reacci\u00f3n y muy eficaces que permiten alcanzar la temperatura deseada gracias tambi\u00e9n a su particular estructura y a los materiales utilizados. Gracias a ello, podemos ofrecer un producto un orientado a <strong>la eficiencia del consumo.<\/strong><\/p>\n<p><strong>Cont\u00e1ctenos para recibir asesoramiento profesional:<\/strong> estamos a su disposici\u00f3n en todo el mundo.<\/p>\n\t\t<\/div>\n\t\t\t\t\t<\/div>\n\n\t\n\n\t<div id=\"col-489103564\" class=\"col medium-4 small-12 large-6\"  data-animate=\"bounceInLeft\">\n\t\t\t\t<div class=\"col-inner\"  >\n\t\t\t\n\t\t\t\n\t<div class=\"img has-hover x md-x lg-x y md-y lg-y\" id=\"image_1907509081\">\n\t\t\t\t\t\t\t\t<div class=\"img-inner dark\" >\n\t\t\t<img loading=\"lazy\" decoding=\"async\" width=\"1000\" height=\"800\" src=\"https:\/\/pavesi.sviluppokeyweb.com\/wp-content\/uploads\/2025\/01\/Lavorazione-di-materiali-refrattari-per-forni-professionali.webp\" class=\"attachment-original size-original\" alt=\"Lavorazione di materiali refrattari per forni professionali\" srcset=\"https:\/\/pavesi.sviluppokeyweb.com\/wp-content\/uploads\/2025\/01\/Lavorazione-di-materiali-refrattari-per-forni-professionali.webp 1000w, https:\/\/pavesi.sviluppokeyweb.com\/wp-content\/uploads\/2025\/01\/Lavorazione-di-materiali-refrattari-per-forni-professionali-500x400.webp 500w, https:\/\/pavesi.sviluppokeyweb.com\/wp-content\/uploads\/2025\/01\/Lavorazione-di-materiali-refrattari-per-forni-professionali-768x614.webp 768w, https:\/\/pavesi.sviluppokeyweb.com\/wp-content\/uploads\/2025\/01\/Lavorazione-di-materiali-refrattari-per-forni-professionali-600x480.webp 600w, https:\/\/pavesi.sviluppokeyweb.com\/wp-content\/uploads\/2025\/01\/Lavorazione-di-materiali-refrattari-per-forni-professionali-64x51.webp 64w\" sizes=\"auto, (max-width: 1000px) 100vw, 1000px\" \/>\t\t\t\t\t\t\n\t\t\t\t\t<\/div>\n\t\t\t\t\t\t\t\t\n<style>\n#image_1907509081 {\n  width: 100%;\n}\n<\/style>\n\t<\/div>\n\t\n\t\t<\/div>\n\t\t\t\t\t<\/div>\n\n\t\n<\/div>\n\t\t<\/div>\n\n\t\t\n<style>\n#section_755184450 {\n  padding-top: 30px;\n  padding-bottom: 30px;\n}\n@media (min-width:550px) {\n  #section_755184450 {\n    padding-top: 100px;\n    padding-bottom: 100px;\n  }\n}\n<\/style>\n\t<\/section>\n\t\n\n  <div class=\"banner has-hover has-parallax\" id=\"banner-2068391380\">\n          <div class=\"banner-inner fill\">\n        <div class=\"banner-bg fill\" data-parallax=\"-4\" data-parallax-container=\".banner\" data-parallax-background>\n            <img loading=\"lazy\" decoding=\"async\" width=\"2500\" height=\"1670\" src=\"https:\/\/pavesi.sviluppokeyweb.com\/wp-content\/uploads\/2024\/11\/image-1.png\" class=\"bg attachment-original size-original\" alt=\"\" \/>                        <div class=\"overlay\"><\/div>            \n                    <\/div>\n\t\t\n        <div class=\"banner-layers container\">\n            <div class=\"fill banner-link\"><\/div>            \n\n   <div id=\"text-box-1229257650\" class=\"text-box banner-layer x50 md-x50 lg-x50 y50 md-y50 lg-y50 res-text\">\n                                <div class=\"text-box-content text dark\">\n              \n              <div class=\"text-inner text-center\">\n                  \n\n<h2>Descubra c\u00f3mo cambia la pizza con un horno Pavesi<\/h2>\n<p class=\"lead\">Contacte con nosotros y solicite presupuesto<\/p>\n<a href=\"https:\/\/pavesi.sviluppokeyweb.com\/es\/contacto\/\" class=\"button white\"  style=\"border-radius:3px;padding:0px 30px 0px 30px;\">\n\t\t<span>Cont\u00e1ctenos<\/span>\n\t<\/a>\n\n\n\n              <\/div>\n           <\/div>\n                            \n<style>\n#text-box-1229257650 .text-inner {\n  padding: 30px 0px 0px 0px;\n}\n#text-box-1229257650 {\n  width: 83%;\n}\n#text-box-1229257650 .text-box-content {\n  font-size: 100%;\n}\n@media (min-width:550px) {\n  #text-box-1229257650 {\n    width: 81%;\n  }\n}\n@media (min-width:850px) {\n  #text-box-1229257650 {\n    width: 61%;\n  }\n}\n<\/style>\n    <\/div>\n \n   <div id=\"text-box-848628095\" class=\"text-box banner-layer x50 md-x50 lg-x50 y100 md-y100 lg-y100 res-text\">\n                                <div class=\"text-box-content text dark\">\n              \n              <div class=\"text-inner text-center\">\n                  \n\n\t<div id=\"gap-54711699\" class=\"gap-element clearfix\" style=\"display:block; height:auto;\">\n\t\t\n<style>\n#gap-54711699 {\n  padding-top: 18px;\n}\n<\/style>\n\t<\/div>\n\t\n\n\n              <\/div>\n           <\/div>\n                            \n<style>\n#text-box-848628095 {\n  width: 60%;\n}\n#text-box-848628095 .text-box-content {\n  font-size: 100%;\n}\n<\/style>\n    <\/div>\n \n\n        <\/div>\n      <\/div>\n\n            \n<style>\n#banner-2068391380 {\n  padding-top: 140%;\n}\n#banner-2068391380 .overlay {\n  background-color: rgba(5, 0, 0, 0.721);\n}\n#banner-2068391380 .banner-bg img {\n  object-position: 100% 54%;\n}\n@media (min-width:550px) {\n  #banner-2068391380 {\n    padding-top: 75%;\n  }\n}\n@media (min-width:850px) {\n  #banner-2068391380 {\n    padding-top: 50%;\n  }\n}\n<\/style>\n  <\/div>\n\n\n","protected":false},"excerpt":{"rendered":"","protected":false},"author":1,"featured_media":0,"parent":4309,"menu_order":0,"comment_status":"closed","ping_status":"closed","template":"page-blank.php","meta":{"_acf_changed":false,"inline_featured_image":false,"footnotes":""},"class_list":["post-4317","page","type-page","status-publish","hentry"],"acf":[],"yoast_head":"<!-- This site is optimized with the Yoast SEO plugin v25.3.1 - https:\/\/yoast.com\/wordpress\/plugins\/seo\/ -->\n<title>Sostenibilidad - Pavesi Forni<\/title>\n<meta name=\"robots\" content=\"noindex, follow, max-snippet:-1, max-image-preview:large, max-video-preview:-1\" \/>\n<meta property=\"og:locale\" content=\"es_ES\" \/>\n<meta property=\"og:type\" content=\"article\" \/>\n<meta property=\"og:title\" content=\"Sostenibilidad - Pavesi Forni\" \/>\n<meta property=\"og:url\" content=\"https:\/\/pavesi.sviluppokeyweb.com\/es\/sostenibilidad\/\" \/>\n<meta property=\"og:site_name\" content=\"Pavesi Forni\" \/>\n<meta property=\"article:modified_time\" content=\"2025-06-19T11:01:46+00:00\" \/>\n<meta name=\"twitter:card\" content=\"summary_large_image\" \/>\n<meta name=\"twitter:label1\" content=\"Tiempo de lectura\" \/>\n\t<meta name=\"twitter:data1\" content=\"3 minutos\" \/>\n<script type=\"application\/ld+json\" class=\"yoast-schema-graph\">{\"@context\":\"https:\/\/schema.org\",\"@graph\":[{\"@type\":\"WebPage\",\"@id\":\"https:\/\/pavesi.sviluppokeyweb.com\/es\/sostenibilidad\/\",\"url\":\"https:\/\/pavesi.sviluppokeyweb.com\/es\/sostenibilidad\/\",\"name\":\"Sostenibilidad - Pavesi Forni\",\"isPartOf\":{\"@id\":\"https:\/\/pavesi.sviluppokeyweb.com\/es\/#website\"},\"datePublished\":\"2024-11-11T06:44:35+00:00\",\"dateModified\":\"2025-06-19T11:01:46+00:00\",\"breadcrumb\":{\"@id\":\"https:\/\/pavesi.sviluppokeyweb.com\/es\/sostenibilidad\/#breadcrumb\"},\"inLanguage\":\"es\",\"potentialAction\":[{\"@type\":\"ReadAction\",\"target\":[\"https:\/\/pavesi.sviluppokeyweb.com\/es\/sostenibilidad\/\"]}]},{\"@type\":\"BreadcrumbList\",\"@id\":\"https:\/\/pavesi.sviluppokeyweb.com\/es\/sostenibilidad\/#breadcrumb\",\"itemListElement\":[{\"@type\":\"ListItem\",\"position\":1,\"name\":\"Home\",\"item\":\"https:\/\/pavesi.sviluppokeyweb.com\/es\/\"},{\"@type\":\"ListItem\",\"position\":2,\"name\":\"Empresa\",\"item\":\"https:\/\/pavesi.sviluppokeyweb.com\/es\/empresa\/\"},{\"@type\":\"ListItem\",\"position\":3,\"name\":\"Sostenibilidad\"}]},{\"@type\":\"WebSite\",\"@id\":\"https:\/\/pavesi.sviluppokeyweb.com\/es\/#website\",\"url\":\"https:\/\/pavesi.sviluppokeyweb.com\/es\/\",\"name\":\"Pavesi Forni\",\"description\":\"\",\"potentialAction\":[{\"@type\":\"SearchAction\",\"target\":{\"@type\":\"EntryPoint\",\"urlTemplate\":\"https:\/\/pavesi.sviluppokeyweb.com\/es\/?s={search_term_string}\"},\"query-input\":{\"@type\":\"PropertyValueSpecification\",\"valueRequired\":true,\"valueName\":\"search_term_string\"}}],\"inLanguage\":\"es\"}]}<\/script>\n<!-- \/ Yoast SEO plugin. -->","yoast_head_json":{"title":"Sostenibilidad - Pavesi Forni","robots":{"index":"noindex","follow":"follow","max-snippet":"max-snippet:-1","max-image-preview":"max-image-preview:large","max-video-preview":"max-video-preview:-1"},"og_locale":"es_ES","og_type":"article","og_title":"Sostenibilidad - Pavesi Forni","og_url":"https:\/\/pavesi.sviluppokeyweb.com\/es\/sostenibilidad\/","og_site_name":"Pavesi Forni","article_modified_time":"2025-06-19T11:01:46+00:00","twitter_card":"summary_large_image","twitter_misc":{"Tiempo de lectura":"3 minutos"},"schema":{"@context":"https:\/\/schema.org","@graph":[{"@type":"WebPage","@id":"https:\/\/pavesi.sviluppokeyweb.com\/es\/sostenibilidad\/","url":"https:\/\/pavesi.sviluppokeyweb.com\/es\/sostenibilidad\/","name":"Sostenibilidad - Pavesi Forni","isPartOf":{"@id":"https:\/\/pavesi.sviluppokeyweb.com\/es\/#website"},"datePublished":"2024-11-11T06:44:35+00:00","dateModified":"2025-06-19T11:01:46+00:00","breadcrumb":{"@id":"https:\/\/pavesi.sviluppokeyweb.com\/es\/sostenibilidad\/#breadcrumb"},"inLanguage":"es","potentialAction":[{"@type":"ReadAction","target":["https:\/\/pavesi.sviluppokeyweb.com\/es\/sostenibilidad\/"]}]},{"@type":"BreadcrumbList","@id":"https:\/\/pavesi.sviluppokeyweb.com\/es\/sostenibilidad\/#breadcrumb","itemListElement":[{"@type":"ListItem","position":1,"name":"Home","item":"https:\/\/pavesi.sviluppokeyweb.com\/es\/"},{"@type":"ListItem","position":2,"name":"Empresa","item":"https:\/\/pavesi.sviluppokeyweb.com\/es\/empresa\/"},{"@type":"ListItem","position":3,"name":"Sostenibilidad"}]},{"@type":"WebSite","@id":"https:\/\/pavesi.sviluppokeyweb.com\/es\/#website","url":"https:\/\/pavesi.sviluppokeyweb.com\/es\/","name":"Pavesi Forni","description":"","potentialAction":[{"@type":"SearchAction","target":{"@type":"EntryPoint","urlTemplate":"https:\/\/pavesi.sviluppokeyweb.com\/es\/?s={search_term_string}"},"query-input":{"@type":"PropertyValueSpecification","valueRequired":true,"valueName":"search_term_string"}}],"inLanguage":"es"}]}},"_links":{"self":[{"href":"https:\/\/pavesi.sviluppokeyweb.com\/es\/wp-json\/wp\/v2\/pages\/4317","targetHints":{"allow":["GET"]}}],"collection":[{"href":"https:\/\/pavesi.sviluppokeyweb.com\/es\/wp-json\/wp\/v2\/pages"}],"about":[{"href":"https:\/\/pavesi.sviluppokeyweb.com\/es\/wp-json\/wp\/v2\/types\/page"}],"author":[{"embeddable":true,"href":"https:\/\/pavesi.sviluppokeyweb.com\/es\/wp-json\/wp\/v2\/users\/1"}],"replies":[{"embeddable":true,"href":"https:\/\/pavesi.sviluppokeyweb.com\/es\/wp-json\/wp\/v2\/comments?post=4317"}],"version-history":[{"count":4,"href":"https:\/\/pavesi.sviluppokeyweb.com\/es\/wp-json\/wp\/v2\/pages\/4317\/revisions"}],"predecessor-version":[{"id":6102,"href":"https:\/\/pavesi.sviluppokeyweb.com\/es\/wp-json\/wp\/v2\/pages\/4317\/revisions\/6102"}],"up":[{"embeddable":true,"href":"https:\/\/pavesi.sviluppokeyweb.com\/es\/wp-json\/wp\/v2\/pages\/4309"}],"wp:attachment":[{"href":"https:\/\/pavesi.sviluppokeyweb.com\/es\/wp-json\/wp\/v2\/media?parent=4317"}],"curies":[{"name":"wp","href":"https:\/\/api.w.org\/{rel}","templated":true}]}}