{"id":4333,"date":"2013-08-11T19:22:53","date_gmt":"2013-08-11T19:22:53","guid":{"rendered":"https:\/\/pavesi.sviluppokeyweb.com\/contatti\/"},"modified":"2025-06-19T12:15:03","modified_gmt":"2025-06-19T12:15:03","slug":"contacto","status":"publish","type":"page","link":"https:\/\/pavesi.sviluppokeyweb.com\/es\/contacto\/","title":{"rendered":"Contacto"},"content":{"rendered":"\n\t<section class=\"section\" id=\"section_2101709069\">\n\t\t<div class=\"section-bg fill\" >\n\t\t\t<img loading=\"lazy\" decoding=\"async\" width=\"1920\" height=\"400\" src=\"https:\/\/pavesi.sviluppokeyweb.com\/wp-content\/uploads\/2024\/11\/slide-tioli.webp\" class=\"bg attachment-original size-original\" alt=\"\" \/>\t\t\t\t\t\t\n\t\t\t\n\n\t\t<\/div>\n\n\t\t\n\n\t\t<div class=\"section-content relative\">\n\t\t\t\n\n<div class=\"row\"  id=\"row-907069784\">\n\n\n\t<div id=\"col-822098643\" class=\"col small-12 large-12\"  >\n\t\t\t\t<div class=\"col-inner\"  >\n\t\t\t\n\t\t\t\n\n  <div id=\"page-header-922633815\" class=\"page-header-wrapper\">\r\n  <div class=\"page-title dark simple-title\">\r\n\r\n    \r\n    <div class=\"page-title-inner container align-center flex-row medium-flex-wrap\" >\r\n              <div class=\"title-wrapper flex-col text-left medium-text-center\">\r\n          <p class=\"entry-title mb-0 sofi\">\r\n            Contacto          <\/p>\r\n        <\/div>\r\n                    <div class=\"title-content flex-col flex-right text-right medium-text-center\">\r\n        <div class=\"title-breadcrumbs pb-half pt-half\"><\/div>      <\/div>\r\n    <\/div>\r\n\r\n       <\/div>\r\n    <\/div>\r\n  \n\n\n\t\t<\/div>\n\t\t\t\t\t<\/div>\n\n\t\n\n<\/div>\n\n\t\t<\/div>\n\n\t\t\n<style>\n#section_2101709069 {\n  padding-top: 30px;\n  padding-bottom: 30px;\n  min-height: 300px;\n}\n<\/style>\n\t<\/section>\n\t\n\n\t<section class=\"section dark\" id=\"section_725589160\">\n\t\t<div class=\"section-bg fill\" >\n\t\t\t\t\t\t\t\t\t\n\t\t\t\n\n\t\t<\/div>\n\n\t\t\n\n\t\t<div class=\"section-content relative\">\n\t\t\t\n<div class=\"row\"  id=\"row-1923867791\">\n\n\t<div id=\"col-1982741261\" class=\"col small-12 large-12\"  >\n\t\t\t\t<div class=\"col-inner text-center\"  >\n\t\t\t\n\t\t\t\n\t<div id=\"text-2342207787\" class=\"text\">\n\t\t\n<h1>Para obtener m\u00e1s informaci\u00f3n, p\u00f3ngase en contacto con nosotros<\/h1>\n<p>Escr\u00edbanos utilizando el siguiente formulario para obtener m\u00e1s informaci\u00f3n o presupuestos personalizados<\/p>\n\t\t\n<style>\n#text-2342207787 {\n  color: rgb(0,0,0);\n}\n#text-2342207787 > * {\n  color: rgb(0,0,0);\n}\n<\/style>\n\t<\/div>\n\t\n\t\t<\/div>\n\t\t\t\t\n<style>\n#col-1982741261 > .col-inner {\n  padding: 20px 0px 0px 0px;\n}\n<\/style>\n\t<\/div>\n\n\t\n<\/div>\n\t\t<\/div>\n\n\t\t\n<style>\n#section_725589160 {\n  padding-top: 140px;\n  padding-bottom: 140px;\n  background-color: rgb(244, 244, 244);\n}\n<\/style>\n\t<\/section>\n\t\n\n\t<section class=\"section\" id=\"section_1420612853\">\n\t\t<div class=\"section-bg fill\" >\n\t\t\t\t\t\t\t\t\t\n\t\t\t\n\n\t\t<\/div>\n\n\t\t\n\n\t\t<div class=\"section-content relative\">\n\t\t\t\n<div class=\"row\"  id=\"row-716987972\">\n\n\t<div id=\"col-10095580\" class=\"col small-12 large-12\"  >\n\t\t\t\t<div class=\"col-inner\"  >\n\t\t\t\n\t\t\t\n<div class=\"row align-equal\"  id=\"row-1243522477\">\n\n\t<div id=\"col-1231877076\" class=\"col medium-12 small-12 large-4\"  >\n\t\t\t\t<div class=\"col-inner text-center\"  >\n\t\t\t\n\t\t\t\n\n\t\t<div class=\"icon-box featured-box icon-box-center text-center\"  >\n\t\t\t\t<div class=\"icon-box-text last-reset\">\n\t\t\t\t\t\t\t\t\t\n<h4>DIRECCI\u00d3N<\/h4>\n\t<div id=\"gap-1172954273\" class=\"gap-element clearfix\" style=\"display:block; height:auto;\">\n\t\t\n<style>\n#gap-1172954273 {\n  padding-top: 20px;\n}\n<\/style>\n\t<\/div>\n\t\n<a class=\"button primary is-link\"  >\n\t\t<span>Via Radici in Piano 120\/c Corlo di Formigine (MO) - Italia<\/span>\n\t<\/a>\n\n\t\t<\/div>\n\t<\/div>\n\t\n\t\n\t\t<\/div>\n\t\t\t\t\t<\/div>\n\n\t\n\n\t<div id=\"col-1253129348\" class=\"col medium-12 small-12 large-4\"  >\n\t\t\t\t<div class=\"col-inner text-center\"  >\n\t\t\t\n\t\t\t\n\n\t\t<div class=\"icon-box featured-box icon-box-center text-center\"  >\n\t\t\t\t<div class=\"icon-box-text last-reset\">\n\t\t\t\t\t\t\t\t\t\n<h4>TEL\u00c9FONO<\/h4>\n\t<div id=\"gap-1471211765\" class=\"gap-element clearfix\" style=\"display:block; height:auto;\">\n\t\t\n<style>\n#gap-1471211765 {\n  padding-top: 20px;\n}\n<\/style>\n\t<\/div>\n\t\n\t\t<\/div>\n\t<\/div>\n\t\n\t\n<a href=\"tel:+39059574569\" class=\"button primary is-link\"  >\n\t\t<span>+39 059 574569<\/span>\n\t<\/a>\n\n\t\t<\/div>\n\t\t\t\t\t<\/div>\n\n\t\n\n\t<div id=\"col-925996392\" class=\"col medium-12 small-12 large-4\"  >\n\t\t\t\t<div class=\"col-inner text-center\"  >\n\t\t\t\n\t\t\t\n\n\t\t<div class=\"icon-box featured-box icon-box-center text-center\"  >\n\t\t\t\t<div class=\"icon-box-text last-reset\">\n\t\t\t\t\t\t\t\t\t\n<h4>CORREO ELECTR\u00d3NICO<\/h4>\n\t<div id=\"gap-1387366594\" class=\"gap-element clearfix\" style=\"display:block; height:auto;\">\n\t\t\n<style>\n#gap-1387366594 {\n  padding-top: 20px;\n}\n<\/style>\n\t<\/div>\n\t\n\t\t<\/div>\n\t<\/div>\n\t\n\t\n<a href=\"mailto:info@pavesiforni.it\" class=\"button primary is-link\"  >\n\t\t<span>info@pavesiforni.it<\/span>\n\t<\/a>\n\n\t\t<\/div>\n\t\t\t\t\t<\/div>\n\n\t\n\n\t<div id=\"col-1882604036\" class=\"col colonnasocial medium-12 small-12 large-12\"  >\n\t\t\t\t<div class=\"col-inner\"  >\n\t\t\t\n\t\t\t\n<div class=\"social-icons follow-icons socialcontatti full-width text-center\" style=\"font-size:121%\"><a href=\"https:\/\/www.facebook.com\/PavesiForniSrl\/\" target=\"_blank\" data-label=\"Facebook\" class=\"icon primary button circle facebook tooltip\" title=\"S\u00edguenos en Facebook\" aria-label=\"S\u00edguenos en Facebook\" rel=\"noopener nofollow\" ><i class=\"icon-facebook\" ><\/i><\/a><a href=\"https:\/\/www.instagram.com\/pavesi_forni_modena_italia\" target=\"_blank\" data-label=\"Instagram\" class=\"icon primary button circle instagram tooltip\" title=\"S\u00edguenos en Instagram\" aria-label=\"S\u00edguenos en Instagram\" rel=\"noopener nofollow\" ><i class=\"icon-instagram\" ><\/i><\/a><a href=\"https:\/\/www.youtube.com\/channel\/UCzdS0TkfV9qzT2P45ihi6GA\" data-label=\"YouTube\" target=\"_blank\" class=\"icon primary button circle youtube tooltip\" title=\"S\u00edguenos en Youtube\" aria-label=\"S\u00edguenos en Youtube\" rel=\"noopener nofollow\" ><i class=\"icon-youtube\" ><\/i><\/a><\/div>\n\t\t<\/div>\n\t\t\t\t\n<style>\n#col-1882604036 > .col-inner {\n  padding: 0px 0px 0px 0px;\n}\n<\/style>\n\t<\/div>\n\n\t\n\n\t<div id=\"col-964829855\" class=\"col small-12 large-12\"  >\n\t\t\t\t<div class=\"col-inner text-center\" style=\"background-color:rgb(255,255,255);\" >\n\t\t\t\n\t\t\t\n<h3>ESCR\u00cdBANOS<\/h3>\n<div class=\"is-divider divider clearfix\" ><\/div>\n<div class=\"row align-center\"  id=\"row-605312658\">\n\n\t<div id=\"col-754896431\" class=\"col medium-11 small-12 large-9\"  >\n\t\t\t\t<div class=\"col-inner text-left\"  >\n\t\t\t\n\t\t\t\n<div class=\"row\"  id=\"row-1813801392\">\n\n\t<div id=\"col-814173632\" class=\"col small-12 large-12\"  >\n\t\t\t\t<div class=\"col-inner\"  >\n\t\t\t\n\t\t\t\n\n<div class=\"wpcf7 no-js\" id=\"wpcf7-f4536-o1\" lang=\"es-ES\" dir=\"ltr\" data-wpcf7-id=\"4536\">\n<div class=\"screen-reader-response\"><p role=\"status\" aria-live=\"polite\" aria-atomic=\"true\"><\/p> <ul><\/ul><\/div>\n<form action=\"\/es\/wp-json\/wp\/v2\/pages\/4333#wpcf7-f4536-o1\" method=\"post\" class=\"wpcf7-form init\" aria-label=\"Formulario de contacto\" novalidate=\"novalidate\" data-status=\"init\">\n<div style=\"display: none;\">\n<input type=\"hidden\" name=\"_wpcf7\" value=\"4536\" \/>\n<input type=\"hidden\" name=\"_wpcf7_version\" value=\"6.0.6\" \/>\n<input type=\"hidden\" name=\"_wpcf7_locale\" value=\"es_ES\" \/>\n<input type=\"hidden\" name=\"_wpcf7_unit_tag\" value=\"wpcf7-f4536-o1\" \/>\n<input type=\"hidden\" name=\"_wpcf7_container_post\" value=\"0\" \/>\n<input type=\"hidden\" name=\"_wpcf7_posted_data_hash\" value=\"\" \/>\n<input type=\"hidden\" name=\"_wpcf7dtx_version\" value=\"5.0.3\" \/>\n<input type=\"hidden\" name=\"_wpcf7_recaptcha_response\" value=\"\" \/>\n<\/div>\n<div id=\"responsive-form\" class=\"clearfix\">\n<span class=\"wpcf7-form-control-wrap dynamichidden-5\" data-name=\"dynamichidden-5\"><input type=\"hidden\" name=\"dynamichidden-5\" class=\"wpcf7-form-control wpcf7-hidden wpcf7dtx wpcf7dtx-hidden\" aria-invalid=\"false\" value=\"https:\/\/pavesi.sviluppokeyweb.com\/es\/wp-json\/wp\/v2\/pages\/4333\"><\/span>\n<span class=\"wpcf7-form-control-wrap dynamic_hidden-961\" data-name=\"dynamic_hidden-961\"><input type=\"hidden\" name=\"dynamic_hidden-961\" class=\"wpcf7-form-control wpcf7-hidden wpcf7dtx wpcf7dtx-hidden\" aria-invalid=\"false\" value=\"Contacto\"><\/span>\n\t<div class=\"form-row\">\n\t\t<div class=\"column-half\">\n\t\t\t<p><span class=\"wpcf7-form-control-wrap\" data-name=\"nome\"><input size=\"40\" maxlength=\"400\" class=\"wpcf7-form-control wpcf7-text wpcf7-validates-as-required\" aria-required=\"true\" aria-invalid=\"false\" placeholder=\"Nombre\" value=\"\" type=\"text\" name=\"nome\" \/><\/span>\n\t\t\t<\/p>\n\t\t<\/div>\n\t\t<div class=\"column-half\">\n\t\t\t<p><span class=\"wpcf7-form-control-wrap\" data-name=\"cognome\"><input size=\"40\" maxlength=\"400\" class=\"wpcf7-form-control wpcf7-text wpcf7-validates-as-required\" aria-required=\"true\" aria-invalid=\"false\" placeholder=\"Apellidos\" value=\"\" type=\"text\" name=\"cognome\" \/><\/span>\n\t\t\t<\/p>\n\t\t<\/div>\n\t<\/div>\n\t<div class=\"form-row\">\n\t\t<div class=\"column-half\">\n\t\t\t<p><span class=\"wpcf7-form-control-wrap\" data-name=\"telefono\"><input size=\"40\" maxlength=\"400\" class=\"wpcf7-form-control wpcf7-tel wpcf7-validates-as-required wpcf7-text wpcf7-validates-as-tel\" aria-required=\"true\" aria-invalid=\"false\" placeholder=\"Tel\u00e9fono\" value=\"\" type=\"tel\" name=\"telefono\" \/><\/span>\n\t\t\t<\/p>\n\t\t<\/div>\n\t\t<div class=\"column-half\">\n\t\t\t<p><span class=\"wpcf7-form-control-wrap\" data-name=\"email\"><input size=\"40\" maxlength=\"400\" class=\"wpcf7-form-control wpcf7-email wpcf7-validates-as-required wpcf7-text wpcf7-validates-as-email\" aria-required=\"true\" aria-invalid=\"false\" placeholder=\"Correo electr\u00f3nico\" value=\"\" type=\"email\" name=\"email\" \/><\/span>\n\t\t\t<\/p>\n\t\t<\/div>\n\t<\/div>\n\t<div class=\"form-row\">\n\t\t<p><label> <span style=\"color:#fff\";>\u00bfD\u00f3nde se instalar\u00e1 el horno?<\/span><\/label>\n\t\t<\/p>\n\t\t<div class=\"column-half\">\n\t\t\t<p><span class=\"wpcf7-form-control-wrap\" data-name=\"paese\"><input size=\"40\" maxlength=\"400\" class=\"wpcf7-form-control wpcf7-text wpcf7-validates-as-required\" aria-required=\"true\" aria-invalid=\"false\" placeholder=\"Pa\u00eds\" value=\"\" type=\"text\" name=\"paese\" \/><\/span>\n\t\t\t<\/p>\n\t\t<\/div>\n\t\t<div class=\"column-half\">\n\t\t\t<p><span class=\"wpcf7-form-control-wrap\" data-name=\"citta\"><input size=\"40\" maxlength=\"400\" class=\"wpcf7-form-control wpcf7-text wpcf7-validates-as-required\" aria-required=\"true\" aria-invalid=\"false\" placeholder=\"Ciudad\" value=\"\" type=\"text\" name=\"citta\" \/><\/span>\n\t\t\t<\/p>\n\t\t<\/div>\n\t<\/div>\n\t<div class=\"form-row\">\n\t\t<div class=\"column-full\">\n\t\t\t<p><span class=\"wpcf7-form-control-wrap\" data-name=\"messaggio\"><textarea cols=\"40\" rows=\"10\" maxlength=\"2000\" class=\"wpcf7-form-control wpcf7-textarea wpcf7-validates-as-required\" aria-required=\"true\" aria-invalid=\"false\" placeholder=\"Mensaje\" name=\"messaggio\"><\/textarea><\/span>\n\t\t\t<\/p>\n\t\t<\/div>\n\t<\/div>\n\t<div class=\"form-row\">\n\t\t<div class=\"column-full\">\n\t\t\t<p><label class=\"accettazione prodotti\"><a span style=\"color: #ffffff\"; href=\"https:\/\/pavesi.sviluppokeyweb.com\/privacy\" class=\"labelPrivacy\">Consultar pol\u00edtica de privacidad<\/a><\/label><br \/>\n<span class=\"wpcf7-form-control-wrap\" data-name=\"acceptance-496\"><span class=\"wpcf7-form-control wpcf7-acceptance\"><span class=\"wpcf7-list-item\"><label><input type=\"checkbox\" name=\"acceptance-496\" value=\"1\" aria-invalid=\"false\" \/><span class=\"wpcf7-list-item-label\"><span style=\"color: #ffffff;\">Declaro haber le\u00eddo y aceptado la normativa sobre privacidad y la pol\u00edtica de cookies, de conformidad con el Reglamento Europeo 679\/16 (GDPR) <\/style><\/span><\/label><\/span><\/span><\/span>\n\t\t\t<\/p>\n\t\t<\/div>\n\t<\/div>\n\t<div class=\"form-row\">\n\t\t<div class=\"column-full\">\n\t\t\t<p><input class=\"wpcf7-form-control wpcf7-submit has-spinner\" id=\"cf7_submit\" type=\"submit\" value=\"Enviar\" \/>\n\t\t\t<\/p>\n\t\t<\/div>\n\t<\/div>\n<\/div><div class=\"wpcf7-response-output\" aria-hidden=\"true\"><\/div>\n<\/form>\n<\/div>\n\n\t\t<\/div>\n\t\t\t\t\t<\/div>\n\n\t\n\n<style>\n#row-1813801392 > .col > .col-inner {\n  padding: 5% 5% 5% 5%;\n  background-color: rgb(58, 58, 58);\n}\n<\/style>\n<\/div>\n\t\t<\/div>\n\t\t\t\t\t<\/div>\n\n\t\n<\/div>\n\t\t<\/div>\n\t\t\t\t\t<\/div>\n\n\t\n\n\t<div id=\"col-747868949\" class=\"col small-12 large-12\"  >\n\t\t\t\t<div class=\"col-inner text-left\"  >\n\t\t\t\n\t\t\t\n\n<p><iframe loading=\"lazy\" style=\"border: 0;\" src=\"https:\/\/www.google.com\/maps\/embed?pb=!1m18!1m12!1m3!1d2842.033120244005!2d10.823301477830467!3d44.575890892265846!2m3!1f0!2f0!3f0!3m2!1i1024!2i768!4f13.1!3m3!1m2!1s0x477ffb49d1d895df%3A0xaf5568a727459a05!2sPavesi%20Srl!5e0!3m2!1sit!2sit!4v1731403778476!5m2!1sit!2sit\" width=\"100%\" height=\"450\" allowfullscreen=\"allowfullscreen\"><\/iframe><br \/>\n\n\t\t<\/div>\n\t\t\t\t\t<\/div>\n\n\t\n\n<style>\n#row-1243522477 > .col > .col-inner {\n  padding: 40px 40px 40px 40px;\n  background-color: rgb(255,255,255);\n}\n<\/style>\n<\/div>\n\t\t<\/div>\n\t\t\t\t\n<style>\n#col-10095580 > .col-inner {\n  margin: -100px 0px 0px 0px;\n}\n<\/style>\n\t<\/div>\n\n\t\n<\/div>\n\t\t<\/div>\n\n\t\t\n<style>\n#section_1420612853 {\n  padding-top: 30px;\n  padding-bottom: 30px;\n  background-color: rgb(244, 244, 244);\n}\n<\/style>\n\t<\/section>\n\t\n","protected":false},"excerpt":{"rendered":"","protected":false},"author":1,"featured_media":929,"parent":0,"menu_order":0,"comment_status":"closed","ping_status":"closed","template":"page-blank.php","meta":{"_acf_changed":false,"inline_featured_image":false,"footnotes":""},"class_list":["post-4333","page","type-page","status-publish","has-post-thumbnail","hentry"],"acf":[],"yoast_head":"<!-- This site is optimized with the Yoast SEO plugin v25.3.1 - https:\/\/yoast.com\/wordpress\/plugins\/seo\/ -->\n<title>Contacto - Pavesi Forni<\/title>\n<meta name=\"robots\" content=\"noindex, follow, max-snippet:-1, max-image-preview:large, max-video-preview:-1\" \/>\n<meta property=\"og:locale\" content=\"es_ES\" \/>\n<meta property=\"og:type\" content=\"article\" \/>\n<meta property=\"og:title\" content=\"Contacto - Pavesi Forni\" \/>\n<meta property=\"og:url\" content=\"https:\/\/pavesi.sviluppokeyweb.com\/es\/contacto\/\" \/>\n<meta property=\"og:site_name\" content=\"Pavesi Forni\" \/>\n<meta property=\"article:modified_time\" content=\"2025-06-19T12:15:03+00:00\" \/>\n<meta property=\"og:image\" content=\"https:\/\/pavesi.sviluppokeyweb.com\/wp-content\/uploads\/2016\/08\/dummy-1.jpg\" \/>\n\t<meta property=\"og:image:width\" content=\"400\" \/>\n\t<meta property=\"og:image:height\" content=\"260\" \/>\n\t<meta property=\"og:image:type\" content=\"image\/jpeg\" \/>\n<meta name=\"twitter:card\" content=\"summary_large_image\" \/>\n<meta name=\"twitter:label1\" content=\"Tiempo de lectura\" \/>\n\t<meta name=\"twitter:data1\" content=\"2 minutos\" \/>\n<script type=\"application\/ld+json\" class=\"yoast-schema-graph\">{\"@context\":\"https:\/\/schema.org\",\"@graph\":[{\"@type\":\"WebPage\",\"@id\":\"https:\/\/pavesi.sviluppokeyweb.com\/es\/contacto\/\",\"url\":\"https:\/\/pavesi.sviluppokeyweb.com\/es\/contacto\/\",\"name\":\"Contacto - Pavesi Forni\",\"isPartOf\":{\"@id\":\"https:\/\/pavesi.sviluppokeyweb.com\/es\/#website\"},\"primaryImageOfPage\":{\"@id\":\"https:\/\/pavesi.sviluppokeyweb.com\/es\/contacto\/#primaryimage\"},\"image\":{\"@id\":\"https:\/\/pavesi.sviluppokeyweb.com\/es\/contacto\/#primaryimage\"},\"thumbnailUrl\":\"https:\/\/pavesi.sviluppokeyweb.com\/wp-content\/uploads\/2016\/08\/dummy-1.jpg\",\"datePublished\":\"2013-08-11T19:22:53+00:00\",\"dateModified\":\"2025-06-19T12:15:03+00:00\",\"breadcrumb\":{\"@id\":\"https:\/\/pavesi.sviluppokeyweb.com\/es\/contacto\/#breadcrumb\"},\"inLanguage\":\"es\",\"potentialAction\":[{\"@type\":\"ReadAction\",\"target\":[\"https:\/\/pavesi.sviluppokeyweb.com\/es\/contacto\/\"]}]},{\"@type\":\"ImageObject\",\"inLanguage\":\"es\",\"@id\":\"https:\/\/pavesi.sviluppokeyweb.com\/es\/contacto\/#primaryimage\",\"url\":\"https:\/\/pavesi.sviluppokeyweb.com\/wp-content\/uploads\/2016\/08\/dummy-1.jpg\",\"contentUrl\":\"https:\/\/pavesi.sviluppokeyweb.com\/wp-content\/uploads\/2016\/08\/dummy-1.jpg\",\"width\":400,\"height\":260},{\"@type\":\"BreadcrumbList\",\"@id\":\"https:\/\/pavesi.sviluppokeyweb.com\/es\/contacto\/#breadcrumb\",\"itemListElement\":[{\"@type\":\"ListItem\",\"position\":1,\"name\":\"Home\",\"item\":\"https:\/\/pavesi.sviluppokeyweb.com\/es\/\"},{\"@type\":\"ListItem\",\"position\":2,\"name\":\"Contacto\"}]},{\"@type\":\"WebSite\",\"@id\":\"https:\/\/pavesi.sviluppokeyweb.com\/es\/#website\",\"url\":\"https:\/\/pavesi.sviluppokeyweb.com\/es\/\",\"name\":\"Pavesi Forni\",\"description\":\"\",\"potentialAction\":[{\"@type\":\"SearchAction\",\"target\":{\"@type\":\"EntryPoint\",\"urlTemplate\":\"https:\/\/pavesi.sviluppokeyweb.com\/es\/?s={search_term_string}\"},\"query-input\":{\"@type\":\"PropertyValueSpecification\",\"valueRequired\":true,\"valueName\":\"search_term_string\"}}],\"inLanguage\":\"es\"}]}<\/script>\n<!-- \/ Yoast SEO plugin. -->","yoast_head_json":{"title":"Contacto - Pavesi Forni","robots":{"index":"noindex","follow":"follow","max-snippet":"max-snippet:-1","max-image-preview":"max-image-preview:large","max-video-preview":"max-video-preview:-1"},"og_locale":"es_ES","og_type":"article","og_title":"Contacto - Pavesi Forni","og_url":"https:\/\/pavesi.sviluppokeyweb.com\/es\/contacto\/","og_site_name":"Pavesi Forni","article_modified_time":"2025-06-19T12:15:03+00:00","og_image":[{"width":400,"height":260,"url":"https:\/\/pavesi.sviluppokeyweb.com\/wp-content\/uploads\/2016\/08\/dummy-1.jpg","type":"image\/jpeg"}],"twitter_card":"summary_large_image","twitter_misc":{"Tiempo de lectura":"2 minutos"},"schema":{"@context":"https:\/\/schema.org","@graph":[{"@type":"WebPage","@id":"https:\/\/pavesi.sviluppokeyweb.com\/es\/contacto\/","url":"https:\/\/pavesi.sviluppokeyweb.com\/es\/contacto\/","name":"Contacto - Pavesi Forni","isPartOf":{"@id":"https:\/\/pavesi.sviluppokeyweb.com\/es\/#website"},"primaryImageOfPage":{"@id":"https:\/\/pavesi.sviluppokeyweb.com\/es\/contacto\/#primaryimage"},"image":{"@id":"https:\/\/pavesi.sviluppokeyweb.com\/es\/contacto\/#primaryimage"},"thumbnailUrl":"https:\/\/pavesi.sviluppokeyweb.com\/wp-content\/uploads\/2016\/08\/dummy-1.jpg","datePublished":"2013-08-11T19:22:53+00:00","dateModified":"2025-06-19T12:15:03+00:00","breadcrumb":{"@id":"https:\/\/pavesi.sviluppokeyweb.com\/es\/contacto\/#breadcrumb"},"inLanguage":"es","potentialAction":[{"@type":"ReadAction","target":["https:\/\/pavesi.sviluppokeyweb.com\/es\/contacto\/"]}]},{"@type":"ImageObject","inLanguage":"es","@id":"https:\/\/pavesi.sviluppokeyweb.com\/es\/contacto\/#primaryimage","url":"https:\/\/pavesi.sviluppokeyweb.com\/wp-content\/uploads\/2016\/08\/dummy-1.jpg","contentUrl":"https:\/\/pavesi.sviluppokeyweb.com\/wp-content\/uploads\/2016\/08\/dummy-1.jpg","width":400,"height":260},{"@type":"BreadcrumbList","@id":"https:\/\/pavesi.sviluppokeyweb.com\/es\/contacto\/#breadcrumb","itemListElement":[{"@type":"ListItem","position":1,"name":"Home","item":"https:\/\/pavesi.sviluppokeyweb.com\/es\/"},{"@type":"ListItem","position":2,"name":"Contacto"}]},{"@type":"WebSite","@id":"https:\/\/pavesi.sviluppokeyweb.com\/es\/#website","url":"https:\/\/pavesi.sviluppokeyweb.com\/es\/","name":"Pavesi Forni","description":"","potentialAction":[{"@type":"SearchAction","target":{"@type":"EntryPoint","urlTemplate":"https:\/\/pavesi.sviluppokeyweb.com\/es\/?s={search_term_string}"},"query-input":{"@type":"PropertyValueSpecification","valueRequired":true,"valueName":"search_term_string"}}],"inLanguage":"es"}]}},"_links":{"self":[{"href":"https:\/\/pavesi.sviluppokeyweb.com\/es\/wp-json\/wp\/v2\/pages\/4333","targetHints":{"allow":["GET"]}}],"collection":[{"href":"https:\/\/pavesi.sviluppokeyweb.com\/es\/wp-json\/wp\/v2\/pages"}],"about":[{"href":"https:\/\/pavesi.sviluppokeyweb.com\/es\/wp-json\/wp\/v2\/types\/page"}],"author":[{"embeddable":true,"href":"https:\/\/pavesi.sviluppokeyweb.com\/es\/wp-json\/wp\/v2\/users\/1"}],"replies":[{"embeddable":true,"href":"https:\/\/pavesi.sviluppokeyweb.com\/es\/wp-json\/wp\/v2\/comments?post=4333"}],"version-history":[{"count":3,"href":"https:\/\/pavesi.sviluppokeyweb.com\/es\/wp-json\/wp\/v2\/pages\/4333\/revisions"}],"predecessor-version":[{"id":6148,"href":"https:\/\/pavesi.sviluppokeyweb.com\/es\/wp-json\/wp\/v2\/pages\/4333\/revisions\/6148"}],"wp:featuredmedia":[{"embeddable":true,"href":"https:\/\/pavesi.sviluppokeyweb.com\/es\/wp-json\/wp\/v2\/media\/929"}],"wp:attachment":[{"href":"https:\/\/pavesi.sviluppokeyweb.com\/es\/wp-json\/wp\/v2\/media?parent=4333"}],"curies":[{"name":"wp","href":"https:\/\/api.w.org\/{rel}","templated":true}]}}