{"id":1626,"date":"2024-11-11T13:31:55","date_gmt":"2024-11-11T13:31:55","guid":{"rendered":"https:\/\/pavesi.sviluppokeyweb.com\/product\/rpm-140-180-2\/"},"modified":"2025-06-19T09:32:56","modified_gmt":"2025-06-19T09:32:56","slug":"rpm-140-180-3","status":"publish","type":"product","link":"https:\/\/pavesi.sviluppokeyweb.com\/es\/rpm-140-180-3\/","title":{"rendered":"RPM 140\/180"},"content":{"rendered":"<p>Un horno de gran capacidad y reactivo, de tama\u00f1o compacto en relaci\u00f3n con su amplia placa de cocci\u00f3n y est\u00e1 fabricado \u00edntegramente a mano en Italia: estas son las caracter\u00edsticas del <strong>horno tradicional RPM 140\/180 combinado<\/strong>, el modelo m\u00e1s grande de nuestra producci\u00f3n est\u00e1ndar.<\/p>\n<p>La productividad es su caracter\u00edstica principal, garantizada por la placa de cocci\u00f3n monobloque autodilatadora y por su particular estructura, dise\u00f1ada para el mantenimiento constante de la temperatura y la <strong>optimizaci\u00f3n del consumo<\/strong>.<\/p>\n<p>Gracias a la fabricaci\u00f3n artesanal, este modelo es totalmente <strong>personalizable<\/strong> en funci\u00f3n de lo que necesite: <strong>\u00a1contacte con nosotros para obtener m\u00e1s informaci\u00f3n!<\/strong> Pavesi vende hornos profesionales para hornear pizza en todo el mundo desde <strong>1969<\/strong>, ofreci\u00e9ndole <strong>la instalaci\u00f3n y asistencia en cualquier lugar. <\/strong><\/p>\n<p>&nbsp;<\/p>\n<p><strong>Nota: <\/strong>las im\u00e1genes mostradas en este sitio web tienen \u00fanicamente fines informativos y pueden incluir accesorios que no se suministran de serie. <strong>Atenci\u00f3n: <\/strong>las grabaciones de v\u00eddeo no siempre permiten reproducir fielmente los colores y tonos originales.<\/p>\n","protected":false},"excerpt":{"rendered":"<p>Un horno de gran capacidad y reactivo, de tama\u00f1o compacto en relaci\u00f3n con su amplia placa de cocci\u00f3n y est\u00e1 fabricado \u00edntegramente a mano en Italia: estas son las caracter\u00edsticas del <strong>horno tradicional RPM 140\/180 combinado<\/strong>, el modelo m\u00e1s grande de nuestra producci\u00f3n est\u00e1ndar.<\/p>\n<p>La productividad es su caracter\u00edstica principal, garantizada por la placa de cocci\u00f3n monobloque autodilatadora y por su particular estructura, dise\u00f1ada para el mantenimiento constante de la temperatura y la <strong>optimizaci\u00f3n del consumo<\/strong>.<\/p>\n<p>Gracias a la fabricaci\u00f3n artesanal, este modelo es totalmente <strong>personalizable<\/strong> en funci\u00f3n de lo que necesite: <strong>\u00a1contacte con nosotros para obtener m\u00e1s informaci\u00f3n!<\/strong> Pavesi vende hornos profesionales para hornear pizza en todo el mundo desde <strong>1969<\/strong>, ofreci\u00e9ndole <strong>la instalaci\u00f3n y asistencia en cualquier lugar. <\/strong><\/p>\n<p>&nbsp;<\/p>\n<p><strong>Nota: <\/strong>las im\u00e1genes mostradas en este sitio web tienen \u00fanicamente fines informativos y pueden incluir accesorios que no se suministran de serie. <strong>Atenci\u00f3n: <\/strong>las grabaciones de v\u00eddeo no siempre permiten reproducir fielmente los colores y tonos originales.<\/p>\n","protected":false},"featured_media":3253,"comment_status":"closed","ping_status":"closed","template":"","meta":{"_acf_changed":false,"inline_featured_image":false},"product_brand":[],"product_cat":[127,128],"product_tag":[],"class_list":{"0":"post-1626","1":"product","2":"type-product","3":"status-publish","4":"has-post-thumbnail","6":"product_cat-hornos-combinados","7":"product_cat-tradicionales-rpm-hornos-combinados","8":"pa_capacita-pizze-fino-a-18-es","9":"pa_piano-fisso-es","11":"first","12":"instock","13":"shipping-taxable","14":"product-type-simple"},"acf":[],"yoast_head":"<!-- This site is optimized with the Yoast SEO plugin v25.3.1 - https:\/\/yoast.com\/wordpress\/plugins\/seo\/ -->\n<title>RPM 140\/180 - Pavesi Forni<\/title>\n<meta name=\"robots\" content=\"noindex, follow, max-snippet:-1, max-image-preview:large, max-video-preview:-1\" \/>\n<meta property=\"og:locale\" content=\"es_ES\" \/>\n<meta property=\"og:type\" content=\"article\" \/>\n<meta property=\"og:title\" content=\"RPM 140\/180 - Pavesi Forni\" \/>\n<meta property=\"og:description\" content=\"Un horno de gran capacidad y reactivo, de tama\u00f1o compacto en relaci\u00f3n con su amplia placa de cocci\u00f3n y est\u00e1 fabricado \u00edntegramente a mano en Italia: estas son las caracter\u00edsticas del horno tradicional RPM 140\/180 combinado, el modelo m\u00e1s grande de nuestra producci\u00f3n est\u00e1ndar.  La productividad es su caracter\u00edstica principal, garantizada por la placa de cocci\u00f3n monobloque autodilatadora y por su particular estructura, dise\u00f1ada para el mantenimiento constante de la temperatura y la optimizaci\u00f3n del consumo.  Gracias a la fabricaci\u00f3n artesanal, este modelo es totalmente personalizable en funci\u00f3n de lo que necesite: \u00a1contacte con nosotros para obtener m\u00e1s informaci\u00f3n! Pavesi vende hornos profesionales para hornear pizza en todo el mundo desde 1969, ofreci\u00e9ndole la instalaci\u00f3n y asistencia en cualquier lugar.   &nbsp;  Nota: las im\u00e1genes mostradas en este sitio web tienen \u00fanicamente fines informativos y pueden incluir accesorios que no se suministran de serie. Atenci\u00f3n: las grabaciones de v\u00eddeo no siempre permiten reproducir fielmente los colores y tonos originales.\" \/>\n<meta property=\"og:url\" content=\"https:\/\/pavesi.sviluppokeyweb.com\/es\/rpm-140-180-3\/\" \/>\n<meta property=\"og:site_name\" content=\"Pavesi Forni\" \/>\n<meta property=\"article:modified_time\" content=\"2025-06-19T09:32:56+00:00\" \/>\n<meta property=\"og:image\" content=\"https:\/\/pavesi.sviluppokeyweb.com\/wp-content\/uploads\/2024\/11\/Forno-Tradizionale-RPM-140-180-Combinato-Legna-Gas.webp\" \/>\n\t<meta property=\"og:image:width\" content=\"783\" \/>\n\t<meta property=\"og:image:height\" content=\"933\" \/>\n\t<meta property=\"og:image:type\" content=\"image\/webp\" \/>\n<meta name=\"twitter:card\" content=\"summary_large_image\" \/>\n<meta name=\"twitter:label1\" content=\"Tiempo de lectura\" \/>\n\t<meta name=\"twitter:data1\" content=\"2 minutos\" \/>\n<script type=\"application\/ld+json\" class=\"yoast-schema-graph\">{\"@context\":\"https:\/\/schema.org\",\"@graph\":[{\"@type\":\"WebPage\",\"@id\":\"https:\/\/pavesi.sviluppokeyweb.com\/es\/rpm-140-180-3\/\",\"url\":\"https:\/\/pavesi.sviluppokeyweb.com\/es\/rpm-140-180-3\/\",\"name\":\"RPM 140\/180 - Pavesi Forni\",\"isPartOf\":{\"@id\":\"https:\/\/pavesi.sviluppokeyweb.com\/es\/#website\"},\"primaryImageOfPage\":{\"@id\":\"https:\/\/pavesi.sviluppokeyweb.com\/es\/rpm-140-180-3\/#primaryimage\"},\"image\":{\"@id\":\"https:\/\/pavesi.sviluppokeyweb.com\/es\/rpm-140-180-3\/#primaryimage\"},\"thumbnailUrl\":\"https:\/\/pavesi.sviluppokeyweb.com\/wp-content\/uploads\/2024\/11\/Forno-Tradizionale-RPM-140-180-Combinato-Legna-Gas.webp\",\"datePublished\":\"2024-11-11T13:31:55+00:00\",\"dateModified\":\"2025-06-19T09:32:56+00:00\",\"breadcrumb\":{\"@id\":\"https:\/\/pavesi.sviluppokeyweb.com\/es\/rpm-140-180-3\/#breadcrumb\"},\"inLanguage\":\"es\",\"potentialAction\":[{\"@type\":\"ReadAction\",\"target\":[\"https:\/\/pavesi.sviluppokeyweb.com\/es\/rpm-140-180-3\/\"]}]},{\"@type\":\"ImageObject\",\"inLanguage\":\"es\",\"@id\":\"https:\/\/pavesi.sviluppokeyweb.com\/es\/rpm-140-180-3\/#primaryimage\",\"url\":\"https:\/\/pavesi.sviluppokeyweb.com\/wp-content\/uploads\/2024\/11\/Forno-Tradizionale-RPM-140-180-Combinato-Legna-Gas.webp\",\"contentUrl\":\"https:\/\/pavesi.sviluppokeyweb.com\/wp-content\/uploads\/2024\/11\/Forno-Tradizionale-RPM-140-180-Combinato-Legna-Gas.webp\",\"width\":783,\"height\":933,\"caption\":\"Forno Tradizionale RPM 140-180 Combinato Legna-Gas\"},{\"@type\":\"BreadcrumbList\",\"@id\":\"https:\/\/pavesi.sviluppokeyweb.com\/es\/rpm-140-180-3\/#breadcrumb\",\"itemListElement\":[{\"@type\":\"ListItem\",\"position\":1,\"name\":\"Home\",\"item\":\"https:\/\/pavesi.sviluppokeyweb.com\/es\/\"},{\"@type\":\"ListItem\",\"position\":2,\"name\":\"Nuestros hornos\",\"item\":\"https:\/\/pavesi.sviluppokeyweb.com\/es\/nuestros-hornos\/\"},{\"@type\":\"ListItem\",\"position\":3,\"name\":\"RPM 140\/180\"}]},{\"@type\":\"WebSite\",\"@id\":\"https:\/\/pavesi.sviluppokeyweb.com\/es\/#website\",\"url\":\"https:\/\/pavesi.sviluppokeyweb.com\/es\/\",\"name\":\"Pavesi Forni\",\"description\":\"\",\"potentialAction\":[{\"@type\":\"SearchAction\",\"target\":{\"@type\":\"EntryPoint\",\"urlTemplate\":\"https:\/\/pavesi.sviluppokeyweb.com\/es\/?s={search_term_string}\"},\"query-input\":{\"@type\":\"PropertyValueSpecification\",\"valueRequired\":true,\"valueName\":\"search_term_string\"}}],\"inLanguage\":\"es\"}]}<\/script>\n<!-- \/ Yoast SEO plugin. -->","yoast_head_json":{"title":"RPM 140\/180 - Pavesi Forni","robots":{"index":"noindex","follow":"follow","max-snippet":"max-snippet:-1","max-image-preview":"max-image-preview:large","max-video-preview":"max-video-preview:-1"},"og_locale":"es_ES","og_type":"article","og_title":"RPM 140\/180 - Pavesi Forni","og_description":"Un horno de gran capacidad y reactivo, de tama\u00f1o compacto en relaci\u00f3n con su amplia placa de cocci\u00f3n y est\u00e1 fabricado \u00edntegramente a mano en Italia: estas son las caracter\u00edsticas del horno tradicional RPM 140\/180 combinado, el modelo m\u00e1s grande de nuestra producci\u00f3n est\u00e1ndar.  La productividad es su caracter\u00edstica principal, garantizada por la placa de cocci\u00f3n monobloque autodilatadora y por su particular estructura, dise\u00f1ada para el mantenimiento constante de la temperatura y la optimizaci\u00f3n del consumo.  Gracias a la fabricaci\u00f3n artesanal, este modelo es totalmente personalizable en funci\u00f3n de lo que necesite: \u00a1contacte con nosotros para obtener m\u00e1s informaci\u00f3n! Pavesi vende hornos profesionales para hornear pizza en todo el mundo desde 1969, ofreci\u00e9ndole la instalaci\u00f3n y asistencia en cualquier lugar.   &nbsp;  Nota: las im\u00e1genes mostradas en este sitio web tienen \u00fanicamente fines informativos y pueden incluir accesorios que no se suministran de serie. Atenci\u00f3n: las grabaciones de v\u00eddeo no siempre permiten reproducir fielmente los colores y tonos originales.","og_url":"https:\/\/pavesi.sviluppokeyweb.com\/es\/rpm-140-180-3\/","og_site_name":"Pavesi Forni","article_modified_time":"2025-06-19T09:32:56+00:00","og_image":[{"width":783,"height":933,"url":"https:\/\/pavesi.sviluppokeyweb.com\/wp-content\/uploads\/2024\/11\/Forno-Tradizionale-RPM-140-180-Combinato-Legna-Gas.webp","type":"image\/webp"}],"twitter_card":"summary_large_image","twitter_misc":{"Tiempo de lectura":"2 minutos"},"schema":{"@context":"https:\/\/schema.org","@graph":[{"@type":"WebPage","@id":"https:\/\/pavesi.sviluppokeyweb.com\/es\/rpm-140-180-3\/","url":"https:\/\/pavesi.sviluppokeyweb.com\/es\/rpm-140-180-3\/","name":"RPM 140\/180 - Pavesi Forni","isPartOf":{"@id":"https:\/\/pavesi.sviluppokeyweb.com\/es\/#website"},"primaryImageOfPage":{"@id":"https:\/\/pavesi.sviluppokeyweb.com\/es\/rpm-140-180-3\/#primaryimage"},"image":{"@id":"https:\/\/pavesi.sviluppokeyweb.com\/es\/rpm-140-180-3\/#primaryimage"},"thumbnailUrl":"https:\/\/pavesi.sviluppokeyweb.com\/wp-content\/uploads\/2024\/11\/Forno-Tradizionale-RPM-140-180-Combinato-Legna-Gas.webp","datePublished":"2024-11-11T13:31:55+00:00","dateModified":"2025-06-19T09:32:56+00:00","breadcrumb":{"@id":"https:\/\/pavesi.sviluppokeyweb.com\/es\/rpm-140-180-3\/#breadcrumb"},"inLanguage":"es","potentialAction":[{"@type":"ReadAction","target":["https:\/\/pavesi.sviluppokeyweb.com\/es\/rpm-140-180-3\/"]}]},{"@type":"ImageObject","inLanguage":"es","@id":"https:\/\/pavesi.sviluppokeyweb.com\/es\/rpm-140-180-3\/#primaryimage","url":"https:\/\/pavesi.sviluppokeyweb.com\/wp-content\/uploads\/2024\/11\/Forno-Tradizionale-RPM-140-180-Combinato-Legna-Gas.webp","contentUrl":"https:\/\/pavesi.sviluppokeyweb.com\/wp-content\/uploads\/2024\/11\/Forno-Tradizionale-RPM-140-180-Combinato-Legna-Gas.webp","width":783,"height":933,"caption":"Forno Tradizionale RPM 140-180 Combinato Legna-Gas"},{"@type":"BreadcrumbList","@id":"https:\/\/pavesi.sviluppokeyweb.com\/es\/rpm-140-180-3\/#breadcrumb","itemListElement":[{"@type":"ListItem","position":1,"name":"Home","item":"https:\/\/pavesi.sviluppokeyweb.com\/es\/"},{"@type":"ListItem","position":2,"name":"Nuestros hornos","item":"https:\/\/pavesi.sviluppokeyweb.com\/es\/nuestros-hornos\/"},{"@type":"ListItem","position":3,"name":"RPM 140\/180"}]},{"@type":"WebSite","@id":"https:\/\/pavesi.sviluppokeyweb.com\/es\/#website","url":"https:\/\/pavesi.sviluppokeyweb.com\/es\/","name":"Pavesi Forni","description":"","potentialAction":[{"@type":"SearchAction","target":{"@type":"EntryPoint","urlTemplate":"https:\/\/pavesi.sviluppokeyweb.com\/es\/?s={search_term_string}"},"query-input":{"@type":"PropertyValueSpecification","valueRequired":true,"valueName":"search_term_string"}}],"inLanguage":"es"}]}},"_links":{"self":[{"href":"https:\/\/pavesi.sviluppokeyweb.com\/es\/wp-json\/wp\/v2\/product\/1626","targetHints":{"allow":["GET"]}}],"collection":[{"href":"https:\/\/pavesi.sviluppokeyweb.com\/es\/wp-json\/wp\/v2\/product"}],"about":[{"href":"https:\/\/pavesi.sviluppokeyweb.com\/es\/wp-json\/wp\/v2\/types\/product"}],"replies":[{"embeddable":true,"href":"https:\/\/pavesi.sviluppokeyweb.com\/es\/wp-json\/wp\/v2\/comments?post=1626"}],"wp:featuredmedia":[{"embeddable":true,"href":"https:\/\/pavesi.sviluppokeyweb.com\/es\/wp-json\/wp\/v2\/media\/3253"}],"wp:attachment":[{"href":"https:\/\/pavesi.sviluppokeyweb.com\/es\/wp-json\/wp\/v2\/media?parent=1626"}],"wp:term":[{"taxonomy":"product_brand","embeddable":true,"href":"https:\/\/pavesi.sviluppokeyweb.com\/es\/wp-json\/wp\/v2\/product_brand?post=1626"},{"taxonomy":"product_cat","embeddable":true,"href":"https:\/\/pavesi.sviluppokeyweb.com\/es\/wp-json\/wp\/v2\/product_cat?post=1626"},{"taxonomy":"product_tag","embeddable":true,"href":"https:\/\/pavesi.sviluppokeyweb.com\/es\/wp-json\/wp\/v2\/product_tag?post=1626"}],"curies":[{"name":"wp","href":"https:\/\/api.w.org\/{rel}","templated":true}]}}