{"id":1642,"date":"2024-11-11T13:26:49","date_gmt":"2024-11-11T13:26:49","guid":{"rendered":"https:\/\/pavesi.sviluppokeyweb.com\/product\/joy-120-3\/"},"modified":"2025-06-19T07:39:43","modified_gmt":"2025-06-19T07:39:43","slug":"joy-120-3","status":"publish","type":"product","link":"https:\/\/pavesi.sviluppokeyweb.com\/es\/joy-120-3\/","title":{"rendered":"JOY 120"},"content":{"rendered":"<p>Desde <strong>1969<\/strong> Pavesi satisface las peticiones de restaurantes, pizzer\u00edas y locales de todo el mundo, ofreciendo adem\u00e1s l\u00edneas de hornos combinados que permiten <strong>tanto el uso con le\u00f1a como con gas<\/strong> para ofrecer un sabor excepcional y \u00fanico, pero tambi\u00e9n comodidad, innovaci\u00f3n y eficacia.<\/p>\n<p>El <strong>horno tradicional Joy 120<\/strong> es un horno <strong>combinado<\/strong> con placa fija monobloque: su estructura permite alcanzar una alta temperatura y mantenerla constante sin esfuerzo, ahorrando tambi\u00e9n en el consumo y, por consiguiente, en los costes. El <strong>tama\u00f1o compacto<\/strong>, la alta <strong>reactividad<\/strong> y el <strong>dise\u00f1o<\/strong> caracter\u00edstico hacen que sea \u00fanico en su g\u00e9nero, muy valorado por nuestros clientes.<\/p>\n<p><strong>\u00a1Contacte con nosotros para obtener m\u00e1s informaci\u00f3n o solicitar personalizaciones! Estamos a su disposici\u00f3n para ofrecerle la instalaci\u00f3n y asistencia donde se encuentre. <\/strong><\/p>\n<p>&nbsp;<\/p>\n<p><strong>Nota: <\/strong>las im\u00e1genes mostradas en este sitio web tienen \u00fanicamente fines informativos y pueden incluir accesorios que no se suministran de serie. <strong>Atenci\u00f3n: <\/strong>las grabaciones de v\u00eddeo no siempre permiten reproducir fielmente los colores y tonos originales.<\/p>\n","protected":false},"excerpt":{"rendered":"<p>Desde <strong>1969<\/strong> Pavesi satisface las peticiones de restaurantes, pizzer\u00edas y locales de todo el mundo, ofreciendo adem\u00e1s l\u00edneas de hornos combinados que permiten <strong>tanto el uso con le\u00f1a como con gas<\/strong> para ofrecer un sabor excepcional y \u00fanico, pero tambi\u00e9n comodidad, innovaci\u00f3n y eficacia.<\/p>\n<p>El <strong>horno tradicional Joy 120<\/strong> es un horno <strong>combinado<\/strong> con placa fija monobloque: su estructura permite alcanzar una alta temperatura y mantenerla constante sin esfuerzo, ahorrando tambi\u00e9n en el consumo y, por consiguiente, en los costes. El <strong>tama\u00f1o compacto<\/strong>, la alta <strong>reactividad<\/strong> y el <strong>dise\u00f1o<\/strong> caracter\u00edstico hacen que sea \u00fanico en su g\u00e9nero, muy valorado por nuestros clientes.<\/p>\n<p><strong>\u00a1Contacte con nosotros para obtener m\u00e1s informaci\u00f3n o solicitar personalizaciones! Estamos a su disposici\u00f3n para ofrecerle la instalaci\u00f3n y asistencia donde se encuentre. <\/strong><\/p>\n<p>&nbsp;<\/p>\n<p><strong>Nota: <\/strong>las im\u00e1genes mostradas en este sitio web tienen \u00fanicamente fines informativos y pueden incluir accesorios que no se suministran de serie. <strong>Atenci\u00f3n: <\/strong>las grabaciones de v\u00eddeo no siempre permiten reproducir fielmente los colores y tonos originales.<\/p>\n","protected":false},"featured_media":3143,"comment_status":"closed","ping_status":"closed","template":"","meta":{"_acf_changed":false,"inline_featured_image":false},"product_brand":[],"product_cat":[127,132],"product_tag":[],"class_list":{"0":"post-1642","1":"product","2":"type-product","3":"status-publish","4":"has-post-thumbnail","6":"product_cat-hornos-combinados","7":"product_cat-tradicionales-joy-hornos-combinados","8":"pa_capacita-pizze-fino-a-6-es","9":"pa_piano-fisso-es","11":"first","12":"instock","13":"shipping-taxable","14":"product-type-simple"},"acf":[],"yoast_head":"<!-- This site is optimized with the Yoast SEO plugin v25.3.1 - https:\/\/yoast.com\/wordpress\/plugins\/seo\/ -->\n<title>JOY 120 - Pavesi Forni<\/title>\n<meta name=\"robots\" content=\"noindex, follow, max-snippet:-1, max-image-preview:large, max-video-preview:-1\" \/>\n<meta property=\"og:locale\" content=\"es_ES\" \/>\n<meta property=\"og:type\" content=\"article\" \/>\n<meta property=\"og:title\" content=\"JOY 120 - Pavesi Forni\" \/>\n<meta property=\"og:description\" content=\"Desde 1969 Pavesi satisface las peticiones de restaurantes, pizzer\u00edas y locales de todo el mundo, ofreciendo adem\u00e1s l\u00edneas de hornos combinados que permiten tanto el uso con le\u00f1a como con gas para ofrecer un sabor excepcional y \u00fanico, pero tambi\u00e9n comodidad, innovaci\u00f3n y eficacia.  El horno tradicional Joy 120 es un horno combinado con placa fija monobloque: su estructura permite alcanzar una alta temperatura y mantenerla constante sin esfuerzo, ahorrando tambi\u00e9n en el consumo y, por consiguiente, en los costes. El tama\u00f1o compacto, la alta reactividad y el dise\u00f1o caracter\u00edstico hacen que sea \u00fanico en su g\u00e9nero, muy valorado por nuestros clientes.  \u00a1Contacte con nosotros para obtener m\u00e1s informaci\u00f3n o solicitar personalizaciones! Estamos a su disposici\u00f3n para ofrecerle la instalaci\u00f3n y asistencia donde se encuentre.   &nbsp;  Nota: las im\u00e1genes mostradas en este sitio web tienen \u00fanicamente fines informativos y pueden incluir accesorios que no se suministran de serie. Atenci\u00f3n: las grabaciones de v\u00eddeo no siempre permiten reproducir fielmente los colores y tonos originales.\" \/>\n<meta property=\"og:url\" content=\"https:\/\/pavesi.sviluppokeyweb.com\/es\/joy-120-3\/\" \/>\n<meta property=\"og:site_name\" content=\"Pavesi Forni\" \/>\n<meta property=\"article:modified_time\" content=\"2025-06-19T07:39:43+00:00\" \/>\n<meta property=\"og:image\" content=\"https:\/\/pavesi.sviluppokeyweb.com\/wp-content\/uploads\/2024\/11\/Forno-Tradizionale-Joy-120-Combinato-Legna-Gas.webp\" \/>\n\t<meta property=\"og:image:width\" content=\"727\" \/>\n\t<meta property=\"og:image:height\" content=\"1000\" \/>\n\t<meta property=\"og:image:type\" content=\"image\/webp\" \/>\n<meta name=\"twitter:card\" content=\"summary_large_image\" \/>\n<meta name=\"twitter:label1\" content=\"Tiempo de lectura\" \/>\n\t<meta name=\"twitter:data1\" content=\"2 minutos\" \/>\n<script type=\"application\/ld+json\" class=\"yoast-schema-graph\">{\"@context\":\"https:\/\/schema.org\",\"@graph\":[{\"@type\":\"WebPage\",\"@id\":\"https:\/\/pavesi.sviluppokeyweb.com\/es\/joy-120-3\/\",\"url\":\"https:\/\/pavesi.sviluppokeyweb.com\/es\/joy-120-3\/\",\"name\":\"JOY 120 - Pavesi Forni\",\"isPartOf\":{\"@id\":\"https:\/\/pavesi.sviluppokeyweb.com\/es\/#website\"},\"primaryImageOfPage\":{\"@id\":\"https:\/\/pavesi.sviluppokeyweb.com\/es\/joy-120-3\/#primaryimage\"},\"image\":{\"@id\":\"https:\/\/pavesi.sviluppokeyweb.com\/es\/joy-120-3\/#primaryimage\"},\"thumbnailUrl\":\"https:\/\/pavesi.sviluppokeyweb.com\/wp-content\/uploads\/2024\/11\/Forno-Tradizionale-Joy-120-Combinato-Legna-Gas.webp\",\"datePublished\":\"2024-11-11T13:26:49+00:00\",\"dateModified\":\"2025-06-19T07:39:43+00:00\",\"breadcrumb\":{\"@id\":\"https:\/\/pavesi.sviluppokeyweb.com\/es\/joy-120-3\/#breadcrumb\"},\"inLanguage\":\"es\",\"potentialAction\":[{\"@type\":\"ReadAction\",\"target\":[\"https:\/\/pavesi.sviluppokeyweb.com\/es\/joy-120-3\/\"]}]},{\"@type\":\"ImageObject\",\"inLanguage\":\"es\",\"@id\":\"https:\/\/pavesi.sviluppokeyweb.com\/es\/joy-120-3\/#primaryimage\",\"url\":\"https:\/\/pavesi.sviluppokeyweb.com\/wp-content\/uploads\/2024\/11\/Forno-Tradizionale-Joy-120-Combinato-Legna-Gas.webp\",\"contentUrl\":\"https:\/\/pavesi.sviluppokeyweb.com\/wp-content\/uploads\/2024\/11\/Forno-Tradizionale-Joy-120-Combinato-Legna-Gas.webp\",\"width\":727,\"height\":1000,\"caption\":\"Forno Tradizionale Joy 120 Combinato Legna-Gas\"},{\"@type\":\"BreadcrumbList\",\"@id\":\"https:\/\/pavesi.sviluppokeyweb.com\/es\/joy-120-3\/#breadcrumb\",\"itemListElement\":[{\"@type\":\"ListItem\",\"position\":1,\"name\":\"Home\",\"item\":\"https:\/\/pavesi.sviluppokeyweb.com\/es\/\"},{\"@type\":\"ListItem\",\"position\":2,\"name\":\"Nuestros hornos\",\"item\":\"https:\/\/pavesi.sviluppokeyweb.com\/es\/nuestros-hornos\/\"},{\"@type\":\"ListItem\",\"position\":3,\"name\":\"JOY 120\"}]},{\"@type\":\"WebSite\",\"@id\":\"https:\/\/pavesi.sviluppokeyweb.com\/es\/#website\",\"url\":\"https:\/\/pavesi.sviluppokeyweb.com\/es\/\",\"name\":\"Pavesi Forni\",\"description\":\"\",\"potentialAction\":[{\"@type\":\"SearchAction\",\"target\":{\"@type\":\"EntryPoint\",\"urlTemplate\":\"https:\/\/pavesi.sviluppokeyweb.com\/es\/?s={search_term_string}\"},\"query-input\":{\"@type\":\"PropertyValueSpecification\",\"valueRequired\":true,\"valueName\":\"search_term_string\"}}],\"inLanguage\":\"es\"}]}<\/script>\n<!-- \/ Yoast SEO plugin. -->","yoast_head_json":{"title":"JOY 120 - Pavesi Forni","robots":{"index":"noindex","follow":"follow","max-snippet":"max-snippet:-1","max-image-preview":"max-image-preview:large","max-video-preview":"max-video-preview:-1"},"og_locale":"es_ES","og_type":"article","og_title":"JOY 120 - Pavesi Forni","og_description":"Desde 1969 Pavesi satisface las peticiones de restaurantes, pizzer\u00edas y locales de todo el mundo, ofreciendo adem\u00e1s l\u00edneas de hornos combinados que permiten tanto el uso con le\u00f1a como con gas para ofrecer un sabor excepcional y \u00fanico, pero tambi\u00e9n comodidad, innovaci\u00f3n y eficacia.  El horno tradicional Joy 120 es un horno combinado con placa fija monobloque: su estructura permite alcanzar una alta temperatura y mantenerla constante sin esfuerzo, ahorrando tambi\u00e9n en el consumo y, por consiguiente, en los costes. El tama\u00f1o compacto, la alta reactividad y el dise\u00f1o caracter\u00edstico hacen que sea \u00fanico en su g\u00e9nero, muy valorado por nuestros clientes.  \u00a1Contacte con nosotros para obtener m\u00e1s informaci\u00f3n o solicitar personalizaciones! Estamos a su disposici\u00f3n para ofrecerle la instalaci\u00f3n y asistencia donde se encuentre.   &nbsp;  Nota: las im\u00e1genes mostradas en este sitio web tienen \u00fanicamente fines informativos y pueden incluir accesorios que no se suministran de serie. Atenci\u00f3n: las grabaciones de v\u00eddeo no siempre permiten reproducir fielmente los colores y tonos originales.","og_url":"https:\/\/pavesi.sviluppokeyweb.com\/es\/joy-120-3\/","og_site_name":"Pavesi Forni","article_modified_time":"2025-06-19T07:39:43+00:00","og_image":[{"width":727,"height":1000,"url":"https:\/\/pavesi.sviluppokeyweb.com\/wp-content\/uploads\/2024\/11\/Forno-Tradizionale-Joy-120-Combinato-Legna-Gas.webp","type":"image\/webp"}],"twitter_card":"summary_large_image","twitter_misc":{"Tiempo de lectura":"2 minutos"},"schema":{"@context":"https:\/\/schema.org","@graph":[{"@type":"WebPage","@id":"https:\/\/pavesi.sviluppokeyweb.com\/es\/joy-120-3\/","url":"https:\/\/pavesi.sviluppokeyweb.com\/es\/joy-120-3\/","name":"JOY 120 - Pavesi Forni","isPartOf":{"@id":"https:\/\/pavesi.sviluppokeyweb.com\/es\/#website"},"primaryImageOfPage":{"@id":"https:\/\/pavesi.sviluppokeyweb.com\/es\/joy-120-3\/#primaryimage"},"image":{"@id":"https:\/\/pavesi.sviluppokeyweb.com\/es\/joy-120-3\/#primaryimage"},"thumbnailUrl":"https:\/\/pavesi.sviluppokeyweb.com\/wp-content\/uploads\/2024\/11\/Forno-Tradizionale-Joy-120-Combinato-Legna-Gas.webp","datePublished":"2024-11-11T13:26:49+00:00","dateModified":"2025-06-19T07:39:43+00:00","breadcrumb":{"@id":"https:\/\/pavesi.sviluppokeyweb.com\/es\/joy-120-3\/#breadcrumb"},"inLanguage":"es","potentialAction":[{"@type":"ReadAction","target":["https:\/\/pavesi.sviluppokeyweb.com\/es\/joy-120-3\/"]}]},{"@type":"ImageObject","inLanguage":"es","@id":"https:\/\/pavesi.sviluppokeyweb.com\/es\/joy-120-3\/#primaryimage","url":"https:\/\/pavesi.sviluppokeyweb.com\/wp-content\/uploads\/2024\/11\/Forno-Tradizionale-Joy-120-Combinato-Legna-Gas.webp","contentUrl":"https:\/\/pavesi.sviluppokeyweb.com\/wp-content\/uploads\/2024\/11\/Forno-Tradizionale-Joy-120-Combinato-Legna-Gas.webp","width":727,"height":1000,"caption":"Forno Tradizionale Joy 120 Combinato Legna-Gas"},{"@type":"BreadcrumbList","@id":"https:\/\/pavesi.sviluppokeyweb.com\/es\/joy-120-3\/#breadcrumb","itemListElement":[{"@type":"ListItem","position":1,"name":"Home","item":"https:\/\/pavesi.sviluppokeyweb.com\/es\/"},{"@type":"ListItem","position":2,"name":"Nuestros hornos","item":"https:\/\/pavesi.sviluppokeyweb.com\/es\/nuestros-hornos\/"},{"@type":"ListItem","position":3,"name":"JOY 120"}]},{"@type":"WebSite","@id":"https:\/\/pavesi.sviluppokeyweb.com\/es\/#website","url":"https:\/\/pavesi.sviluppokeyweb.com\/es\/","name":"Pavesi Forni","description":"","potentialAction":[{"@type":"SearchAction","target":{"@type":"EntryPoint","urlTemplate":"https:\/\/pavesi.sviluppokeyweb.com\/es\/?s={search_term_string}"},"query-input":{"@type":"PropertyValueSpecification","valueRequired":true,"valueName":"search_term_string"}}],"inLanguage":"es"}]}},"_links":{"self":[{"href":"https:\/\/pavesi.sviluppokeyweb.com\/es\/wp-json\/wp\/v2\/product\/1642","targetHints":{"allow":["GET"]}}],"collection":[{"href":"https:\/\/pavesi.sviluppokeyweb.com\/es\/wp-json\/wp\/v2\/product"}],"about":[{"href":"https:\/\/pavesi.sviluppokeyweb.com\/es\/wp-json\/wp\/v2\/types\/product"}],"replies":[{"embeddable":true,"href":"https:\/\/pavesi.sviluppokeyweb.com\/es\/wp-json\/wp\/v2\/comments?post=1642"}],"wp:featuredmedia":[{"embeddable":true,"href":"https:\/\/pavesi.sviluppokeyweb.com\/es\/wp-json\/wp\/v2\/media\/3143"}],"wp:attachment":[{"href":"https:\/\/pavesi.sviluppokeyweb.com\/es\/wp-json\/wp\/v2\/media?parent=1642"}],"wp:term":[{"taxonomy":"product_brand","embeddable":true,"href":"https:\/\/pavesi.sviluppokeyweb.com\/es\/wp-json\/wp\/v2\/product_brand?post=1642"},{"taxonomy":"product_cat","embeddable":true,"href":"https:\/\/pavesi.sviluppokeyweb.com\/es\/wp-json\/wp\/v2\/product_cat?post=1642"},{"taxonomy":"product_tag","embeddable":true,"href":"https:\/\/pavesi.sviluppokeyweb.com\/es\/wp-json\/wp\/v2\/product_tag?post=1642"}],"curies":[{"name":"wp","href":"https:\/\/api.w.org\/{rel}","templated":true}]}}