{"id":1694,"date":"2024-11-11T13:16:00","date_gmt":"2024-11-11T13:16:00","guid":{"rendered":"https:\/\/pavesi.sviluppokeyweb.com\/product\/joy-90-2\/"},"modified":"2025-06-18T13:10:44","modified_gmt":"2025-06-18T13:10:44","slug":"joy-90-2","status":"publish","type":"product","link":"https:\/\/pavesi.sviluppokeyweb.com\/es\/joy-90-2\/","title":{"rendered":"JOY 90"},"content":{"rendered":"<p>El horno profesional <strong>Joy 90<\/strong> es un horno de gas con <strong>placa de cocci\u00f3n monobloque fija<\/strong> que ofrece unas prestaciones profesionales a pesar de su <strong>tama\u00f1o compacto<\/strong>. Al igual que todos nuestros hornos, garantiza una cocci\u00f3n uniforme de las pizzas con un rendimiento excepcional; adem\u00e1s, la cubierta de fibra de vidrio personalizable hace que sea vers\u00e1til para cualquier requisito est\u00e9tico y de dise\u00f1o. En resumen, un concentrado de eficiencia y estilo.<\/p>\n<p>Con una experiencia artesanal de m\u00e1s de <strong>50 a\u00f1os<\/strong>, vendemos hornos fabricados a mano <strong>en todo el mundo<\/strong>, ofreciendo instalaci\u00f3n \u00abin situ\u00bb y asistencia todos los d\u00edas de la semana. \u00a1<strong>Cont\u00e1ctenos<\/strong> para hablar con nuestros expertos y solicitar todas las personalizaciones que necesite! Estamos a su disposici\u00f3n.<\/p>\n<p>&nbsp;<\/p>\n<p><strong>Nota: <\/strong>las im\u00e1genes mostradas en este sitio web tienen \u00fanicamente fines informativos y pueden incluir accesorios que no se suministran de serie. <strong>Atenci\u00f3n: <\/strong>las grabaciones de v\u00eddeo no siempre permiten reproducir fielmente los colores y tonos originales.<\/p>\n","protected":false},"excerpt":{"rendered":"<p>El horno profesional <strong>Joy 90<\/strong> es un horno de gas con <strong>placa de cocci\u00f3n monobloque fija<\/strong> que ofrece unas prestaciones profesionales a pesar de su <strong>tama\u00f1o compacto<\/strong>. Al igual que todos nuestros hornos, garantiza una cocci\u00f3n uniforme de las pizzas con un rendimiento excepcional; adem\u00e1s, la cubierta de fibra de vidrio personalizable hace que sea vers\u00e1til para cualquier requisito est\u00e9tico y de dise\u00f1o. En resumen, un concentrado de eficiencia y estilo.<\/p>\n<p>Con una experiencia artesanal de m\u00e1s de <strong>50 a\u00f1os<\/strong>, vendemos hornos fabricados a mano <strong>en todo el mundo<\/strong>, ofreciendo instalaci\u00f3n \u00abin situ\u00bb y asistencia todos los d\u00edas de la semana. \u00a1<strong>Cont\u00e1ctenos<\/strong> para hablar con nuestros expertos y solicitar todas las personalizaciones que necesite! Estamos a su disposici\u00f3n.<\/p>\n<p>&nbsp;<\/p>\n<p><strong>Nota: <\/strong>las im\u00e1genes mostradas en este sitio web tienen \u00fanicamente fines informativos y pueden incluir accesorios que no se suministran de serie. <strong>Atenci\u00f3n: <\/strong>las grabaciones de v\u00eddeo no siempre permiten reproducir fielmente los colores y tonos originales.<\/p>\n","protected":false},"featured_media":2820,"comment_status":"closed","ping_status":"closed","template":"","meta":{"_acf_changed":false,"inline_featured_image":false},"product_brand":[],"product_cat":[120,164],"product_tag":[],"class_list":{"0":"post-1694","1":"product","2":"type-product","3":"status-publish","4":"has-post-thumbnail","6":"product_cat-hornos-de-gas","7":"product_cat-tradicionales-joy-hornos-de-gas","8":"pa_capacita-pizze-fino-a-3-es","9":"pa_piano-fisso-es","11":"first","12":"instock","13":"shipping-taxable","14":"product-type-simple"},"acf":[],"yoast_head":"<!-- This site is optimized with the Yoast SEO plugin v25.3.1 - https:\/\/yoast.com\/wordpress\/plugins\/seo\/ -->\n<title>JOY 90 - Pavesi Forni<\/title>\n<meta name=\"robots\" content=\"noindex, follow, max-snippet:-1, max-image-preview:large, max-video-preview:-1\" \/>\n<meta property=\"og:locale\" content=\"es_ES\" \/>\n<meta property=\"og:type\" content=\"article\" \/>\n<meta property=\"og:title\" content=\"JOY 90 - Pavesi Forni\" \/>\n<meta property=\"og:description\" content=\"El horno profesional Joy 90 es un horno de gas con placa de cocci\u00f3n monobloque fija que ofrece unas prestaciones profesionales a pesar de su tama\u00f1o compacto. Al igual que todos nuestros hornos, garantiza una cocci\u00f3n uniforme de las pizzas con un rendimiento excepcional; adem\u00e1s, la cubierta de fibra de vidrio personalizable hace que sea vers\u00e1til para cualquier requisito est\u00e9tico y de dise\u00f1o. En resumen, un concentrado de eficiencia y estilo.  Con una experiencia artesanal de m\u00e1s de 50 a\u00f1os, vendemos hornos fabricados a mano en todo el mundo, ofreciendo instalaci\u00f3n \u00abin situ\u00bb y asistencia todos los d\u00edas de la semana. \u00a1Cont\u00e1ctenos para hablar con nuestros expertos y solicitar todas las personalizaciones que necesite! Estamos a su disposici\u00f3n.  &nbsp;  Nota: las im\u00e1genes mostradas en este sitio web tienen \u00fanicamente fines informativos y pueden incluir accesorios que no se suministran de serie. Atenci\u00f3n: las grabaciones de v\u00eddeo no siempre permiten reproducir fielmente los colores y tonos originales.\" \/>\n<meta property=\"og:url\" content=\"https:\/\/pavesi.sviluppokeyweb.com\/es\/joy-90-2\/\" \/>\n<meta property=\"og:site_name\" content=\"Pavesi Forni\" \/>\n<meta property=\"article:modified_time\" content=\"2025-06-18T13:10:44+00:00\" \/>\n<meta property=\"og:image\" content=\"https:\/\/pavesi.sviluppokeyweb.com\/wp-content\/uploads\/2024\/11\/Forno-Professionale-Joy-90-a-Gas-con-piano-cottura-monoblocco.webp\" \/>\n\t<meta property=\"og:image:width\" content=\"713\" \/>\n\t<meta property=\"og:image:height\" content=\"875\" \/>\n\t<meta property=\"og:image:type\" content=\"image\/webp\" \/>\n<meta name=\"twitter:card\" content=\"summary_large_image\" \/>\n<meta name=\"twitter:label1\" content=\"Tiempo de lectura\" \/>\n\t<meta name=\"twitter:data1\" content=\"2 minutos\" \/>\n<script type=\"application\/ld+json\" class=\"yoast-schema-graph\">{\"@context\":\"https:\/\/schema.org\",\"@graph\":[{\"@type\":\"WebPage\",\"@id\":\"https:\/\/pavesi.sviluppokeyweb.com\/es\/joy-90-2\/\",\"url\":\"https:\/\/pavesi.sviluppokeyweb.com\/es\/joy-90-2\/\",\"name\":\"JOY 90 - Pavesi Forni\",\"isPartOf\":{\"@id\":\"https:\/\/pavesi.sviluppokeyweb.com\/es\/#website\"},\"primaryImageOfPage\":{\"@id\":\"https:\/\/pavesi.sviluppokeyweb.com\/es\/joy-90-2\/#primaryimage\"},\"image\":{\"@id\":\"https:\/\/pavesi.sviluppokeyweb.com\/es\/joy-90-2\/#primaryimage\"},\"thumbnailUrl\":\"https:\/\/pavesi.sviluppokeyweb.com\/wp-content\/uploads\/2024\/11\/Forno-Professionale-Joy-90-a-Gas-con-piano-cottura-monoblocco.webp\",\"datePublished\":\"2024-11-11T13:16:00+00:00\",\"dateModified\":\"2025-06-18T13:10:44+00:00\",\"breadcrumb\":{\"@id\":\"https:\/\/pavesi.sviluppokeyweb.com\/es\/joy-90-2\/#breadcrumb\"},\"inLanguage\":\"es\",\"potentialAction\":[{\"@type\":\"ReadAction\",\"target\":[\"https:\/\/pavesi.sviluppokeyweb.com\/es\/joy-90-2\/\"]}]},{\"@type\":\"ImageObject\",\"inLanguage\":\"es\",\"@id\":\"https:\/\/pavesi.sviluppokeyweb.com\/es\/joy-90-2\/#primaryimage\",\"url\":\"https:\/\/pavesi.sviluppokeyweb.com\/wp-content\/uploads\/2024\/11\/Forno-Professionale-Joy-90-a-Gas-con-piano-cottura-monoblocco.webp\",\"contentUrl\":\"https:\/\/pavesi.sviluppokeyweb.com\/wp-content\/uploads\/2024\/11\/Forno-Professionale-Joy-90-a-Gas-con-piano-cottura-monoblocco.webp\",\"width\":713,\"height\":875,\"caption\":\"Forno Professionale Joy 90 a Gas con piano cottura monoblocco\"},{\"@type\":\"BreadcrumbList\",\"@id\":\"https:\/\/pavesi.sviluppokeyweb.com\/es\/joy-90-2\/#breadcrumb\",\"itemListElement\":[{\"@type\":\"ListItem\",\"position\":1,\"name\":\"Home\",\"item\":\"https:\/\/pavesi.sviluppokeyweb.com\/es\/\"},{\"@type\":\"ListItem\",\"position\":2,\"name\":\"Nuestros hornos\",\"item\":\"https:\/\/pavesi.sviluppokeyweb.com\/es\/nuestros-hornos\/\"},{\"@type\":\"ListItem\",\"position\":3,\"name\":\"JOY 90\"}]},{\"@type\":\"WebSite\",\"@id\":\"https:\/\/pavesi.sviluppokeyweb.com\/es\/#website\",\"url\":\"https:\/\/pavesi.sviluppokeyweb.com\/es\/\",\"name\":\"Pavesi Forni\",\"description\":\"\",\"potentialAction\":[{\"@type\":\"SearchAction\",\"target\":{\"@type\":\"EntryPoint\",\"urlTemplate\":\"https:\/\/pavesi.sviluppokeyweb.com\/es\/?s={search_term_string}\"},\"query-input\":{\"@type\":\"PropertyValueSpecification\",\"valueRequired\":true,\"valueName\":\"search_term_string\"}}],\"inLanguage\":\"es\"}]}<\/script>\n<!-- \/ Yoast SEO plugin. -->","yoast_head_json":{"title":"JOY 90 - Pavesi Forni","robots":{"index":"noindex","follow":"follow","max-snippet":"max-snippet:-1","max-image-preview":"max-image-preview:large","max-video-preview":"max-video-preview:-1"},"og_locale":"es_ES","og_type":"article","og_title":"JOY 90 - Pavesi Forni","og_description":"El horno profesional Joy 90 es un horno de gas con placa de cocci\u00f3n monobloque fija que ofrece unas prestaciones profesionales a pesar de su tama\u00f1o compacto. Al igual que todos nuestros hornos, garantiza una cocci\u00f3n uniforme de las pizzas con un rendimiento excepcional; adem\u00e1s, la cubierta de fibra de vidrio personalizable hace que sea vers\u00e1til para cualquier requisito est\u00e9tico y de dise\u00f1o. En resumen, un concentrado de eficiencia y estilo.  Con una experiencia artesanal de m\u00e1s de 50 a\u00f1os, vendemos hornos fabricados a mano en todo el mundo, ofreciendo instalaci\u00f3n \u00abin situ\u00bb y asistencia todos los d\u00edas de la semana. \u00a1Cont\u00e1ctenos para hablar con nuestros expertos y solicitar todas las personalizaciones que necesite! Estamos a su disposici\u00f3n.  &nbsp;  Nota: las im\u00e1genes mostradas en este sitio web tienen \u00fanicamente fines informativos y pueden incluir accesorios que no se suministran de serie. Atenci\u00f3n: las grabaciones de v\u00eddeo no siempre permiten reproducir fielmente los colores y tonos originales.","og_url":"https:\/\/pavesi.sviluppokeyweb.com\/es\/joy-90-2\/","og_site_name":"Pavesi Forni","article_modified_time":"2025-06-18T13:10:44+00:00","og_image":[{"width":713,"height":875,"url":"https:\/\/pavesi.sviluppokeyweb.com\/wp-content\/uploads\/2024\/11\/Forno-Professionale-Joy-90-a-Gas-con-piano-cottura-monoblocco.webp","type":"image\/webp"}],"twitter_card":"summary_large_image","twitter_misc":{"Tiempo de lectura":"2 minutos"},"schema":{"@context":"https:\/\/schema.org","@graph":[{"@type":"WebPage","@id":"https:\/\/pavesi.sviluppokeyweb.com\/es\/joy-90-2\/","url":"https:\/\/pavesi.sviluppokeyweb.com\/es\/joy-90-2\/","name":"JOY 90 - Pavesi Forni","isPartOf":{"@id":"https:\/\/pavesi.sviluppokeyweb.com\/es\/#website"},"primaryImageOfPage":{"@id":"https:\/\/pavesi.sviluppokeyweb.com\/es\/joy-90-2\/#primaryimage"},"image":{"@id":"https:\/\/pavesi.sviluppokeyweb.com\/es\/joy-90-2\/#primaryimage"},"thumbnailUrl":"https:\/\/pavesi.sviluppokeyweb.com\/wp-content\/uploads\/2024\/11\/Forno-Professionale-Joy-90-a-Gas-con-piano-cottura-monoblocco.webp","datePublished":"2024-11-11T13:16:00+00:00","dateModified":"2025-06-18T13:10:44+00:00","breadcrumb":{"@id":"https:\/\/pavesi.sviluppokeyweb.com\/es\/joy-90-2\/#breadcrumb"},"inLanguage":"es","potentialAction":[{"@type":"ReadAction","target":["https:\/\/pavesi.sviluppokeyweb.com\/es\/joy-90-2\/"]}]},{"@type":"ImageObject","inLanguage":"es","@id":"https:\/\/pavesi.sviluppokeyweb.com\/es\/joy-90-2\/#primaryimage","url":"https:\/\/pavesi.sviluppokeyweb.com\/wp-content\/uploads\/2024\/11\/Forno-Professionale-Joy-90-a-Gas-con-piano-cottura-monoblocco.webp","contentUrl":"https:\/\/pavesi.sviluppokeyweb.com\/wp-content\/uploads\/2024\/11\/Forno-Professionale-Joy-90-a-Gas-con-piano-cottura-monoblocco.webp","width":713,"height":875,"caption":"Forno Professionale Joy 90 a Gas con piano cottura monoblocco"},{"@type":"BreadcrumbList","@id":"https:\/\/pavesi.sviluppokeyweb.com\/es\/joy-90-2\/#breadcrumb","itemListElement":[{"@type":"ListItem","position":1,"name":"Home","item":"https:\/\/pavesi.sviluppokeyweb.com\/es\/"},{"@type":"ListItem","position":2,"name":"Nuestros hornos","item":"https:\/\/pavesi.sviluppokeyweb.com\/es\/nuestros-hornos\/"},{"@type":"ListItem","position":3,"name":"JOY 90"}]},{"@type":"WebSite","@id":"https:\/\/pavesi.sviluppokeyweb.com\/es\/#website","url":"https:\/\/pavesi.sviluppokeyweb.com\/es\/","name":"Pavesi Forni","description":"","potentialAction":[{"@type":"SearchAction","target":{"@type":"EntryPoint","urlTemplate":"https:\/\/pavesi.sviluppokeyweb.com\/es\/?s={search_term_string}"},"query-input":{"@type":"PropertyValueSpecification","valueRequired":true,"valueName":"search_term_string"}}],"inLanguage":"es"}]}},"_links":{"self":[{"href":"https:\/\/pavesi.sviluppokeyweb.com\/es\/wp-json\/wp\/v2\/product\/1694","targetHints":{"allow":["GET"]}}],"collection":[{"href":"https:\/\/pavesi.sviluppokeyweb.com\/es\/wp-json\/wp\/v2\/product"}],"about":[{"href":"https:\/\/pavesi.sviluppokeyweb.com\/es\/wp-json\/wp\/v2\/types\/product"}],"replies":[{"embeddable":true,"href":"https:\/\/pavesi.sviluppokeyweb.com\/es\/wp-json\/wp\/v2\/comments?post=1694"}],"wp:featuredmedia":[{"embeddable":true,"href":"https:\/\/pavesi.sviluppokeyweb.com\/es\/wp-json\/wp\/v2\/media\/2820"}],"wp:attachment":[{"href":"https:\/\/pavesi.sviluppokeyweb.com\/es\/wp-json\/wp\/v2\/media?parent=1694"}],"wp:term":[{"taxonomy":"product_brand","embeddable":true,"href":"https:\/\/pavesi.sviluppokeyweb.com\/es\/wp-json\/wp\/v2\/product_brand?post=1694"},{"taxonomy":"product_cat","embeddable":true,"href":"https:\/\/pavesi.sviluppokeyweb.com\/es\/wp-json\/wp\/v2\/product_cat?post=1694"},{"taxonomy":"product_tag","embeddable":true,"href":"https:\/\/pavesi.sviluppokeyweb.com\/es\/wp-json\/wp\/v2\/product_tag?post=1694"}],"curies":[{"name":"wp","href":"https:\/\/api.w.org\/{rel}","templated":true}]}}