{"id":1734,"date":"2024-11-11T13:07:27","date_gmt":"2024-11-11T13:07:27","guid":{"rendered":"https:\/\/pavesi.sviluppokeyweb.com\/product\/joy-60-tw-gas-front\/"},"modified":"2025-06-18T11:57:25","modified_gmt":"2025-06-18T11:57:25","slug":"joy-60-tw-gas-front","status":"publish","type":"product","link":"https:\/\/pavesi.sviluppokeyweb.com\/es\/forno-rotativo-joy-60-tw-a-gas\/","title":{"rendered":"JOY 60 TW GAS FRONT"},"content":{"rendered":"<p>El <strong>horno giratorio<\/strong> <strong>Joy 60 TW Gas Front<\/strong> de gas es un horno fabricado de forma artesanal para combinar versatilidad y eficacia. Con una placa giratoria de 62\u00a0cm de di\u00e1metro se puede utilizar para la <strong>cocci\u00f3n de una o dos pizzas al mismo tiempo<\/strong>, pero tambi\u00e9n es adecuado para la <strong>cocci\u00f3n de pan, asados y estofados.<\/strong><\/p>\n<p>Este modelo de gas se vende con quemador de una llama P1 con control manual de serie, mientras que su color es totalmente <strong>personalizable<\/strong>, seg\u00fan los requisitos de estilo y dise\u00f1o. Experiencia y pasi\u00f3n respaldan nuestro trabajo desde hace m\u00e1s de cincuenta a\u00f1os: enviamos hornos premontados o con kit de montaje <strong>a todo el mundo<\/strong>, ofreciendo un servicio de asistencia activo las 24 horas. <strong>Cont\u00e1ctenos para solicitar presupuesto e informaci\u00f3n. <\/strong><\/p>\n<p><strong>\u00a0<\/strong><\/p>\n<p><strong>Nota: <\/strong>las im\u00e1genes mostradas en este sitio web tienen \u00fanicamente fines informativos y pueden incluir accesorios que no se suministran de serie. <strong>Atenci\u00f3n: <\/strong>las grabaciones de v\u00eddeo no siempre permiten reproducir fielmente los colores y tonos originales.<\/p>\n","protected":false},"excerpt":{"rendered":"<p>El <strong>horno giratorio<\/strong> <strong>Joy 60 TW Gas Front<\/strong> de gas es un horno fabricado de forma artesanal para combinar versatilidad y eficacia. Con una placa giratoria de 62\u00a0cm de di\u00e1metro se puede utilizar para la <strong>cocci\u00f3n de una o dos pizzas al mismo tiempo<\/strong>, pero tambi\u00e9n es adecuado para la <strong>cocci\u00f3n de pan, asados y estofados.<\/strong><\/p>\n<p>Este modelo de gas se vende con quemador de una llama P1 con control manual de serie, mientras que su color es totalmente <strong>personalizable<\/strong>, seg\u00fan los requisitos de estilo y dise\u00f1o. Experiencia y pasi\u00f3n respaldan nuestro trabajo desde hace m\u00e1s de cincuenta a\u00f1os: enviamos hornos premontados o con kit de montaje <strong>a todo el mundo<\/strong>, ofreciendo un servicio de asistencia activo las 24 horas. <strong>Cont\u00e1ctenos para solicitar presupuesto e informaci\u00f3n. <\/strong><\/p>\n<p><strong>\u00a0<\/strong><\/p>\n<p><strong>Nota: <\/strong>las im\u00e1genes mostradas en este sitio web tienen \u00fanicamente fines informativos y pueden incluir accesorios que no se suministran de serie. <strong>Atenci\u00f3n: <\/strong>las grabaciones de v\u00eddeo no siempre permiten reproducir fielmente los colores y tonos originales.<\/p>\n","protected":false},"featured_media":2565,"comment_status":"closed","ping_status":"closed","template":"","meta":{"_acf_changed":false,"inline_featured_image":false},"product_brand":[],"product_cat":[180,120],"product_tag":[],"class_list":{"0":"post-1734","1":"product","2":"type-product","3":"status-publish","4":"has-post-thumbnail","6":"product_cat-giratorios-joy-tw-hornos-de-gas","7":"product_cat-hornos-de-gas","8":"pa_capacita-pizze-fino-a-3-es","9":"pa_piano-rotante-es","11":"first","12":"instock","13":"shipping-taxable","14":"product-type-simple"},"acf":[],"yoast_head":"<!-- This site is optimized with the Yoast SEO plugin v25.3.1 - https:\/\/yoast.com\/wordpress\/plugins\/seo\/ -->\n<title>JOY 60 TW GAS FRONT - Pavesi Forni<\/title>\n<meta name=\"robots\" content=\"noindex, follow, max-snippet:-1, max-image-preview:large, max-video-preview:-1\" \/>\n<meta property=\"og:locale\" content=\"es_ES\" \/>\n<meta property=\"og:type\" content=\"article\" \/>\n<meta property=\"og:title\" content=\"JOY 60 TW GAS FRONT - Pavesi Forni\" \/>\n<meta property=\"og:description\" content=\"El horno giratorio Joy 60 TW Gas Front de gas es un horno fabricado de forma artesanal para combinar versatilidad y eficacia. Con una placa giratoria de 62\u00a0cm de di\u00e1metro se puede utilizar para la cocci\u00f3n de una o dos pizzas al mismo tiempo, pero tambi\u00e9n es adecuado para la cocci\u00f3n de pan, asados y estofados.  Este modelo de gas se vende con quemador de una llama P1 con control manual de serie, mientras que su color es totalmente personalizable, seg\u00fan los requisitos de estilo y dise\u00f1o. Experiencia y pasi\u00f3n respaldan nuestro trabajo desde hace m\u00e1s de cincuenta a\u00f1os: enviamos hornos premontados o con kit de montaje a todo el mundo, ofreciendo un servicio de asistencia activo las 24 horas. Cont\u00e1ctenos para solicitar presupuesto e informaci\u00f3n.   \u00a0  Nota: las im\u00e1genes mostradas en este sitio web tienen \u00fanicamente fines informativos y pueden incluir accesorios que no se suministran de serie. Atenci\u00f3n: las grabaciones de v\u00eddeo no siempre permiten reproducir fielmente los colores y tonos originales.\" \/>\n<meta property=\"og:url\" content=\"https:\/\/pavesi.sviluppokeyweb.com\/es\/forno-rotativo-joy-60-tw-a-gas\/\" \/>\n<meta property=\"og:site_name\" content=\"Pavesi Forni\" \/>\n<meta property=\"article:modified_time\" content=\"2025-06-18T11:57:25+00:00\" \/>\n<meta property=\"og:image\" content=\"https:\/\/pavesi.sviluppokeyweb.com\/wp-content\/uploads\/2024\/11\/Forno-Rotativo-Joy-60-TW-Gas-Front.webp\" \/>\n\t<meta property=\"og:image:width\" content=\"667\" \/>\n\t<meta property=\"og:image:height\" content=\"1000\" \/>\n\t<meta property=\"og:image:type\" content=\"image\/webp\" \/>\n<meta name=\"twitter:card\" content=\"summary_large_image\" \/>\n<meta name=\"twitter:label1\" content=\"Tiempo de lectura\" \/>\n\t<meta name=\"twitter:data1\" content=\"2 minutos\" \/>\n<script type=\"application\/ld+json\" class=\"yoast-schema-graph\">{\"@context\":\"https:\/\/schema.org\",\"@graph\":[{\"@type\":\"WebPage\",\"@id\":\"https:\/\/pavesi.sviluppokeyweb.com\/es\/forno-rotativo-joy-60-tw-a-gas\/\",\"url\":\"https:\/\/pavesi.sviluppokeyweb.com\/es\/forno-rotativo-joy-60-tw-a-gas\/\",\"name\":\"JOY 60 TW GAS FRONT - Pavesi Forni\",\"isPartOf\":{\"@id\":\"https:\/\/pavesi.sviluppokeyweb.com\/es\/#website\"},\"primaryImageOfPage\":{\"@id\":\"https:\/\/pavesi.sviluppokeyweb.com\/es\/forno-rotativo-joy-60-tw-a-gas\/#primaryimage\"},\"image\":{\"@id\":\"https:\/\/pavesi.sviluppokeyweb.com\/es\/forno-rotativo-joy-60-tw-a-gas\/#primaryimage\"},\"thumbnailUrl\":\"https:\/\/pavesi.sviluppokeyweb.com\/wp-content\/uploads\/2024\/11\/Forno-Rotativo-Joy-60-TW-Gas-Front.webp\",\"datePublished\":\"2024-11-11T13:07:27+00:00\",\"dateModified\":\"2025-06-18T11:57:25+00:00\",\"breadcrumb\":{\"@id\":\"https:\/\/pavesi.sviluppokeyweb.com\/es\/forno-rotativo-joy-60-tw-a-gas\/#breadcrumb\"},\"inLanguage\":\"es\",\"potentialAction\":[{\"@type\":\"ReadAction\",\"target\":[\"https:\/\/pavesi.sviluppokeyweb.com\/es\/forno-rotativo-joy-60-tw-a-gas\/\"]}]},{\"@type\":\"ImageObject\",\"inLanguage\":\"es\",\"@id\":\"https:\/\/pavesi.sviluppokeyweb.com\/es\/forno-rotativo-joy-60-tw-a-gas\/#primaryimage\",\"url\":\"https:\/\/pavesi.sviluppokeyweb.com\/wp-content\/uploads\/2024\/11\/Forno-Rotativo-Joy-60-TW-Gas-Front.webp\",\"contentUrl\":\"https:\/\/pavesi.sviluppokeyweb.com\/wp-content\/uploads\/2024\/11\/Forno-Rotativo-Joy-60-TW-Gas-Front.webp\",\"width\":667,\"height\":1000,\"caption\":\"Forno Rotativo Joy 60 TW Gas Front\"},{\"@type\":\"BreadcrumbList\",\"@id\":\"https:\/\/pavesi.sviluppokeyweb.com\/es\/forno-rotativo-joy-60-tw-a-gas\/#breadcrumb\",\"itemListElement\":[{\"@type\":\"ListItem\",\"position\":1,\"name\":\"Home\",\"item\":\"https:\/\/pavesi.sviluppokeyweb.com\/es\/\"},{\"@type\":\"ListItem\",\"position\":2,\"name\":\"Nuestros hornos\",\"item\":\"https:\/\/pavesi.sviluppokeyweb.com\/es\/nuestros-hornos\/\"},{\"@type\":\"ListItem\",\"position\":3,\"name\":\"JOY 60 TW GAS FRONT\"}]},{\"@type\":\"WebSite\",\"@id\":\"https:\/\/pavesi.sviluppokeyweb.com\/es\/#website\",\"url\":\"https:\/\/pavesi.sviluppokeyweb.com\/es\/\",\"name\":\"Pavesi Forni\",\"description\":\"\",\"potentialAction\":[{\"@type\":\"SearchAction\",\"target\":{\"@type\":\"EntryPoint\",\"urlTemplate\":\"https:\/\/pavesi.sviluppokeyweb.com\/es\/?s={search_term_string}\"},\"query-input\":{\"@type\":\"PropertyValueSpecification\",\"valueRequired\":true,\"valueName\":\"search_term_string\"}}],\"inLanguage\":\"es\"}]}<\/script>\n<!-- \/ Yoast SEO plugin. -->","yoast_head_json":{"title":"JOY 60 TW GAS FRONT - Pavesi Forni","robots":{"index":"noindex","follow":"follow","max-snippet":"max-snippet:-1","max-image-preview":"max-image-preview:large","max-video-preview":"max-video-preview:-1"},"og_locale":"es_ES","og_type":"article","og_title":"JOY 60 TW GAS FRONT - Pavesi Forni","og_description":"El horno giratorio Joy 60 TW Gas Front de gas es un horno fabricado de forma artesanal para combinar versatilidad y eficacia. Con una placa giratoria de 62\u00a0cm de di\u00e1metro se puede utilizar para la cocci\u00f3n de una o dos pizzas al mismo tiempo, pero tambi\u00e9n es adecuado para la cocci\u00f3n de pan, asados y estofados.  Este modelo de gas se vende con quemador de una llama P1 con control manual de serie, mientras que su color es totalmente personalizable, seg\u00fan los requisitos de estilo y dise\u00f1o. Experiencia y pasi\u00f3n respaldan nuestro trabajo desde hace m\u00e1s de cincuenta a\u00f1os: enviamos hornos premontados o con kit de montaje a todo el mundo, ofreciendo un servicio de asistencia activo las 24 horas. Cont\u00e1ctenos para solicitar presupuesto e informaci\u00f3n.   \u00a0  Nota: las im\u00e1genes mostradas en este sitio web tienen \u00fanicamente fines informativos y pueden incluir accesorios que no se suministran de serie. Atenci\u00f3n: las grabaciones de v\u00eddeo no siempre permiten reproducir fielmente los colores y tonos originales.","og_url":"https:\/\/pavesi.sviluppokeyweb.com\/es\/forno-rotativo-joy-60-tw-a-gas\/","og_site_name":"Pavesi Forni","article_modified_time":"2025-06-18T11:57:25+00:00","og_image":[{"width":667,"height":1000,"url":"https:\/\/pavesi.sviluppokeyweb.com\/wp-content\/uploads\/2024\/11\/Forno-Rotativo-Joy-60-TW-Gas-Front.webp","type":"image\/webp"}],"twitter_card":"summary_large_image","twitter_misc":{"Tiempo de lectura":"2 minutos"},"schema":{"@context":"https:\/\/schema.org","@graph":[{"@type":"WebPage","@id":"https:\/\/pavesi.sviluppokeyweb.com\/es\/forno-rotativo-joy-60-tw-a-gas\/","url":"https:\/\/pavesi.sviluppokeyweb.com\/es\/forno-rotativo-joy-60-tw-a-gas\/","name":"JOY 60 TW GAS FRONT - Pavesi Forni","isPartOf":{"@id":"https:\/\/pavesi.sviluppokeyweb.com\/es\/#website"},"primaryImageOfPage":{"@id":"https:\/\/pavesi.sviluppokeyweb.com\/es\/forno-rotativo-joy-60-tw-a-gas\/#primaryimage"},"image":{"@id":"https:\/\/pavesi.sviluppokeyweb.com\/es\/forno-rotativo-joy-60-tw-a-gas\/#primaryimage"},"thumbnailUrl":"https:\/\/pavesi.sviluppokeyweb.com\/wp-content\/uploads\/2024\/11\/Forno-Rotativo-Joy-60-TW-Gas-Front.webp","datePublished":"2024-11-11T13:07:27+00:00","dateModified":"2025-06-18T11:57:25+00:00","breadcrumb":{"@id":"https:\/\/pavesi.sviluppokeyweb.com\/es\/forno-rotativo-joy-60-tw-a-gas\/#breadcrumb"},"inLanguage":"es","potentialAction":[{"@type":"ReadAction","target":["https:\/\/pavesi.sviluppokeyweb.com\/es\/forno-rotativo-joy-60-tw-a-gas\/"]}]},{"@type":"ImageObject","inLanguage":"es","@id":"https:\/\/pavesi.sviluppokeyweb.com\/es\/forno-rotativo-joy-60-tw-a-gas\/#primaryimage","url":"https:\/\/pavesi.sviluppokeyweb.com\/wp-content\/uploads\/2024\/11\/Forno-Rotativo-Joy-60-TW-Gas-Front.webp","contentUrl":"https:\/\/pavesi.sviluppokeyweb.com\/wp-content\/uploads\/2024\/11\/Forno-Rotativo-Joy-60-TW-Gas-Front.webp","width":667,"height":1000,"caption":"Forno Rotativo Joy 60 TW Gas Front"},{"@type":"BreadcrumbList","@id":"https:\/\/pavesi.sviluppokeyweb.com\/es\/forno-rotativo-joy-60-tw-a-gas\/#breadcrumb","itemListElement":[{"@type":"ListItem","position":1,"name":"Home","item":"https:\/\/pavesi.sviluppokeyweb.com\/es\/"},{"@type":"ListItem","position":2,"name":"Nuestros hornos","item":"https:\/\/pavesi.sviluppokeyweb.com\/es\/nuestros-hornos\/"},{"@type":"ListItem","position":3,"name":"JOY 60 TW GAS FRONT"}]},{"@type":"WebSite","@id":"https:\/\/pavesi.sviluppokeyweb.com\/es\/#website","url":"https:\/\/pavesi.sviluppokeyweb.com\/es\/","name":"Pavesi Forni","description":"","potentialAction":[{"@type":"SearchAction","target":{"@type":"EntryPoint","urlTemplate":"https:\/\/pavesi.sviluppokeyweb.com\/es\/?s={search_term_string}"},"query-input":{"@type":"PropertyValueSpecification","valueRequired":true,"valueName":"search_term_string"}}],"inLanguage":"es"}]}},"_links":{"self":[{"href":"https:\/\/pavesi.sviluppokeyweb.com\/es\/wp-json\/wp\/v2\/product\/1734","targetHints":{"allow":["GET"]}}],"collection":[{"href":"https:\/\/pavesi.sviluppokeyweb.com\/es\/wp-json\/wp\/v2\/product"}],"about":[{"href":"https:\/\/pavesi.sviluppokeyweb.com\/es\/wp-json\/wp\/v2\/types\/product"}],"replies":[{"embeddable":true,"href":"https:\/\/pavesi.sviluppokeyweb.com\/es\/wp-json\/wp\/v2\/comments?post=1734"}],"wp:featuredmedia":[{"embeddable":true,"href":"https:\/\/pavesi.sviluppokeyweb.com\/es\/wp-json\/wp\/v2\/media\/2565"}],"wp:attachment":[{"href":"https:\/\/pavesi.sviluppokeyweb.com\/es\/wp-json\/wp\/v2\/media?parent=1734"}],"wp:term":[{"taxonomy":"product_brand","embeddable":true,"href":"https:\/\/pavesi.sviluppokeyweb.com\/es\/wp-json\/wp\/v2\/product_brand?post=1734"},{"taxonomy":"product_cat","embeddable":true,"href":"https:\/\/pavesi.sviluppokeyweb.com\/es\/wp-json\/wp\/v2\/product_cat?post=1734"},{"taxonomy":"product_tag","embeddable":true,"href":"https:\/\/pavesi.sviluppokeyweb.com\/es\/wp-json\/wp\/v2\/product_tag?post=1734"}],"curies":[{"name":"wp","href":"https:\/\/api.w.org\/{rel}","templated":true}]}}