{"id":1754,"date":"2024-11-11T11:20:58","date_gmt":"2024-11-11T11:20:58","guid":{"rendered":"https:\/\/pavesi.sviluppokeyweb.com\/product\/joy-140-160\/"},"modified":"2025-05-22T14:42:14","modified_gmt":"2025-05-22T14:42:14","slug":"joy-140-160","status":"publish","type":"product","link":"https:\/\/pavesi.sviluppokeyweb.com\/es\/forno-legna-joy-140-160\/","title":{"rendered":"JOY 140\/160"},"content":{"rendered":"<p>Una capacidad m\u00e1xima de entre 9 y 11 pizzas y una capacidad de producci\u00f3n de <strong>120 pizzas por hora<\/strong> es lo que caracteriza al <strong>horno de le\u00f1a Joy 140\/160<\/strong>, un horno dise\u00f1ado para ofrecer un excelente rendimiento y altas prestaciones a un coste muy bajo.<\/p>\n<p>La <strong>placa de cocci\u00f3n monobloque autodilatadora fija <\/strong>\u00a0est\u00e1 formada por un \u00fanico bloque refractario de 7\u00a0cm de grosor, mientras que el horno puede configurarse para ser usado con gas: la cocci\u00f3n perfecta y uniforme de las pizzas se une a versatilidad dada tambi\u00e9n por el dise\u00f1o y sus posibilidades de <strong>personalizaci\u00f3n<\/strong>.<\/p>\n<p>Acuda a nuestra empresa para disfrutar de una <strong>pasi\u00f3n artesanal de m\u00e1s de 50 a\u00f1os,<\/strong> caracterizada por <strong>materiales procedentes de la UE<\/strong> y de un dise\u00f1o y fabricaci\u00f3n completamente <strong>\u00abmade in Italy\u00bb. Solicite ahora env\u00edo e instalaciones en todo el mundo, disfrutando de asistencia todos los d\u00edas de la semana.<\/strong><\/p>\n<p>&nbsp;<\/p>\n<p><strong>Nota: <\/strong>las im\u00e1genes mostradas en este sitio web tienen \u00fanicamente fines informativos y pueden incluir accesorios que no se suministran de serie. <strong>Atenci\u00f3n: <\/strong>las grabaciones de v\u00eddeo no siempre permiten reproducir fielmente los colores y tonos originales.<\/p>\n","protected":false},"excerpt":{"rendered":"<p>Una capacidad m\u00e1xima de entre 9 y 11 pizzas y una capacidad de producci\u00f3n de <strong>120 pizzas por hora<\/strong> es lo que caracteriza al <strong>horno de le\u00f1a Joy 140\/160<\/strong>, un horno dise\u00f1ado para ofrecer un excelente rendimiento y altas prestaciones a un coste muy bajo.<\/p>\n<p>La <strong>placa de cocci\u00f3n monobloque autodilatadora fija <\/strong>\u00a0est\u00e1 formada por un \u00fanico bloque refractario de 7\u00a0cm de grosor, mientras que el horno puede configurarse para ser usado con gas: la cocci\u00f3n perfecta y uniforme de las pizzas se une a versatilidad dada tambi\u00e9n por el dise\u00f1o y sus posibilidades de <strong>personalizaci\u00f3n<\/strong>.<\/p>\n<p>Acuda a nuestra empresa para disfrutar de una <strong>pasi\u00f3n artesanal de m\u00e1s de 50 a\u00f1os,<\/strong> caracterizada por <strong>materiales procedentes de la UE<\/strong> y de un dise\u00f1o y fabricaci\u00f3n completamente <strong>\u00abmade in Italy\u00bb. Solicite ahora env\u00edo e instalaciones en todo el mundo, disfrutando de asistencia todos los d\u00edas de la semana.<\/strong><\/p>\n<p>&nbsp;<\/p>\n<p><strong>Nota: <\/strong>las im\u00e1genes mostradas en este sitio web tienen \u00fanicamente fines informativos y pueden incluir accesorios que no se suministran de serie. <strong>Atenci\u00f3n: <\/strong>las grabaciones de v\u00eddeo no siempre permiten reproducir fielmente los colores y tonos originales.<\/p>\n","protected":false},"featured_media":2387,"comment_status":"closed","ping_status":"closed","template":"","meta":{"_acf_changed":false,"inline_featured_image":false},"product_brand":[],"product_cat":[187,192],"product_tag":[],"class_list":{"0":"post-1754","1":"product","2":"type-product","3":"status-publish","4":"has-post-thumbnail","6":"product_cat-hornos-de-lena","7":"product_cat-tradicionales-joy","8":"pa_capacita-pizze-fino-a-18-es","9":"pa_piano-fisso-es","11":"first","12":"instock","13":"shipping-taxable","14":"product-type-simple"},"acf":[],"yoast_head":"<!-- This site is optimized with the Yoast SEO plugin v25.3.1 - https:\/\/yoast.com\/wordpress\/plugins\/seo\/ -->\n<title>JOY 140\/160 - Pavesi Forni<\/title>\n<meta name=\"robots\" content=\"noindex, follow, max-snippet:-1, max-image-preview:large, max-video-preview:-1\" \/>\n<meta property=\"og:locale\" content=\"es_ES\" \/>\n<meta property=\"og:type\" content=\"article\" \/>\n<meta property=\"og:title\" content=\"JOY 140\/160 - Pavesi Forni\" \/>\n<meta property=\"og:description\" content=\"Una capacidad m\u00e1xima de entre 9 y 11 pizzas y una capacidad de producci\u00f3n de 120 pizzas por hora es lo que caracteriza al horno de le\u00f1a Joy 140\/160, un horno dise\u00f1ado para ofrecer un excelente rendimiento y altas prestaciones a un coste muy bajo.  La placa de cocci\u00f3n monobloque autodilatadora fija \u00a0est\u00e1 formada por un \u00fanico bloque refractario de 7\u00a0cm de grosor, mientras que el horno puede configurarse para ser usado con gas: la cocci\u00f3n perfecta y uniforme de las pizzas se une a versatilidad dada tambi\u00e9n por el dise\u00f1o y sus posibilidades de personalizaci\u00f3n.  Acuda a nuestra empresa para disfrutar de una pasi\u00f3n artesanal de m\u00e1s de 50 a\u00f1os, caracterizada por materiales procedentes de la UE y de un dise\u00f1o y fabricaci\u00f3n completamente \u00abmade in Italy\u00bb. Solicite ahora env\u00edo e instalaciones en todo el mundo, disfrutando de asistencia todos los d\u00edas de la semana.  &nbsp;  Nota: las im\u00e1genes mostradas en este sitio web tienen \u00fanicamente fines informativos y pueden incluir accesorios que no se suministran de serie. Atenci\u00f3n: las grabaciones de v\u00eddeo no siempre permiten reproducir fielmente los colores y tonos originales.\" \/>\n<meta property=\"og:url\" content=\"https:\/\/pavesi.sviluppokeyweb.com\/es\/forno-legna-joy-140-160\/\" \/>\n<meta property=\"og:site_name\" content=\"Pavesi Forni\" \/>\n<meta property=\"article:modified_time\" content=\"2025-05-22T14:42:14+00:00\" \/>\n<meta property=\"og:image\" content=\"https:\/\/pavesi.sviluppokeyweb.com\/wp-content\/uploads\/2024\/11\/Forno-a-Legna-Joy-140-160.webp\" \/>\n\t<meta property=\"og:image:width\" content=\"866\" \/>\n\t<meta property=\"og:image:height\" content=\"1000\" \/>\n\t<meta property=\"og:image:type\" content=\"image\/webp\" \/>\n<meta name=\"twitter:card\" content=\"summary_large_image\" \/>\n<meta name=\"twitter:label1\" content=\"Tiempo de lectura\" \/>\n\t<meta name=\"twitter:data1\" content=\"2 minutos\" \/>\n<script type=\"application\/ld+json\" class=\"yoast-schema-graph\">{\"@context\":\"https:\/\/schema.org\",\"@graph\":[{\"@type\":\"WebPage\",\"@id\":\"https:\/\/pavesi.sviluppokeyweb.com\/es\/forno-legna-joy-140-160\/\",\"url\":\"https:\/\/pavesi.sviluppokeyweb.com\/es\/forno-legna-joy-140-160\/\",\"name\":\"JOY 140\/160 - Pavesi Forni\",\"isPartOf\":{\"@id\":\"https:\/\/pavesi.sviluppokeyweb.com\/es\/#website\"},\"primaryImageOfPage\":{\"@id\":\"https:\/\/pavesi.sviluppokeyweb.com\/es\/forno-legna-joy-140-160\/#primaryimage\"},\"image\":{\"@id\":\"https:\/\/pavesi.sviluppokeyweb.com\/es\/forno-legna-joy-140-160\/#primaryimage\"},\"thumbnailUrl\":\"https:\/\/pavesi.sviluppokeyweb.com\/wp-content\/uploads\/2024\/11\/Forno-a-Legna-Joy-140-160.webp\",\"datePublished\":\"2024-11-11T11:20:58+00:00\",\"dateModified\":\"2025-05-22T14:42:14+00:00\",\"breadcrumb\":{\"@id\":\"https:\/\/pavesi.sviluppokeyweb.com\/es\/forno-legna-joy-140-160\/#breadcrumb\"},\"inLanguage\":\"es\",\"potentialAction\":[{\"@type\":\"ReadAction\",\"target\":[\"https:\/\/pavesi.sviluppokeyweb.com\/es\/forno-legna-joy-140-160\/\"]}]},{\"@type\":\"ImageObject\",\"inLanguage\":\"es\",\"@id\":\"https:\/\/pavesi.sviluppokeyweb.com\/es\/forno-legna-joy-140-160\/#primaryimage\",\"url\":\"https:\/\/pavesi.sviluppokeyweb.com\/wp-content\/uploads\/2024\/11\/Forno-a-Legna-Joy-140-160.webp\",\"contentUrl\":\"https:\/\/pavesi.sviluppokeyweb.com\/wp-content\/uploads\/2024\/11\/Forno-a-Legna-Joy-140-160.webp\",\"width\":866,\"height\":1000,\"caption\":\"Forno a Legna Joy 140-160\"},{\"@type\":\"BreadcrumbList\",\"@id\":\"https:\/\/pavesi.sviluppokeyweb.com\/es\/forno-legna-joy-140-160\/#breadcrumb\",\"itemListElement\":[{\"@type\":\"ListItem\",\"position\":1,\"name\":\"Home\",\"item\":\"https:\/\/pavesi.sviluppokeyweb.com\/es\/\"},{\"@type\":\"ListItem\",\"position\":2,\"name\":\"Nuestros hornos\",\"item\":\"https:\/\/pavesi.sviluppokeyweb.com\/es\/nuestros-hornos\/\"},{\"@type\":\"ListItem\",\"position\":3,\"name\":\"JOY 140\/160\"}]},{\"@type\":\"WebSite\",\"@id\":\"https:\/\/pavesi.sviluppokeyweb.com\/es\/#website\",\"url\":\"https:\/\/pavesi.sviluppokeyweb.com\/es\/\",\"name\":\"Pavesi Forni\",\"description\":\"\",\"potentialAction\":[{\"@type\":\"SearchAction\",\"target\":{\"@type\":\"EntryPoint\",\"urlTemplate\":\"https:\/\/pavesi.sviluppokeyweb.com\/es\/?s={search_term_string}\"},\"query-input\":{\"@type\":\"PropertyValueSpecification\",\"valueRequired\":true,\"valueName\":\"search_term_string\"}}],\"inLanguage\":\"es\"}]}<\/script>\n<!-- \/ Yoast SEO plugin. -->","yoast_head_json":{"title":"JOY 140\/160 - Pavesi Forni","robots":{"index":"noindex","follow":"follow","max-snippet":"max-snippet:-1","max-image-preview":"max-image-preview:large","max-video-preview":"max-video-preview:-1"},"og_locale":"es_ES","og_type":"article","og_title":"JOY 140\/160 - Pavesi Forni","og_description":"Una capacidad m\u00e1xima de entre 9 y 11 pizzas y una capacidad de producci\u00f3n de 120 pizzas por hora es lo que caracteriza al horno de le\u00f1a Joy 140\/160, un horno dise\u00f1ado para ofrecer un excelente rendimiento y altas prestaciones a un coste muy bajo.  La placa de cocci\u00f3n monobloque autodilatadora fija \u00a0est\u00e1 formada por un \u00fanico bloque refractario de 7\u00a0cm de grosor, mientras que el horno puede configurarse para ser usado con gas: la cocci\u00f3n perfecta y uniforme de las pizzas se une a versatilidad dada tambi\u00e9n por el dise\u00f1o y sus posibilidades de personalizaci\u00f3n.  Acuda a nuestra empresa para disfrutar de una pasi\u00f3n artesanal de m\u00e1s de 50 a\u00f1os, caracterizada por materiales procedentes de la UE y de un dise\u00f1o y fabricaci\u00f3n completamente \u00abmade in Italy\u00bb. Solicite ahora env\u00edo e instalaciones en todo el mundo, disfrutando de asistencia todos los d\u00edas de la semana.  &nbsp;  Nota: las im\u00e1genes mostradas en este sitio web tienen \u00fanicamente fines informativos y pueden incluir accesorios que no se suministran de serie. Atenci\u00f3n: las grabaciones de v\u00eddeo no siempre permiten reproducir fielmente los colores y tonos originales.","og_url":"https:\/\/pavesi.sviluppokeyweb.com\/es\/forno-legna-joy-140-160\/","og_site_name":"Pavesi Forni","article_modified_time":"2025-05-22T14:42:14+00:00","og_image":[{"width":866,"height":1000,"url":"https:\/\/pavesi.sviluppokeyweb.com\/wp-content\/uploads\/2024\/11\/Forno-a-Legna-Joy-140-160.webp","type":"image\/webp"}],"twitter_card":"summary_large_image","twitter_misc":{"Tiempo de lectura":"2 minutos"},"schema":{"@context":"https:\/\/schema.org","@graph":[{"@type":"WebPage","@id":"https:\/\/pavesi.sviluppokeyweb.com\/es\/forno-legna-joy-140-160\/","url":"https:\/\/pavesi.sviluppokeyweb.com\/es\/forno-legna-joy-140-160\/","name":"JOY 140\/160 - Pavesi Forni","isPartOf":{"@id":"https:\/\/pavesi.sviluppokeyweb.com\/es\/#website"},"primaryImageOfPage":{"@id":"https:\/\/pavesi.sviluppokeyweb.com\/es\/forno-legna-joy-140-160\/#primaryimage"},"image":{"@id":"https:\/\/pavesi.sviluppokeyweb.com\/es\/forno-legna-joy-140-160\/#primaryimage"},"thumbnailUrl":"https:\/\/pavesi.sviluppokeyweb.com\/wp-content\/uploads\/2024\/11\/Forno-a-Legna-Joy-140-160.webp","datePublished":"2024-11-11T11:20:58+00:00","dateModified":"2025-05-22T14:42:14+00:00","breadcrumb":{"@id":"https:\/\/pavesi.sviluppokeyweb.com\/es\/forno-legna-joy-140-160\/#breadcrumb"},"inLanguage":"es","potentialAction":[{"@type":"ReadAction","target":["https:\/\/pavesi.sviluppokeyweb.com\/es\/forno-legna-joy-140-160\/"]}]},{"@type":"ImageObject","inLanguage":"es","@id":"https:\/\/pavesi.sviluppokeyweb.com\/es\/forno-legna-joy-140-160\/#primaryimage","url":"https:\/\/pavesi.sviluppokeyweb.com\/wp-content\/uploads\/2024\/11\/Forno-a-Legna-Joy-140-160.webp","contentUrl":"https:\/\/pavesi.sviluppokeyweb.com\/wp-content\/uploads\/2024\/11\/Forno-a-Legna-Joy-140-160.webp","width":866,"height":1000,"caption":"Forno a Legna Joy 140-160"},{"@type":"BreadcrumbList","@id":"https:\/\/pavesi.sviluppokeyweb.com\/es\/forno-legna-joy-140-160\/#breadcrumb","itemListElement":[{"@type":"ListItem","position":1,"name":"Home","item":"https:\/\/pavesi.sviluppokeyweb.com\/es\/"},{"@type":"ListItem","position":2,"name":"Nuestros hornos","item":"https:\/\/pavesi.sviluppokeyweb.com\/es\/nuestros-hornos\/"},{"@type":"ListItem","position":3,"name":"JOY 140\/160"}]},{"@type":"WebSite","@id":"https:\/\/pavesi.sviluppokeyweb.com\/es\/#website","url":"https:\/\/pavesi.sviluppokeyweb.com\/es\/","name":"Pavesi Forni","description":"","potentialAction":[{"@type":"SearchAction","target":{"@type":"EntryPoint","urlTemplate":"https:\/\/pavesi.sviluppokeyweb.com\/es\/?s={search_term_string}"},"query-input":{"@type":"PropertyValueSpecification","valueRequired":true,"valueName":"search_term_string"}}],"inLanguage":"es"}]}},"_links":{"self":[{"href":"https:\/\/pavesi.sviluppokeyweb.com\/es\/wp-json\/wp\/v2\/product\/1754","targetHints":{"allow":["GET"]}}],"collection":[{"href":"https:\/\/pavesi.sviluppokeyweb.com\/es\/wp-json\/wp\/v2\/product"}],"about":[{"href":"https:\/\/pavesi.sviluppokeyweb.com\/es\/wp-json\/wp\/v2\/types\/product"}],"replies":[{"embeddable":true,"href":"https:\/\/pavesi.sviluppokeyweb.com\/es\/wp-json\/wp\/v2\/comments?post=1754"}],"wp:featuredmedia":[{"embeddable":true,"href":"https:\/\/pavesi.sviluppokeyweb.com\/es\/wp-json\/wp\/v2\/media\/2387"}],"wp:attachment":[{"href":"https:\/\/pavesi.sviluppokeyweb.com\/es\/wp-json\/wp\/v2\/media?parent=1754"}],"wp:term":[{"taxonomy":"product_brand","embeddable":true,"href":"https:\/\/pavesi.sviluppokeyweb.com\/es\/wp-json\/wp\/v2\/product_brand?post=1754"},{"taxonomy":"product_cat","embeddable":true,"href":"https:\/\/pavesi.sviluppokeyweb.com\/es\/wp-json\/wp\/v2\/product_cat?post=1754"},{"taxonomy":"product_tag","embeddable":true,"href":"https:\/\/pavesi.sviluppokeyweb.com\/es\/wp-json\/wp\/v2\/product_tag?post=1754"}],"curies":[{"name":"wp","href":"https:\/\/api.w.org\/{rel}","templated":true}]}}