{"id":1758,"date":"2024-11-11T11:20:57","date_gmt":"2024-11-11T11:20:57","guid":{"rendered":"https:\/\/pavesi.sviluppokeyweb.com\/product\/joy-140\/"},"modified":"2025-05-22T14:35:59","modified_gmt":"2025-05-22T14:35:59","slug":"joy-140","status":"publish","type":"product","link":"https:\/\/pavesi.sviluppokeyweb.com\/es\/joy-140\/","title":{"rendered":"JOY 140"},"content":{"rendered":"<p>Alto rendimiento con unos costes de producci\u00f3n realmente bajos. \u00bfEs posible? Con el <strong>horno tradicional Joy 140<\/strong>, s\u00ed. La placa de cocci\u00f3n monobloque y la estructura perfectamente circular, este horno alcanza una capacidad de producci\u00f3n de <strong>100 pizzas por hora<\/strong>, sin renunciar lo m\u00e1s m\u00ednimo al <strong>dise\u00f1o<\/strong> e impacto est\u00e9tico. La altura de la placa de cocci\u00f3n es regulable y el tama\u00f1o hace que sea ideal para cocinar 6\/8 pizzas al mismo tiempo.<\/p>\n<p>Completa el panorama un saber hacer fruto de <strong>d\u00e9cadas de experiencia artesanal <\/strong>y materiales europeos de excelente calidad, que garantizar una gran duraci\u00f3n a lo largo del tiempo. <strong>No espere m\u00e1s y solicite presupuesto:<\/strong> enviamos e instalamos nuestros hornos <strong>en todo el mundo<\/strong>, garantizando una asistencia continua.<\/p>\n<p>&nbsp;<\/p>\n<p><strong>Nota: <\/strong>las im\u00e1genes mostradas en este sitio web tienen \u00fanicamente fines informativos y pueden incluir accesorios que no se suministran de serie. <strong>Atenci\u00f3n: <\/strong>las grabaciones de v\u00eddeo no siempre permiten reproducir fielmente los colores y tonos originales.<\/p>\n","protected":false},"excerpt":{"rendered":"<p>Alto rendimiento con unos costes de producci\u00f3n realmente bajos. \u00bfEs posible? Con el <strong>horno tradicional Joy 140<\/strong>, s\u00ed. La placa de cocci\u00f3n monobloque y la estructura perfectamente circular, este horno alcanza una capacidad de producci\u00f3n de <strong>100 pizzas por hora<\/strong>, sin renunciar lo m\u00e1s m\u00ednimo al <strong>dise\u00f1o<\/strong> e impacto est\u00e9tico. La altura de la placa de cocci\u00f3n es regulable y el tama\u00f1o hace que sea ideal para cocinar 6\/8 pizzas al mismo tiempo.<\/p>\n<p>Completa el panorama un saber hacer fruto de <strong>d\u00e9cadas de experiencia artesanal <\/strong>y materiales europeos de excelente calidad, que garantizar una gran duraci\u00f3n a lo largo del tiempo. <strong>No espere m\u00e1s y solicite presupuesto:<\/strong> enviamos e instalamos nuestros hornos <strong>en todo el mundo<\/strong>, garantizando una asistencia continua.<\/p>\n<p>&nbsp;<\/p>\n<p><strong>Nota: <\/strong>las im\u00e1genes mostradas en este sitio web tienen \u00fanicamente fines informativos y pueden incluir accesorios que no se suministran de serie. <strong>Atenci\u00f3n: <\/strong>las grabaciones de v\u00eddeo no siempre permiten reproducir fielmente los colores y tonos originales.<\/p>\n","protected":false},"featured_media":2377,"comment_status":"closed","ping_status":"closed","template":"","meta":{"_acf_changed":false,"inline_featured_image":false},"product_brand":[],"product_cat":[187,192],"product_tag":[],"class_list":{"0":"post-1758","1":"product","2":"type-product","3":"status-publish","4":"has-post-thumbnail","6":"product_cat-hornos-de-lena","7":"product_cat-tradicionales-joy","8":"pa_capacita-pizze-fino-a-12-es","9":"pa_piano-fisso-es","11":"first","12":"instock","13":"shipping-taxable","14":"product-type-simple"},"acf":[],"yoast_head":"<!-- This site is optimized with the Yoast SEO plugin v25.3.1 - https:\/\/yoast.com\/wordpress\/plugins\/seo\/ -->\n<title>JOY 140 - Pavesi Forni<\/title>\n<meta name=\"robots\" content=\"noindex, follow, max-snippet:-1, max-image-preview:large, max-video-preview:-1\" \/>\n<meta property=\"og:locale\" content=\"es_ES\" \/>\n<meta property=\"og:type\" content=\"article\" \/>\n<meta property=\"og:title\" content=\"JOY 140 - Pavesi Forni\" \/>\n<meta property=\"og:description\" content=\"Alto rendimiento con unos costes de producci\u00f3n realmente bajos. \u00bfEs posible? Con el horno tradicional Joy 140, s\u00ed. La placa de cocci\u00f3n monobloque y la estructura perfectamente circular, este horno alcanza una capacidad de producci\u00f3n de 100 pizzas por hora, sin renunciar lo m\u00e1s m\u00ednimo al dise\u00f1o e impacto est\u00e9tico. La altura de la placa de cocci\u00f3n es regulable y el tama\u00f1o hace que sea ideal para cocinar 6\/8 pizzas al mismo tiempo.  Completa el panorama un saber hacer fruto de d\u00e9cadas de experiencia artesanal y materiales europeos de excelente calidad, que garantizar una gran duraci\u00f3n a lo largo del tiempo. No espere m\u00e1s y solicite presupuesto: enviamos e instalamos nuestros hornos en todo el mundo, garantizando una asistencia continua.  &nbsp;  Nota: las im\u00e1genes mostradas en este sitio web tienen \u00fanicamente fines informativos y pueden incluir accesorios que no se suministran de serie. Atenci\u00f3n: las grabaciones de v\u00eddeo no siempre permiten reproducir fielmente los colores y tonos originales.\" \/>\n<meta property=\"og:url\" content=\"https:\/\/pavesi.sviluppokeyweb.com\/es\/joy-140\/\" \/>\n<meta property=\"og:site_name\" content=\"Pavesi Forni\" \/>\n<meta property=\"article:modified_time\" content=\"2025-05-22T14:35:59+00:00\" \/>\n<meta property=\"og:image\" content=\"https:\/\/pavesi.sviluppokeyweb.com\/wp-content\/uploads\/2024\/11\/Forno-per-Pizza-Joy-140-tradizionale.webp\" \/>\n\t<meta property=\"og:image:width\" content=\"872\" \/>\n\t<meta property=\"og:image:height\" content=\"1000\" \/>\n\t<meta property=\"og:image:type\" content=\"image\/webp\" \/>\n<meta name=\"twitter:card\" content=\"summary_large_image\" \/>\n<meta name=\"twitter:label1\" content=\"Tiempo de lectura\" \/>\n\t<meta name=\"twitter:data1\" content=\"2 minutos\" \/>\n<script type=\"application\/ld+json\" class=\"yoast-schema-graph\">{\"@context\":\"https:\/\/schema.org\",\"@graph\":[{\"@type\":\"WebPage\",\"@id\":\"https:\/\/pavesi.sviluppokeyweb.com\/es\/joy-140\/\",\"url\":\"https:\/\/pavesi.sviluppokeyweb.com\/es\/joy-140\/\",\"name\":\"JOY 140 - Pavesi Forni\",\"isPartOf\":{\"@id\":\"https:\/\/pavesi.sviluppokeyweb.com\/es\/#website\"},\"primaryImageOfPage\":{\"@id\":\"https:\/\/pavesi.sviluppokeyweb.com\/es\/joy-140\/#primaryimage\"},\"image\":{\"@id\":\"https:\/\/pavesi.sviluppokeyweb.com\/es\/joy-140\/#primaryimage\"},\"thumbnailUrl\":\"https:\/\/pavesi.sviluppokeyweb.com\/wp-content\/uploads\/2024\/11\/Forno-per-Pizza-Joy-140-tradizionale.webp\",\"datePublished\":\"2024-11-11T11:20:57+00:00\",\"dateModified\":\"2025-05-22T14:35:59+00:00\",\"breadcrumb\":{\"@id\":\"https:\/\/pavesi.sviluppokeyweb.com\/es\/joy-140\/#breadcrumb\"},\"inLanguage\":\"es\",\"potentialAction\":[{\"@type\":\"ReadAction\",\"target\":[\"https:\/\/pavesi.sviluppokeyweb.com\/es\/joy-140\/\"]}]},{\"@type\":\"ImageObject\",\"inLanguage\":\"es\",\"@id\":\"https:\/\/pavesi.sviluppokeyweb.com\/es\/joy-140\/#primaryimage\",\"url\":\"https:\/\/pavesi.sviluppokeyweb.com\/wp-content\/uploads\/2024\/11\/Forno-per-Pizza-Joy-140-tradizionale.webp\",\"contentUrl\":\"https:\/\/pavesi.sviluppokeyweb.com\/wp-content\/uploads\/2024\/11\/Forno-per-Pizza-Joy-140-tradizionale.webp\",\"width\":872,\"height\":1000,\"caption\":\"Forno per Pizza Joy 140 tradizionale\"},{\"@type\":\"BreadcrumbList\",\"@id\":\"https:\/\/pavesi.sviluppokeyweb.com\/es\/joy-140\/#breadcrumb\",\"itemListElement\":[{\"@type\":\"ListItem\",\"position\":1,\"name\":\"Home\",\"item\":\"https:\/\/pavesi.sviluppokeyweb.com\/es\/\"},{\"@type\":\"ListItem\",\"position\":2,\"name\":\"Nuestros hornos\",\"item\":\"https:\/\/pavesi.sviluppokeyweb.com\/es\/nuestros-hornos\/\"},{\"@type\":\"ListItem\",\"position\":3,\"name\":\"JOY 140\"}]},{\"@type\":\"WebSite\",\"@id\":\"https:\/\/pavesi.sviluppokeyweb.com\/es\/#website\",\"url\":\"https:\/\/pavesi.sviluppokeyweb.com\/es\/\",\"name\":\"Pavesi Forni\",\"description\":\"\",\"potentialAction\":[{\"@type\":\"SearchAction\",\"target\":{\"@type\":\"EntryPoint\",\"urlTemplate\":\"https:\/\/pavesi.sviluppokeyweb.com\/es\/?s={search_term_string}\"},\"query-input\":{\"@type\":\"PropertyValueSpecification\",\"valueRequired\":true,\"valueName\":\"search_term_string\"}}],\"inLanguage\":\"es\"}]}<\/script>\n<!-- \/ Yoast SEO plugin. -->","yoast_head_json":{"title":"JOY 140 - Pavesi Forni","robots":{"index":"noindex","follow":"follow","max-snippet":"max-snippet:-1","max-image-preview":"max-image-preview:large","max-video-preview":"max-video-preview:-1"},"og_locale":"es_ES","og_type":"article","og_title":"JOY 140 - Pavesi Forni","og_description":"Alto rendimiento con unos costes de producci\u00f3n realmente bajos. \u00bfEs posible? Con el horno tradicional Joy 140, s\u00ed. La placa de cocci\u00f3n monobloque y la estructura perfectamente circular, este horno alcanza una capacidad de producci\u00f3n de 100 pizzas por hora, sin renunciar lo m\u00e1s m\u00ednimo al dise\u00f1o e impacto est\u00e9tico. La altura de la placa de cocci\u00f3n es regulable y el tama\u00f1o hace que sea ideal para cocinar 6\/8 pizzas al mismo tiempo.  Completa el panorama un saber hacer fruto de d\u00e9cadas de experiencia artesanal y materiales europeos de excelente calidad, que garantizar una gran duraci\u00f3n a lo largo del tiempo. No espere m\u00e1s y solicite presupuesto: enviamos e instalamos nuestros hornos en todo el mundo, garantizando una asistencia continua.  &nbsp;  Nota: las im\u00e1genes mostradas en este sitio web tienen \u00fanicamente fines informativos y pueden incluir accesorios que no se suministran de serie. Atenci\u00f3n: las grabaciones de v\u00eddeo no siempre permiten reproducir fielmente los colores y tonos originales.","og_url":"https:\/\/pavesi.sviluppokeyweb.com\/es\/joy-140\/","og_site_name":"Pavesi Forni","article_modified_time":"2025-05-22T14:35:59+00:00","og_image":[{"width":872,"height":1000,"url":"https:\/\/pavesi.sviluppokeyweb.com\/wp-content\/uploads\/2024\/11\/Forno-per-Pizza-Joy-140-tradizionale.webp","type":"image\/webp"}],"twitter_card":"summary_large_image","twitter_misc":{"Tiempo de lectura":"2 minutos"},"schema":{"@context":"https:\/\/schema.org","@graph":[{"@type":"WebPage","@id":"https:\/\/pavesi.sviluppokeyweb.com\/es\/joy-140\/","url":"https:\/\/pavesi.sviluppokeyweb.com\/es\/joy-140\/","name":"JOY 140 - Pavesi Forni","isPartOf":{"@id":"https:\/\/pavesi.sviluppokeyweb.com\/es\/#website"},"primaryImageOfPage":{"@id":"https:\/\/pavesi.sviluppokeyweb.com\/es\/joy-140\/#primaryimage"},"image":{"@id":"https:\/\/pavesi.sviluppokeyweb.com\/es\/joy-140\/#primaryimage"},"thumbnailUrl":"https:\/\/pavesi.sviluppokeyweb.com\/wp-content\/uploads\/2024\/11\/Forno-per-Pizza-Joy-140-tradizionale.webp","datePublished":"2024-11-11T11:20:57+00:00","dateModified":"2025-05-22T14:35:59+00:00","breadcrumb":{"@id":"https:\/\/pavesi.sviluppokeyweb.com\/es\/joy-140\/#breadcrumb"},"inLanguage":"es","potentialAction":[{"@type":"ReadAction","target":["https:\/\/pavesi.sviluppokeyweb.com\/es\/joy-140\/"]}]},{"@type":"ImageObject","inLanguage":"es","@id":"https:\/\/pavesi.sviluppokeyweb.com\/es\/joy-140\/#primaryimage","url":"https:\/\/pavesi.sviluppokeyweb.com\/wp-content\/uploads\/2024\/11\/Forno-per-Pizza-Joy-140-tradizionale.webp","contentUrl":"https:\/\/pavesi.sviluppokeyweb.com\/wp-content\/uploads\/2024\/11\/Forno-per-Pizza-Joy-140-tradizionale.webp","width":872,"height":1000,"caption":"Forno per Pizza Joy 140 tradizionale"},{"@type":"BreadcrumbList","@id":"https:\/\/pavesi.sviluppokeyweb.com\/es\/joy-140\/#breadcrumb","itemListElement":[{"@type":"ListItem","position":1,"name":"Home","item":"https:\/\/pavesi.sviluppokeyweb.com\/es\/"},{"@type":"ListItem","position":2,"name":"Nuestros hornos","item":"https:\/\/pavesi.sviluppokeyweb.com\/es\/nuestros-hornos\/"},{"@type":"ListItem","position":3,"name":"JOY 140"}]},{"@type":"WebSite","@id":"https:\/\/pavesi.sviluppokeyweb.com\/es\/#website","url":"https:\/\/pavesi.sviluppokeyweb.com\/es\/","name":"Pavesi Forni","description":"","potentialAction":[{"@type":"SearchAction","target":{"@type":"EntryPoint","urlTemplate":"https:\/\/pavesi.sviluppokeyweb.com\/es\/?s={search_term_string}"},"query-input":{"@type":"PropertyValueSpecification","valueRequired":true,"valueName":"search_term_string"}}],"inLanguage":"es"}]}},"_links":{"self":[{"href":"https:\/\/pavesi.sviluppokeyweb.com\/es\/wp-json\/wp\/v2\/product\/1758","targetHints":{"allow":["GET"]}}],"collection":[{"href":"https:\/\/pavesi.sviluppokeyweb.com\/es\/wp-json\/wp\/v2\/product"}],"about":[{"href":"https:\/\/pavesi.sviluppokeyweb.com\/es\/wp-json\/wp\/v2\/types\/product"}],"replies":[{"embeddable":true,"href":"https:\/\/pavesi.sviluppokeyweb.com\/es\/wp-json\/wp\/v2\/comments?post=1758"}],"wp:featuredmedia":[{"embeddable":true,"href":"https:\/\/pavesi.sviluppokeyweb.com\/es\/wp-json\/wp\/v2\/media\/2377"}],"wp:attachment":[{"href":"https:\/\/pavesi.sviluppokeyweb.com\/es\/wp-json\/wp\/v2\/media?parent=1758"}],"wp:term":[{"taxonomy":"product_brand","embeddable":true,"href":"https:\/\/pavesi.sviluppokeyweb.com\/es\/wp-json\/wp\/v2\/product_brand?post=1758"},{"taxonomy":"product_cat","embeddable":true,"href":"https:\/\/pavesi.sviluppokeyweb.com\/es\/wp-json\/wp\/v2\/product_cat?post=1758"},{"taxonomy":"product_tag","embeddable":true,"href":"https:\/\/pavesi.sviluppokeyweb.com\/es\/wp-json\/wp\/v2\/product_tag?post=1758"}],"curies":[{"name":"wp","href":"https:\/\/api.w.org\/{rel}","templated":true}]}}