{"id":1766,"date":"2024-11-08T08:01:07","date_gmt":"2024-11-08T08:01:07","guid":{"rendered":"https:\/\/pavesi.sviluppokeyweb.com\/product\/joy-90\/"},"modified":"2025-05-22T13:00:26","modified_gmt":"2025-05-22T13:00:26","slug":"joy-90","status":"publish","type":"product","link":"https:\/\/pavesi.sviluppokeyweb.com\/es\/joy-90\/","title":{"rendered":"JOY 90"},"content":{"rendered":"<p>Nuestro horno de le\u00f1a Joy 90 es una combinaci\u00f3n perfecta de grandes prestaciones y espacios reducidos: con una <strong>superficie fija monobloque<\/strong> y una <strong>b\u00f3veda de tipo c\u00fapula<\/strong> de dise\u00f1o cuidado hasta el \u00faltimo detalle, es perfecto para <strong>locales de peque\u00f1as dimensiones<\/strong> o incluso para <strong>particulares<\/strong> apasionados de la cocina que desean tener en casa un horno profesional para pizza.<\/p>\n<p>Al igual que los dem\u00e1s hornos Pavesi, es una peque\u00f1a <strong>joya de perfecci\u00f3n t\u00e9cnica e impacto est\u00e9tico<\/strong> ideal para cocinar dos pizzas a la vez y con la opci\u00f3n de incorporar un quemador con control manual y alimentaci\u00f3n a gas.<\/p>\n<p>Elija nuestra empresa y la fabricaci\u00f3n \u00abmade in Italy\u00bb: exportamos nuestra tradici\u00f3n <strong>a todo el mundo,<\/strong> ofreciendo montaje y asistencia todos los d\u00edas de la semana. <strong>Cont\u00e1ctenos ahora.<\/strong><\/p>\n<p>&nbsp;<\/p>\n<p><strong>Nota: <\/strong>las im\u00e1genes mostradas en este sitio web tienen \u00fanicamente fines informativos y pueden incluir accesorios que no se suministran de serie. <strong>Atenci\u00f3n: <\/strong>las grabaciones de v\u00eddeo no siempre permiten reproducir fielmente los colores y tonos originales.<\/p>\n","protected":false},"excerpt":{"rendered":"<p>Nuestro horno de le\u00f1a Joy 90 es una combinaci\u00f3n perfecta de grandes prestaciones y espacios reducidos: con una <strong>superficie fija monobloque<\/strong> y una <strong>b\u00f3veda de tipo c\u00fapula<\/strong> de dise\u00f1o cuidado hasta el \u00faltimo detalle, es perfecto para <strong>locales de peque\u00f1as dimensiones<\/strong> o incluso para <strong>particulares<\/strong> apasionados de la cocina que desean tener en casa un horno profesional para pizza.<\/p>\n<p>Al igual que los dem\u00e1s hornos Pavesi, es una peque\u00f1a <strong>joya de perfecci\u00f3n t\u00e9cnica e impacto est\u00e9tico<\/strong> ideal para cocinar dos pizzas a la vez y con la opci\u00f3n de incorporar un quemador con control manual y alimentaci\u00f3n a gas.<\/p>\n<p>Elija nuestra empresa y la fabricaci\u00f3n \u00abmade in Italy\u00bb: exportamos nuestra tradici\u00f3n <strong>a todo el mundo,<\/strong> ofreciendo montaje y asistencia todos los d\u00edas de la semana. <strong>Cont\u00e1ctenos ahora.<\/strong><\/p>\n<p>&nbsp;<\/p>\n<p><strong>Nota: <\/strong>las im\u00e1genes mostradas en este sitio web tienen \u00fanicamente fines informativos y pueden incluir accesorios que no se suministran de serie. <strong>Atenci\u00f3n: <\/strong>las grabaciones de v\u00eddeo no siempre permiten reproducir fielmente los colores y tonos originales.<\/p>\n","protected":false},"featured_media":2312,"comment_status":"closed","ping_status":"closed","template":"","meta":{"_acf_changed":false,"inline_featured_image":false},"product_brand":[],"product_cat":[187,192],"product_tag":[],"class_list":{"0":"post-1766","1":"product","2":"type-product","3":"status-publish","4":"has-post-thumbnail","6":"product_cat-hornos-de-lena","7":"product_cat-tradicionales-joy","8":"pa_capacita-pizze-fino-a-3-es","9":"pa_piano-fisso-es","11":"first","12":"instock","13":"shipping-taxable","14":"product-type-simple"},"acf":[],"yoast_head":"<!-- This site is optimized with the Yoast SEO plugin v25.3.1 - https:\/\/yoast.com\/wordpress\/plugins\/seo\/ -->\n<title>JOY 90 - Pavesi Forni<\/title>\n<meta name=\"robots\" content=\"noindex, follow, max-snippet:-1, max-image-preview:large, max-video-preview:-1\" \/>\n<meta property=\"og:locale\" content=\"es_ES\" \/>\n<meta property=\"og:type\" content=\"article\" \/>\n<meta property=\"og:title\" content=\"JOY 90 - Pavesi Forni\" \/>\n<meta property=\"og:description\" content=\"Nuestro horno de le\u00f1a Joy 90 es una combinaci\u00f3n perfecta de grandes prestaciones y espacios reducidos: con una superficie fija monobloque y una b\u00f3veda de tipo c\u00fapula de dise\u00f1o cuidado hasta el \u00faltimo detalle, es perfecto para locales de peque\u00f1as dimensiones o incluso para particulares apasionados de la cocina que desean tener en casa un horno profesional para pizza.  Al igual que los dem\u00e1s hornos Pavesi, es una peque\u00f1a joya de perfecci\u00f3n t\u00e9cnica e impacto est\u00e9tico ideal para cocinar dos pizzas a la vez y con la opci\u00f3n de incorporar un quemador con control manual y alimentaci\u00f3n a gas.  Elija nuestra empresa y la fabricaci\u00f3n \u00abmade in Italy\u00bb: exportamos nuestra tradici\u00f3n a todo el mundo, ofreciendo montaje y asistencia todos los d\u00edas de la semana. Cont\u00e1ctenos ahora.  &nbsp;  Nota: las im\u00e1genes mostradas en este sitio web tienen \u00fanicamente fines informativos y pueden incluir accesorios que no se suministran de serie. Atenci\u00f3n: las grabaciones de v\u00eddeo no siempre permiten reproducir fielmente los colores y tonos originales.\" \/>\n<meta property=\"og:url\" content=\"https:\/\/pavesi.sviluppokeyweb.com\/es\/joy-90\/\" \/>\n<meta property=\"og:site_name\" content=\"Pavesi Forni\" \/>\n<meta property=\"article:modified_time\" content=\"2025-05-22T13:00:26+00:00\" \/>\n<meta property=\"og:image\" content=\"https:\/\/pavesi.sviluppokeyweb.com\/wp-content\/uploads\/2024\/11\/Forno-a-Legna-Piano-Fisso-Joy-90-Professionale.webp\" \/>\n\t<meta property=\"og:image:width\" content=\"801\" \/>\n\t<meta property=\"og:image:height\" content=\"1000\" \/>\n\t<meta property=\"og:image:type\" content=\"image\/webp\" \/>\n<meta name=\"twitter:card\" content=\"summary_large_image\" \/>\n<meta name=\"twitter:label1\" content=\"Tiempo de lectura\" \/>\n\t<meta name=\"twitter:data1\" content=\"2 minutos\" \/>\n<script type=\"application\/ld+json\" class=\"yoast-schema-graph\">{\"@context\":\"https:\/\/schema.org\",\"@graph\":[{\"@type\":\"WebPage\",\"@id\":\"https:\/\/pavesi.sviluppokeyweb.com\/es\/joy-90\/\",\"url\":\"https:\/\/pavesi.sviluppokeyweb.com\/es\/joy-90\/\",\"name\":\"JOY 90 - Pavesi Forni\",\"isPartOf\":{\"@id\":\"https:\/\/pavesi.sviluppokeyweb.com\/es\/#website\"},\"primaryImageOfPage\":{\"@id\":\"https:\/\/pavesi.sviluppokeyweb.com\/es\/joy-90\/#primaryimage\"},\"image\":{\"@id\":\"https:\/\/pavesi.sviluppokeyweb.com\/es\/joy-90\/#primaryimage\"},\"thumbnailUrl\":\"https:\/\/pavesi.sviluppokeyweb.com\/wp-content\/uploads\/2024\/11\/Forno-a-Legna-Piano-Fisso-Joy-90-Professionale.webp\",\"datePublished\":\"2024-11-08T08:01:07+00:00\",\"dateModified\":\"2025-05-22T13:00:26+00:00\",\"breadcrumb\":{\"@id\":\"https:\/\/pavesi.sviluppokeyweb.com\/es\/joy-90\/#breadcrumb\"},\"inLanguage\":\"es\",\"potentialAction\":[{\"@type\":\"ReadAction\",\"target\":[\"https:\/\/pavesi.sviluppokeyweb.com\/es\/joy-90\/\"]}]},{\"@type\":\"ImageObject\",\"inLanguage\":\"es\",\"@id\":\"https:\/\/pavesi.sviluppokeyweb.com\/es\/joy-90\/#primaryimage\",\"url\":\"https:\/\/pavesi.sviluppokeyweb.com\/wp-content\/uploads\/2024\/11\/Forno-a-Legna-Piano-Fisso-Joy-90-Professionale.webp\",\"contentUrl\":\"https:\/\/pavesi.sviluppokeyweb.com\/wp-content\/uploads\/2024\/11\/Forno-a-Legna-Piano-Fisso-Joy-90-Professionale.webp\",\"width\":801,\"height\":1000,\"caption\":\"Forno a Legna Piano Fisso Joy 90 Professionale\"},{\"@type\":\"BreadcrumbList\",\"@id\":\"https:\/\/pavesi.sviluppokeyweb.com\/es\/joy-90\/#breadcrumb\",\"itemListElement\":[{\"@type\":\"ListItem\",\"position\":1,\"name\":\"Home\",\"item\":\"https:\/\/pavesi.sviluppokeyweb.com\/es\/\"},{\"@type\":\"ListItem\",\"position\":2,\"name\":\"Nuestros hornos\",\"item\":\"https:\/\/pavesi.sviluppokeyweb.com\/es\/nuestros-hornos\/\"},{\"@type\":\"ListItem\",\"position\":3,\"name\":\"JOY 90\"}]},{\"@type\":\"WebSite\",\"@id\":\"https:\/\/pavesi.sviluppokeyweb.com\/es\/#website\",\"url\":\"https:\/\/pavesi.sviluppokeyweb.com\/es\/\",\"name\":\"Pavesi Forni\",\"description\":\"\",\"potentialAction\":[{\"@type\":\"SearchAction\",\"target\":{\"@type\":\"EntryPoint\",\"urlTemplate\":\"https:\/\/pavesi.sviluppokeyweb.com\/es\/?s={search_term_string}\"},\"query-input\":{\"@type\":\"PropertyValueSpecification\",\"valueRequired\":true,\"valueName\":\"search_term_string\"}}],\"inLanguage\":\"es\"}]}<\/script>\n<!-- \/ Yoast SEO plugin. -->","yoast_head_json":{"title":"JOY 90 - Pavesi Forni","robots":{"index":"noindex","follow":"follow","max-snippet":"max-snippet:-1","max-image-preview":"max-image-preview:large","max-video-preview":"max-video-preview:-1"},"og_locale":"es_ES","og_type":"article","og_title":"JOY 90 - Pavesi Forni","og_description":"Nuestro horno de le\u00f1a Joy 90 es una combinaci\u00f3n perfecta de grandes prestaciones y espacios reducidos: con una superficie fija monobloque y una b\u00f3veda de tipo c\u00fapula de dise\u00f1o cuidado hasta el \u00faltimo detalle, es perfecto para locales de peque\u00f1as dimensiones o incluso para particulares apasionados de la cocina que desean tener en casa un horno profesional para pizza.  Al igual que los dem\u00e1s hornos Pavesi, es una peque\u00f1a joya de perfecci\u00f3n t\u00e9cnica e impacto est\u00e9tico ideal para cocinar dos pizzas a la vez y con la opci\u00f3n de incorporar un quemador con control manual y alimentaci\u00f3n a gas.  Elija nuestra empresa y la fabricaci\u00f3n \u00abmade in Italy\u00bb: exportamos nuestra tradici\u00f3n a todo el mundo, ofreciendo montaje y asistencia todos los d\u00edas de la semana. Cont\u00e1ctenos ahora.  &nbsp;  Nota: las im\u00e1genes mostradas en este sitio web tienen \u00fanicamente fines informativos y pueden incluir accesorios que no se suministran de serie. Atenci\u00f3n: las grabaciones de v\u00eddeo no siempre permiten reproducir fielmente los colores y tonos originales.","og_url":"https:\/\/pavesi.sviluppokeyweb.com\/es\/joy-90\/","og_site_name":"Pavesi Forni","article_modified_time":"2025-05-22T13:00:26+00:00","og_image":[{"width":801,"height":1000,"url":"https:\/\/pavesi.sviluppokeyweb.com\/wp-content\/uploads\/2024\/11\/Forno-a-Legna-Piano-Fisso-Joy-90-Professionale.webp","type":"image\/webp"}],"twitter_card":"summary_large_image","twitter_misc":{"Tiempo de lectura":"2 minutos"},"schema":{"@context":"https:\/\/schema.org","@graph":[{"@type":"WebPage","@id":"https:\/\/pavesi.sviluppokeyweb.com\/es\/joy-90\/","url":"https:\/\/pavesi.sviluppokeyweb.com\/es\/joy-90\/","name":"JOY 90 - Pavesi Forni","isPartOf":{"@id":"https:\/\/pavesi.sviluppokeyweb.com\/es\/#website"},"primaryImageOfPage":{"@id":"https:\/\/pavesi.sviluppokeyweb.com\/es\/joy-90\/#primaryimage"},"image":{"@id":"https:\/\/pavesi.sviluppokeyweb.com\/es\/joy-90\/#primaryimage"},"thumbnailUrl":"https:\/\/pavesi.sviluppokeyweb.com\/wp-content\/uploads\/2024\/11\/Forno-a-Legna-Piano-Fisso-Joy-90-Professionale.webp","datePublished":"2024-11-08T08:01:07+00:00","dateModified":"2025-05-22T13:00:26+00:00","breadcrumb":{"@id":"https:\/\/pavesi.sviluppokeyweb.com\/es\/joy-90\/#breadcrumb"},"inLanguage":"es","potentialAction":[{"@type":"ReadAction","target":["https:\/\/pavesi.sviluppokeyweb.com\/es\/joy-90\/"]}]},{"@type":"ImageObject","inLanguage":"es","@id":"https:\/\/pavesi.sviluppokeyweb.com\/es\/joy-90\/#primaryimage","url":"https:\/\/pavesi.sviluppokeyweb.com\/wp-content\/uploads\/2024\/11\/Forno-a-Legna-Piano-Fisso-Joy-90-Professionale.webp","contentUrl":"https:\/\/pavesi.sviluppokeyweb.com\/wp-content\/uploads\/2024\/11\/Forno-a-Legna-Piano-Fisso-Joy-90-Professionale.webp","width":801,"height":1000,"caption":"Forno a Legna Piano Fisso Joy 90 Professionale"},{"@type":"BreadcrumbList","@id":"https:\/\/pavesi.sviluppokeyweb.com\/es\/joy-90\/#breadcrumb","itemListElement":[{"@type":"ListItem","position":1,"name":"Home","item":"https:\/\/pavesi.sviluppokeyweb.com\/es\/"},{"@type":"ListItem","position":2,"name":"Nuestros hornos","item":"https:\/\/pavesi.sviluppokeyweb.com\/es\/nuestros-hornos\/"},{"@type":"ListItem","position":3,"name":"JOY 90"}]},{"@type":"WebSite","@id":"https:\/\/pavesi.sviluppokeyweb.com\/es\/#website","url":"https:\/\/pavesi.sviluppokeyweb.com\/es\/","name":"Pavesi Forni","description":"","potentialAction":[{"@type":"SearchAction","target":{"@type":"EntryPoint","urlTemplate":"https:\/\/pavesi.sviluppokeyweb.com\/es\/?s={search_term_string}"},"query-input":{"@type":"PropertyValueSpecification","valueRequired":true,"valueName":"search_term_string"}}],"inLanguage":"es"}]}},"_links":{"self":[{"href":"https:\/\/pavesi.sviluppokeyweb.com\/es\/wp-json\/wp\/v2\/product\/1766","targetHints":{"allow":["GET"]}}],"collection":[{"href":"https:\/\/pavesi.sviluppokeyweb.com\/es\/wp-json\/wp\/v2\/product"}],"about":[{"href":"https:\/\/pavesi.sviluppokeyweb.com\/es\/wp-json\/wp\/v2\/types\/product"}],"replies":[{"embeddable":true,"href":"https:\/\/pavesi.sviluppokeyweb.com\/es\/wp-json\/wp\/v2\/comments?post=1766"}],"wp:featuredmedia":[{"embeddable":true,"href":"https:\/\/pavesi.sviluppokeyweb.com\/es\/wp-json\/wp\/v2\/media\/2312"}],"wp:attachment":[{"href":"https:\/\/pavesi.sviluppokeyweb.com\/es\/wp-json\/wp\/v2\/media?parent=1766"}],"wp:term":[{"taxonomy":"product_brand","embeddable":true,"href":"https:\/\/pavesi.sviluppokeyweb.com\/es\/wp-json\/wp\/v2\/product_brand?post=1766"},{"taxonomy":"product_cat","embeddable":true,"href":"https:\/\/pavesi.sviluppokeyweb.com\/es\/wp-json\/wp\/v2\/product_cat?post=1766"},{"taxonomy":"product_tag","embeddable":true,"href":"https:\/\/pavesi.sviluppokeyweb.com\/es\/wp-json\/wp\/v2\/product_tag?post=1766"}],"curies":[{"name":"wp","href":"https:\/\/api.w.org\/{rel}","templated":true}]}}