{"id":1648,"date":"2024-11-11T13:24:05","date_gmt":"2024-11-11T13:24:05","guid":{"rendered":"https:\/\/pavesi.sviluppokeyweb.com\/product\/pvp-150-tw-round-2\/"},"modified":"2025-05-20T14:24:52","modified_gmt":"2025-05-20T14:24:52","slug":"pvp-150-tw-round-2","status":"publish","type":"product","link":"https:\/\/pavesi.sviluppokeyweb.com\/fr\/pvp-150-tw-round-2\/","title":{"rendered":"PVP 150 TW ROUND"},"content":{"rendered":"<p><strong>PVP 150 Round<\/strong> est un <strong>four combin\u00e9 avec une sole rotative monobloc<\/strong> qui vous permet de cuire tr\u00e8s facilement jusqu&rsquo;\u00e0 18\u00a0pizzas ou des pizzas au m\u00e8tre. La vo\u00fbte plate et les parois en b\u00e9ton r\u00e9fractaire de haute densit\u00e9 permettent d&rsquo;augmenter l&rsquo;accumulation de chaleur et d&rsquo;obtenir ainsi une<strong>r\u00e9activit\u00e9 \u00e9lev\u00e9e, <\/strong>permettant \u00e0 la temp\u00e9rature de passer de 100\u00a0\u00b0C \u00e0 300\u00a0\u00b0C en seulement 60\u00a0minutes.<\/p>\n<p>Comme tous nos fours, ce mod\u00e8le est <strong>fabriqu\u00e9 \u00e0 la main en Italie<\/strong>, b\u00e9n\u00e9ficie d&rsquo;une garantie et peut \u00eatre command\u00e9 pr\u00e9mont\u00e9 ou avec un kit de montage, et \u00eatre m\u00eame personnalis\u00e9. Choisissez la qualit\u00e9 de la tradition artisanale combin\u00e9e \u00e0 l&rsquo;innovation\u00a0: <strong>Pavesi est \u00e0 vos c\u00f4t\u00e9s dans le monde entier. Contactez nous.<\/strong><\/p>\n<p>&nbsp;<\/p>\n<p><strong>Remarque\u00a0: <\/strong>Les images contenues dans ce site sont uniquement fournies \u00e0 titre indicatif et peuvent inclure des accessoires qui ne sont pas fournis en s\u00e9rie. <strong>Attention\u00a0: <\/strong>le rendu vid\u00e9o ne permet pas toujours la reproduction fid\u00e8le des couleurs et des teintes par rapport aux originaux.<\/p>\n","protected":false},"excerpt":{"rendered":"<p><strong>PVP 150 Round<\/strong> est un <strong>four combin\u00e9 avec une sole rotative monobloc<\/strong> qui vous permet de cuire tr\u00e8s facilement jusqu&rsquo;\u00e0 18\u00a0pizzas ou des pizzas au m\u00e8tre. La vo\u00fbte plate et les parois en b\u00e9ton r\u00e9fractaire de haute densit\u00e9 permettent d&rsquo;augmenter l&rsquo;accumulation de chaleur et d&rsquo;obtenir ainsi une<strong>r\u00e9activit\u00e9 \u00e9lev\u00e9e, <\/strong>permettant \u00e0 la temp\u00e9rature de passer de 100\u00a0\u00b0C \u00e0 300\u00a0\u00b0C en seulement 60\u00a0minutes.<\/p>\n<p>Comme tous nos fours, ce mod\u00e8le est <strong>fabriqu\u00e9 \u00e0 la main en Italie<\/strong>, b\u00e9n\u00e9ficie d&rsquo;une garantie et peut \u00eatre command\u00e9 pr\u00e9mont\u00e9 ou avec un kit de montage, et \u00eatre m\u00eame personnalis\u00e9. Choisissez la qualit\u00e9 de la tradition artisanale combin\u00e9e \u00e0 l&rsquo;innovation\u00a0: <strong>Pavesi est \u00e0 vos c\u00f4t\u00e9s dans le monde entier. Contactez nous.<\/strong><\/p>\n<p>&nbsp;<\/p>\n<p><strong>Remarque\u00a0: <\/strong>Les images contenues dans ce site sont uniquement fournies \u00e0 titre indicatif et peuvent inclure des accessoires qui ne sont pas fournis en s\u00e9rie. <strong>Attention\u00a0: <\/strong>le rendu vid\u00e9o ne permet pas toujours la reproduction fid\u00e8le des couleurs et des teintes par rapport aux originaux.<\/p>\n","protected":false},"featured_media":3106,"comment_status":"closed","ping_status":"closed","template":"","meta":{"_acf_changed":false,"inline_featured_image":false},"product_brand":[],"product_cat":[123,142],"product_tag":[],"class_list":{"0":"post-1648","1":"product","2":"type-product","3":"status-publish","4":"has-post-thumbnail","6":"product_cat-fours-combines","7":"product_cat-rotatifs-pvp-fours-combines","8":"pa_capacita-pizze-fino-a-18-fr","9":"pa_piano-rotante-fr","11":"first","12":"instock","13":"shipping-taxable","14":"product-type-simple"},"acf":[],"yoast_head":"<!-- This site is optimized with the Yoast SEO plugin v25.3.1 - https:\/\/yoast.com\/wordpress\/plugins\/seo\/ -->\n<title>PVP 150 TW ROUND - Pavesi Forni<\/title>\n<meta name=\"robots\" content=\"noindex, follow, max-snippet:-1, max-image-preview:large, max-video-preview:-1\" \/>\n<meta property=\"og:locale\" content=\"fr_FR\" \/>\n<meta property=\"og:type\" content=\"article\" \/>\n<meta property=\"og:title\" content=\"PVP 150 TW ROUND - Pavesi Forni\" \/>\n<meta property=\"og:description\" content=\"PVP 150 Round est un four combin\u00e9 avec une sole rotative monobloc qui vous permet de cuire tr\u00e8s facilement jusqu&#039;\u00e0 18\u00a0pizzas ou des pizzas au m\u00e8tre. La vo\u00fbte plate et les parois en b\u00e9ton r\u00e9fractaire de haute densit\u00e9 permettent d&#039;augmenter l&#039;accumulation de chaleur et d&#039;obtenir ainsi uner\u00e9activit\u00e9 \u00e9lev\u00e9e, permettant \u00e0 la temp\u00e9rature de passer de 100\u00a0\u00b0C \u00e0 300\u00a0\u00b0C en seulement 60\u00a0minutes.  Comme tous nos fours, ce mod\u00e8le est fabriqu\u00e9 \u00e0 la main en Italie, b\u00e9n\u00e9ficie d&#039;une garantie et peut \u00eatre command\u00e9 pr\u00e9mont\u00e9 ou avec un kit de montage, et \u00eatre m\u00eame personnalis\u00e9. Choisissez la qualit\u00e9 de la tradition artisanale combin\u00e9e \u00e0 l&#039;innovation\u00a0: Pavesi est \u00e0 vos c\u00f4t\u00e9s dans le monde entier. Contactez nous.  &nbsp;  Remarque\u00a0: Les images contenues dans ce site sont uniquement fournies \u00e0 titre indicatif et peuvent inclure des accessoires qui ne sont pas fournis en s\u00e9rie. Attention\u00a0: le rendu vid\u00e9o ne permet pas toujours la reproduction fid\u00e8le des couleurs et des teintes par rapport aux originaux.\" \/>\n<meta property=\"og:url\" content=\"https:\/\/pavesi.sviluppokeyweb.com\/fr\/pvp-150-tw-round-2\/\" \/>\n<meta property=\"og:site_name\" content=\"Pavesi Forni\" \/>\n<meta property=\"article:modified_time\" content=\"2025-05-20T14:24:52+00:00\" \/>\n<meta property=\"og:image\" content=\"https:\/\/pavesi.sviluppokeyweb.com\/wp-content\/uploads\/2024\/11\/Forno-Combinato-Legna-Gas-PVP-150-Round-con-piano-monoblocco-rotante-1.webp\" \/>\n\t<meta property=\"og:image:width\" content=\"787\" \/>\n\t<meta property=\"og:image:height\" content=\"733\" \/>\n\t<meta property=\"og:image:type\" content=\"image\/webp\" \/>\n<meta name=\"twitter:card\" content=\"summary_large_image\" \/>\n<meta name=\"twitter:label1\" content=\"Dur\u00e9e de lecture estim\u00e9e\" \/>\n\t<meta name=\"twitter:data1\" content=\"2 minutes\" \/>\n<script type=\"application\/ld+json\" class=\"yoast-schema-graph\">{\"@context\":\"https:\/\/schema.org\",\"@graph\":[{\"@type\":\"WebPage\",\"@id\":\"https:\/\/pavesi.sviluppokeyweb.com\/fr\/pvp-150-tw-round-2\/\",\"url\":\"https:\/\/pavesi.sviluppokeyweb.com\/fr\/pvp-150-tw-round-2\/\",\"name\":\"PVP 150 TW ROUND - Pavesi Forni\",\"isPartOf\":{\"@id\":\"https:\/\/pavesi.sviluppokeyweb.com\/fr\/#website\"},\"primaryImageOfPage\":{\"@id\":\"https:\/\/pavesi.sviluppokeyweb.com\/fr\/pvp-150-tw-round-2\/#primaryimage\"},\"image\":{\"@id\":\"https:\/\/pavesi.sviluppokeyweb.com\/fr\/pvp-150-tw-round-2\/#primaryimage\"},\"thumbnailUrl\":\"https:\/\/pavesi.sviluppokeyweb.com\/wp-content\/uploads\/2024\/11\/Forno-Combinato-Legna-Gas-PVP-150-Round-con-piano-monoblocco-rotante-1.webp\",\"datePublished\":\"2024-11-11T13:24:05+00:00\",\"dateModified\":\"2025-05-20T14:24:52+00:00\",\"breadcrumb\":{\"@id\":\"https:\/\/pavesi.sviluppokeyweb.com\/fr\/pvp-150-tw-round-2\/#breadcrumb\"},\"inLanguage\":\"fr-FR\",\"potentialAction\":[{\"@type\":\"ReadAction\",\"target\":[\"https:\/\/pavesi.sviluppokeyweb.com\/fr\/pvp-150-tw-round-2\/\"]}]},{\"@type\":\"ImageObject\",\"inLanguage\":\"fr-FR\",\"@id\":\"https:\/\/pavesi.sviluppokeyweb.com\/fr\/pvp-150-tw-round-2\/#primaryimage\",\"url\":\"https:\/\/pavesi.sviluppokeyweb.com\/wp-content\/uploads\/2024\/11\/Forno-Combinato-Legna-Gas-PVP-150-Round-con-piano-monoblocco-rotante-1.webp\",\"contentUrl\":\"https:\/\/pavesi.sviluppokeyweb.com\/wp-content\/uploads\/2024\/11\/Forno-Combinato-Legna-Gas-PVP-150-Round-con-piano-monoblocco-rotante-1.webp\",\"width\":787,\"height\":733,\"caption\":\"Forno Combinato Legna-Gas PVP 150 Round con piano monoblocco rotante\"},{\"@type\":\"BreadcrumbList\",\"@id\":\"https:\/\/pavesi.sviluppokeyweb.com\/fr\/pvp-150-tw-round-2\/#breadcrumb\",\"itemListElement\":[{\"@type\":\"ListItem\",\"position\":1,\"name\":\"Home\",\"item\":\"https:\/\/pavesi.sviluppokeyweb.com\/fr\/\"},{\"@type\":\"ListItem\",\"position\":2,\"name\":\"Nous fours\",\"item\":\"https:\/\/pavesi.sviluppokeyweb.com\/fr\/nous-fours\/\"},{\"@type\":\"ListItem\",\"position\":3,\"name\":\"PVP 150 TW ROUND\"}]},{\"@type\":\"WebSite\",\"@id\":\"https:\/\/pavesi.sviluppokeyweb.com\/fr\/#website\",\"url\":\"https:\/\/pavesi.sviluppokeyweb.com\/fr\/\",\"name\":\"Pavesi Forni\",\"description\":\"\",\"potentialAction\":[{\"@type\":\"SearchAction\",\"target\":{\"@type\":\"EntryPoint\",\"urlTemplate\":\"https:\/\/pavesi.sviluppokeyweb.com\/fr\/?s={search_term_string}\"},\"query-input\":{\"@type\":\"PropertyValueSpecification\",\"valueRequired\":true,\"valueName\":\"search_term_string\"}}],\"inLanguage\":\"fr-FR\"}]}<\/script>\n<!-- \/ Yoast SEO plugin. -->","yoast_head_json":{"title":"PVP 150 TW ROUND - Pavesi Forni","robots":{"index":"noindex","follow":"follow","max-snippet":"max-snippet:-1","max-image-preview":"max-image-preview:large","max-video-preview":"max-video-preview:-1"},"og_locale":"fr_FR","og_type":"article","og_title":"PVP 150 TW ROUND - Pavesi Forni","og_description":"PVP 150 Round est un four combin\u00e9 avec une sole rotative monobloc qui vous permet de cuire tr\u00e8s facilement jusqu'\u00e0 18\u00a0pizzas ou des pizzas au m\u00e8tre. La vo\u00fbte plate et les parois en b\u00e9ton r\u00e9fractaire de haute densit\u00e9 permettent d'augmenter l'accumulation de chaleur et d'obtenir ainsi uner\u00e9activit\u00e9 \u00e9lev\u00e9e, permettant \u00e0 la temp\u00e9rature de passer de 100\u00a0\u00b0C \u00e0 300\u00a0\u00b0C en seulement 60\u00a0minutes.  Comme tous nos fours, ce mod\u00e8le est fabriqu\u00e9 \u00e0 la main en Italie, b\u00e9n\u00e9ficie d'une garantie et peut \u00eatre command\u00e9 pr\u00e9mont\u00e9 ou avec un kit de montage, et \u00eatre m\u00eame personnalis\u00e9. Choisissez la qualit\u00e9 de la tradition artisanale combin\u00e9e \u00e0 l'innovation\u00a0: Pavesi est \u00e0 vos c\u00f4t\u00e9s dans le monde entier. Contactez nous.  &nbsp;  Remarque\u00a0: Les images contenues dans ce site sont uniquement fournies \u00e0 titre indicatif et peuvent inclure des accessoires qui ne sont pas fournis en s\u00e9rie. Attention\u00a0: le rendu vid\u00e9o ne permet pas toujours la reproduction fid\u00e8le des couleurs et des teintes par rapport aux originaux.","og_url":"https:\/\/pavesi.sviluppokeyweb.com\/fr\/pvp-150-tw-round-2\/","og_site_name":"Pavesi Forni","article_modified_time":"2025-05-20T14:24:52+00:00","og_image":[{"width":787,"height":733,"url":"https:\/\/pavesi.sviluppokeyweb.com\/wp-content\/uploads\/2024\/11\/Forno-Combinato-Legna-Gas-PVP-150-Round-con-piano-monoblocco-rotante-1.webp","type":"image\/webp"}],"twitter_card":"summary_large_image","twitter_misc":{"Dur\u00e9e de lecture estim\u00e9e":"2 minutes"},"schema":{"@context":"https:\/\/schema.org","@graph":[{"@type":"WebPage","@id":"https:\/\/pavesi.sviluppokeyweb.com\/fr\/pvp-150-tw-round-2\/","url":"https:\/\/pavesi.sviluppokeyweb.com\/fr\/pvp-150-tw-round-2\/","name":"PVP 150 TW ROUND - Pavesi Forni","isPartOf":{"@id":"https:\/\/pavesi.sviluppokeyweb.com\/fr\/#website"},"primaryImageOfPage":{"@id":"https:\/\/pavesi.sviluppokeyweb.com\/fr\/pvp-150-tw-round-2\/#primaryimage"},"image":{"@id":"https:\/\/pavesi.sviluppokeyweb.com\/fr\/pvp-150-tw-round-2\/#primaryimage"},"thumbnailUrl":"https:\/\/pavesi.sviluppokeyweb.com\/wp-content\/uploads\/2024\/11\/Forno-Combinato-Legna-Gas-PVP-150-Round-con-piano-monoblocco-rotante-1.webp","datePublished":"2024-11-11T13:24:05+00:00","dateModified":"2025-05-20T14:24:52+00:00","breadcrumb":{"@id":"https:\/\/pavesi.sviluppokeyweb.com\/fr\/pvp-150-tw-round-2\/#breadcrumb"},"inLanguage":"fr-FR","potentialAction":[{"@type":"ReadAction","target":["https:\/\/pavesi.sviluppokeyweb.com\/fr\/pvp-150-tw-round-2\/"]}]},{"@type":"ImageObject","inLanguage":"fr-FR","@id":"https:\/\/pavesi.sviluppokeyweb.com\/fr\/pvp-150-tw-round-2\/#primaryimage","url":"https:\/\/pavesi.sviluppokeyweb.com\/wp-content\/uploads\/2024\/11\/Forno-Combinato-Legna-Gas-PVP-150-Round-con-piano-monoblocco-rotante-1.webp","contentUrl":"https:\/\/pavesi.sviluppokeyweb.com\/wp-content\/uploads\/2024\/11\/Forno-Combinato-Legna-Gas-PVP-150-Round-con-piano-monoblocco-rotante-1.webp","width":787,"height":733,"caption":"Forno Combinato Legna-Gas PVP 150 Round con piano monoblocco rotante"},{"@type":"BreadcrumbList","@id":"https:\/\/pavesi.sviluppokeyweb.com\/fr\/pvp-150-tw-round-2\/#breadcrumb","itemListElement":[{"@type":"ListItem","position":1,"name":"Home","item":"https:\/\/pavesi.sviluppokeyweb.com\/fr\/"},{"@type":"ListItem","position":2,"name":"Nous fours","item":"https:\/\/pavesi.sviluppokeyweb.com\/fr\/nous-fours\/"},{"@type":"ListItem","position":3,"name":"PVP 150 TW ROUND"}]},{"@type":"WebSite","@id":"https:\/\/pavesi.sviluppokeyweb.com\/fr\/#website","url":"https:\/\/pavesi.sviluppokeyweb.com\/fr\/","name":"Pavesi Forni","description":"","potentialAction":[{"@type":"SearchAction","target":{"@type":"EntryPoint","urlTemplate":"https:\/\/pavesi.sviluppokeyweb.com\/fr\/?s={search_term_string}"},"query-input":{"@type":"PropertyValueSpecification","valueRequired":true,"valueName":"search_term_string"}}],"inLanguage":"fr-FR"}]}},"_links":{"self":[{"href":"https:\/\/pavesi.sviluppokeyweb.com\/fr\/wp-json\/wp\/v2\/product\/1648","targetHints":{"allow":["GET"]}}],"collection":[{"href":"https:\/\/pavesi.sviluppokeyweb.com\/fr\/wp-json\/wp\/v2\/product"}],"about":[{"href":"https:\/\/pavesi.sviluppokeyweb.com\/fr\/wp-json\/wp\/v2\/types\/product"}],"replies":[{"embeddable":true,"href":"https:\/\/pavesi.sviluppokeyweb.com\/fr\/wp-json\/wp\/v2\/comments?post=1648"}],"wp:featuredmedia":[{"embeddable":true,"href":"https:\/\/pavesi.sviluppokeyweb.com\/fr\/wp-json\/wp\/v2\/media\/3106"}],"wp:attachment":[{"href":"https:\/\/pavesi.sviluppokeyweb.com\/fr\/wp-json\/wp\/v2\/media?parent=1648"}],"wp:term":[{"taxonomy":"product_brand","embeddable":true,"href":"https:\/\/pavesi.sviluppokeyweb.com\/fr\/wp-json\/wp\/v2\/product_brand?post=1648"},{"taxonomy":"product_cat","embeddable":true,"href":"https:\/\/pavesi.sviluppokeyweb.com\/fr\/wp-json\/wp\/v2\/product_cat?post=1648"},{"taxonomy":"product_tag","embeddable":true,"href":"https:\/\/pavesi.sviluppokeyweb.com\/fr\/wp-json\/wp\/v2\/product_tag?post=1648"}],"curies":[{"name":"wp","href":"https:\/\/api.w.org\/{rel}","templated":true}]}}