{"id":1684,"date":"2024-11-11T13:16:02","date_gmt":"2024-11-11T13:16:02","guid":{"rendered":"https:\/\/pavesi.sviluppokeyweb.com\/product\/joy-140-2\/"},"modified":"2025-05-19T12:07:23","modified_gmt":"2025-05-19T12:07:23","slug":"joy-140-2","status":"publish","type":"product","link":"https:\/\/pavesi.sviluppokeyweb.com\/fr\/forno-joy-140-per-pizzeria\/","title":{"rendered":"JOY 140"},"content":{"rendered":"<p><strong>Joy 140<\/strong> est un <strong>four \u00e0 gaz<\/strong> parfaitement circulaire avec une capacit\u00e9 maximale de <strong>7 \u00e0 9\u00a0pizzas<\/strong>. Comme dans tous les fours Pavesi, la sole de cuisson est un monobloc auto-dilatante con\u00e7ue pour une efficacit\u00e9 maximale et une cuisson homog\u00e8ne.<\/p>\n<p>Notre objectif n&rsquo;est pas seulement de produire et d&rsquo;installer des fours tr\u00e8s r\u00e9actifs et efficaces, visant \u00e0 <strong>\u00e9conomiser de l&rsquo;\u00e9nergie<\/strong> et \u00e0 <strong>r\u00e9duire les co\u00fbts<\/strong>, mais aussi de produire des fours qui <strong>se distinguent sur le plan esth\u00e9tique\u00a0<\/strong>: ce mod\u00e8le est comparable \u00e0 une pi\u00e8ce de design et est enti\u00e8rement personnalisable.<\/p>\n<p>Depuis <strong>1969<\/strong>, Pavesi produit des fours \u00e0 pizza professionnels polyvalents et efficaces\u00a0: dans ce cas, la possibilit\u00e9 d&rsquo;utiliser des fours \u00e0 bois augmente le potentiel du four. <strong>Contactez-nous<\/strong> et demandez la fourniture de nos fours artisanaux\u00a0! <strong>Nous exp\u00e9dions, installons et assurons le service apr\u00e8s-vente dans le monde entier.<\/strong><\/p>\n<p>&nbsp;<\/p>\n<p><strong>Remarque\u00a0: <\/strong>Les images contenues dans ce site sont uniquement fournies \u00e0 titre indicatif et peuvent inclure des accessoires qui ne sont pas fournis en s\u00e9rie. <strong>Attention\u00a0: <\/strong>le rendu vid\u00e9o ne permet pas toujours la reproduction fid\u00e8le des couleurs et des teintes par rapport aux originaux.<\/p>\n","protected":false},"excerpt":{"rendered":"<p><strong>Joy 140<\/strong> est un <strong>four \u00e0 gaz<\/strong> parfaitement circulaire avec une capacit\u00e9 maximale de <strong>7 \u00e0 9\u00a0pizzas<\/strong>. Comme dans tous les fours Pavesi, la sole de cuisson est un monobloc auto-dilatante con\u00e7ue pour une efficacit\u00e9 maximale et une cuisson homog\u00e8ne.<\/p>\n<p>Notre objectif n&rsquo;est pas seulement de produire et d&rsquo;installer des fours tr\u00e8s r\u00e9actifs et efficaces, visant \u00e0 <strong>\u00e9conomiser de l&rsquo;\u00e9nergie<\/strong> et \u00e0 <strong>r\u00e9duire les co\u00fbts<\/strong>, mais aussi de produire des fours qui <strong>se distinguent sur le plan esth\u00e9tique\u00a0<\/strong>: ce mod\u00e8le est comparable \u00e0 une pi\u00e8ce de design et est enti\u00e8rement personnalisable.<\/p>\n<p>Depuis <strong>1969<\/strong>, Pavesi produit des fours \u00e0 pizza professionnels polyvalents et efficaces\u00a0: dans ce cas, la possibilit\u00e9 d&rsquo;utiliser des fours \u00e0 bois augmente le potentiel du four. <strong>Contactez-nous<\/strong> et demandez la fourniture de nos fours artisanaux\u00a0! <strong>Nous exp\u00e9dions, installons et assurons le service apr\u00e8s-vente dans le monde entier.<\/strong><\/p>\n<p>&nbsp;<\/p>\n<p><strong>Remarque\u00a0: <\/strong>Les images contenues dans ce site sont uniquement fournies \u00e0 titre indicatif et peuvent inclure des accessoires qui ne sont pas fournis en s\u00e9rie. <strong>Attention\u00a0: <\/strong>le rendu vid\u00e9o ne permet pas toujours la reproduction fid\u00e8le des couleurs et des teintes par rapport aux originaux.<\/p>\n","protected":false},"featured_media":2853,"comment_status":"closed","ping_status":"closed","template":"","meta":{"_acf_changed":false,"inline_featured_image":false},"product_brand":[],"product_cat":[118,162],"product_tag":[],"class_list":{"0":"post-1684","1":"product","2":"type-product","3":"status-publish","4":"has-post-thumbnail","6":"product_cat-fours-a-gaz","7":"product_cat-traditionnels-joy-fours-a-gaz","8":"pa_capacita-pizze-fino-a-12-fr","9":"pa_piano-fisso-fr","11":"first","12":"instock","13":"shipping-taxable","14":"product-type-simple"},"acf":[],"yoast_head":"<!-- This site is optimized with the Yoast SEO plugin v25.3.1 - https:\/\/yoast.com\/wordpress\/plugins\/seo\/ -->\n<title>JOY 140 - Pavesi Forni<\/title>\n<meta name=\"robots\" content=\"noindex, follow, max-snippet:-1, max-image-preview:large, max-video-preview:-1\" \/>\n<meta property=\"og:locale\" content=\"fr_FR\" \/>\n<meta property=\"og:type\" content=\"article\" \/>\n<meta property=\"og:title\" content=\"JOY 140 - Pavesi Forni\" \/>\n<meta property=\"og:description\" content=\"Joy 140 est un four \u00e0 gaz parfaitement circulaire avec une capacit\u00e9 maximale de 7 \u00e0 9\u00a0pizzas. Comme dans tous les fours Pavesi, la sole de cuisson est un monobloc auto-dilatante con\u00e7ue pour une efficacit\u00e9 maximale et une cuisson homog\u00e8ne.  Notre objectif n&#039;est pas seulement de produire et d&#039;installer des fours tr\u00e8s r\u00e9actifs et efficaces, visant \u00e0 \u00e9conomiser de l&#039;\u00e9nergie et \u00e0 r\u00e9duire les co\u00fbts, mais aussi de produire des fours qui se distinguent sur le plan esth\u00e9tique\u00a0: ce mod\u00e8le est comparable \u00e0 une pi\u00e8ce de design et est enti\u00e8rement personnalisable.  Depuis 1969, Pavesi produit des fours \u00e0 pizza professionnels polyvalents et efficaces\u00a0: dans ce cas, la possibilit\u00e9 d&#039;utiliser des fours \u00e0 bois augmente le potentiel du four. Contactez-nous et demandez la fourniture de nos fours artisanaux\u00a0! Nous exp\u00e9dions, installons et assurons le service apr\u00e8s-vente dans le monde entier.  &nbsp;  Remarque\u00a0: Les images contenues dans ce site sont uniquement fournies \u00e0 titre indicatif et peuvent inclure des accessoires qui ne sont pas fournis en s\u00e9rie. Attention\u00a0: le rendu vid\u00e9o ne permet pas toujours la reproduction fid\u00e8le des couleurs et des teintes par rapport aux originaux.\" \/>\n<meta property=\"og:url\" content=\"https:\/\/pavesi.sviluppokeyweb.com\/fr\/forno-joy-140-per-pizzeria\/\" \/>\n<meta property=\"og:site_name\" content=\"Pavesi Forni\" \/>\n<meta property=\"article:modified_time\" content=\"2025-05-19T12:07:23+00:00\" \/>\n<meta property=\"og:image\" content=\"https:\/\/pavesi.sviluppokeyweb.com\/wp-content\/uploads\/2024\/11\/Forno-Joy-140-per-pizzeria-capienza-7-9-pizze.webp\" \/>\n\t<meta property=\"og:image:width\" content=\"799\" \/>\n\t<meta property=\"og:image:height\" content=\"1000\" \/>\n\t<meta property=\"og:image:type\" content=\"image\/webp\" \/>\n<meta name=\"twitter:card\" content=\"summary_large_image\" \/>\n<meta name=\"twitter:label1\" content=\"Dur\u00e9e de lecture estim\u00e9e\" \/>\n\t<meta name=\"twitter:data1\" content=\"2 minutes\" \/>\n<script type=\"application\/ld+json\" class=\"yoast-schema-graph\">{\"@context\":\"https:\/\/schema.org\",\"@graph\":[{\"@type\":\"WebPage\",\"@id\":\"https:\/\/pavesi.sviluppokeyweb.com\/fr\/forno-joy-140-per-pizzeria\/\",\"url\":\"https:\/\/pavesi.sviluppokeyweb.com\/fr\/forno-joy-140-per-pizzeria\/\",\"name\":\"JOY 140 - Pavesi Forni\",\"isPartOf\":{\"@id\":\"https:\/\/pavesi.sviluppokeyweb.com\/fr\/#website\"},\"primaryImageOfPage\":{\"@id\":\"https:\/\/pavesi.sviluppokeyweb.com\/fr\/forno-joy-140-per-pizzeria\/#primaryimage\"},\"image\":{\"@id\":\"https:\/\/pavesi.sviluppokeyweb.com\/fr\/forno-joy-140-per-pizzeria\/#primaryimage\"},\"thumbnailUrl\":\"https:\/\/pavesi.sviluppokeyweb.com\/wp-content\/uploads\/2024\/11\/Forno-Joy-140-per-pizzeria-capienza-7-9-pizze.webp\",\"datePublished\":\"2024-11-11T13:16:02+00:00\",\"dateModified\":\"2025-05-19T12:07:23+00:00\",\"breadcrumb\":{\"@id\":\"https:\/\/pavesi.sviluppokeyweb.com\/fr\/forno-joy-140-per-pizzeria\/#breadcrumb\"},\"inLanguage\":\"fr-FR\",\"potentialAction\":[{\"@type\":\"ReadAction\",\"target\":[\"https:\/\/pavesi.sviluppokeyweb.com\/fr\/forno-joy-140-per-pizzeria\/\"]}]},{\"@type\":\"ImageObject\",\"inLanguage\":\"fr-FR\",\"@id\":\"https:\/\/pavesi.sviluppokeyweb.com\/fr\/forno-joy-140-per-pizzeria\/#primaryimage\",\"url\":\"https:\/\/pavesi.sviluppokeyweb.com\/wp-content\/uploads\/2024\/11\/Forno-Joy-140-per-pizzeria-capienza-7-9-pizze.webp\",\"contentUrl\":\"https:\/\/pavesi.sviluppokeyweb.com\/wp-content\/uploads\/2024\/11\/Forno-Joy-140-per-pizzeria-capienza-7-9-pizze.webp\",\"width\":799,\"height\":1000,\"caption\":\"Forno Joy 140 per pizzeria capienza 7-9 pizze\"},{\"@type\":\"BreadcrumbList\",\"@id\":\"https:\/\/pavesi.sviluppokeyweb.com\/fr\/forno-joy-140-per-pizzeria\/#breadcrumb\",\"itemListElement\":[{\"@type\":\"ListItem\",\"position\":1,\"name\":\"Home\",\"item\":\"https:\/\/pavesi.sviluppokeyweb.com\/fr\/\"},{\"@type\":\"ListItem\",\"position\":2,\"name\":\"Nous fours\",\"item\":\"https:\/\/pavesi.sviluppokeyweb.com\/fr\/nous-fours\/\"},{\"@type\":\"ListItem\",\"position\":3,\"name\":\"JOY 140\"}]},{\"@type\":\"WebSite\",\"@id\":\"https:\/\/pavesi.sviluppokeyweb.com\/fr\/#website\",\"url\":\"https:\/\/pavesi.sviluppokeyweb.com\/fr\/\",\"name\":\"Pavesi Forni\",\"description\":\"\",\"potentialAction\":[{\"@type\":\"SearchAction\",\"target\":{\"@type\":\"EntryPoint\",\"urlTemplate\":\"https:\/\/pavesi.sviluppokeyweb.com\/fr\/?s={search_term_string}\"},\"query-input\":{\"@type\":\"PropertyValueSpecification\",\"valueRequired\":true,\"valueName\":\"search_term_string\"}}],\"inLanguage\":\"fr-FR\"}]}<\/script>\n<!-- \/ Yoast SEO plugin. -->","yoast_head_json":{"title":"JOY 140 - Pavesi Forni","robots":{"index":"noindex","follow":"follow","max-snippet":"max-snippet:-1","max-image-preview":"max-image-preview:large","max-video-preview":"max-video-preview:-1"},"og_locale":"fr_FR","og_type":"article","og_title":"JOY 140 - Pavesi Forni","og_description":"Joy 140 est un four \u00e0 gaz parfaitement circulaire avec une capacit\u00e9 maximale de 7 \u00e0 9\u00a0pizzas. Comme dans tous les fours Pavesi, la sole de cuisson est un monobloc auto-dilatante con\u00e7ue pour une efficacit\u00e9 maximale et une cuisson homog\u00e8ne.  Notre objectif n'est pas seulement de produire et d'installer des fours tr\u00e8s r\u00e9actifs et efficaces, visant \u00e0 \u00e9conomiser de l'\u00e9nergie et \u00e0 r\u00e9duire les co\u00fbts, mais aussi de produire des fours qui se distinguent sur le plan esth\u00e9tique\u00a0: ce mod\u00e8le est comparable \u00e0 une pi\u00e8ce de design et est enti\u00e8rement personnalisable.  Depuis 1969, Pavesi produit des fours \u00e0 pizza professionnels polyvalents et efficaces\u00a0: dans ce cas, la possibilit\u00e9 d'utiliser des fours \u00e0 bois augmente le potentiel du four. Contactez-nous et demandez la fourniture de nos fours artisanaux\u00a0! Nous exp\u00e9dions, installons et assurons le service apr\u00e8s-vente dans le monde entier.  &nbsp;  Remarque\u00a0: Les images contenues dans ce site sont uniquement fournies \u00e0 titre indicatif et peuvent inclure des accessoires qui ne sont pas fournis en s\u00e9rie. Attention\u00a0: le rendu vid\u00e9o ne permet pas toujours la reproduction fid\u00e8le des couleurs et des teintes par rapport aux originaux.","og_url":"https:\/\/pavesi.sviluppokeyweb.com\/fr\/forno-joy-140-per-pizzeria\/","og_site_name":"Pavesi Forni","article_modified_time":"2025-05-19T12:07:23+00:00","og_image":[{"width":799,"height":1000,"url":"https:\/\/pavesi.sviluppokeyweb.com\/wp-content\/uploads\/2024\/11\/Forno-Joy-140-per-pizzeria-capienza-7-9-pizze.webp","type":"image\/webp"}],"twitter_card":"summary_large_image","twitter_misc":{"Dur\u00e9e de lecture estim\u00e9e":"2 minutes"},"schema":{"@context":"https:\/\/schema.org","@graph":[{"@type":"WebPage","@id":"https:\/\/pavesi.sviluppokeyweb.com\/fr\/forno-joy-140-per-pizzeria\/","url":"https:\/\/pavesi.sviluppokeyweb.com\/fr\/forno-joy-140-per-pizzeria\/","name":"JOY 140 - Pavesi Forni","isPartOf":{"@id":"https:\/\/pavesi.sviluppokeyweb.com\/fr\/#website"},"primaryImageOfPage":{"@id":"https:\/\/pavesi.sviluppokeyweb.com\/fr\/forno-joy-140-per-pizzeria\/#primaryimage"},"image":{"@id":"https:\/\/pavesi.sviluppokeyweb.com\/fr\/forno-joy-140-per-pizzeria\/#primaryimage"},"thumbnailUrl":"https:\/\/pavesi.sviluppokeyweb.com\/wp-content\/uploads\/2024\/11\/Forno-Joy-140-per-pizzeria-capienza-7-9-pizze.webp","datePublished":"2024-11-11T13:16:02+00:00","dateModified":"2025-05-19T12:07:23+00:00","breadcrumb":{"@id":"https:\/\/pavesi.sviluppokeyweb.com\/fr\/forno-joy-140-per-pizzeria\/#breadcrumb"},"inLanguage":"fr-FR","potentialAction":[{"@type":"ReadAction","target":["https:\/\/pavesi.sviluppokeyweb.com\/fr\/forno-joy-140-per-pizzeria\/"]}]},{"@type":"ImageObject","inLanguage":"fr-FR","@id":"https:\/\/pavesi.sviluppokeyweb.com\/fr\/forno-joy-140-per-pizzeria\/#primaryimage","url":"https:\/\/pavesi.sviluppokeyweb.com\/wp-content\/uploads\/2024\/11\/Forno-Joy-140-per-pizzeria-capienza-7-9-pizze.webp","contentUrl":"https:\/\/pavesi.sviluppokeyweb.com\/wp-content\/uploads\/2024\/11\/Forno-Joy-140-per-pizzeria-capienza-7-9-pizze.webp","width":799,"height":1000,"caption":"Forno Joy 140 per pizzeria capienza 7-9 pizze"},{"@type":"BreadcrumbList","@id":"https:\/\/pavesi.sviluppokeyweb.com\/fr\/forno-joy-140-per-pizzeria\/#breadcrumb","itemListElement":[{"@type":"ListItem","position":1,"name":"Home","item":"https:\/\/pavesi.sviluppokeyweb.com\/fr\/"},{"@type":"ListItem","position":2,"name":"Nous fours","item":"https:\/\/pavesi.sviluppokeyweb.com\/fr\/nous-fours\/"},{"@type":"ListItem","position":3,"name":"JOY 140"}]},{"@type":"WebSite","@id":"https:\/\/pavesi.sviluppokeyweb.com\/fr\/#website","url":"https:\/\/pavesi.sviluppokeyweb.com\/fr\/","name":"Pavesi Forni","description":"","potentialAction":[{"@type":"SearchAction","target":{"@type":"EntryPoint","urlTemplate":"https:\/\/pavesi.sviluppokeyweb.com\/fr\/?s={search_term_string}"},"query-input":{"@type":"PropertyValueSpecification","valueRequired":true,"valueName":"search_term_string"}}],"inLanguage":"fr-FR"}]}},"_links":{"self":[{"href":"https:\/\/pavesi.sviluppokeyweb.com\/fr\/wp-json\/wp\/v2\/product\/1684","targetHints":{"allow":["GET"]}}],"collection":[{"href":"https:\/\/pavesi.sviluppokeyweb.com\/fr\/wp-json\/wp\/v2\/product"}],"about":[{"href":"https:\/\/pavesi.sviluppokeyweb.com\/fr\/wp-json\/wp\/v2\/types\/product"}],"replies":[{"embeddable":true,"href":"https:\/\/pavesi.sviluppokeyweb.com\/fr\/wp-json\/wp\/v2\/comments?post=1684"}],"wp:featuredmedia":[{"embeddable":true,"href":"https:\/\/pavesi.sviluppokeyweb.com\/fr\/wp-json\/wp\/v2\/media\/2853"}],"wp:attachment":[{"href":"https:\/\/pavesi.sviluppokeyweb.com\/fr\/wp-json\/wp\/v2\/media?parent=1684"}],"wp:term":[{"taxonomy":"product_brand","embeddable":true,"href":"https:\/\/pavesi.sviluppokeyweb.com\/fr\/wp-json\/wp\/v2\/product_brand?post=1684"},{"taxonomy":"product_cat","embeddable":true,"href":"https:\/\/pavesi.sviluppokeyweb.com\/fr\/wp-json\/wp\/v2\/product_cat?post=1684"},{"taxonomy":"product_tag","embeddable":true,"href":"https:\/\/pavesi.sviluppokeyweb.com\/fr\/wp-json\/wp\/v2\/product_tag?post=1684"}],"curies":[{"name":"wp","href":"https:\/\/api.w.org\/{rel}","templated":true}]}}