{"id":1736,"date":"2024-11-11T11:22:31","date_gmt":"2024-11-11T11:22:31","guid":{"rendered":"https:\/\/pavesi.sviluppokeyweb.com\/product\/rpm-140-180\/"},"modified":"2025-05-21T14:22:26","modified_gmt":"2025-05-21T14:22:26","slug":"rpm-140-180","status":"publish","type":"product","link":"https:\/\/pavesi.sviluppokeyweb.com\/fr\/rpm-140-180\/","title":{"rendered":"RPM 140\/180"},"content":{"rendered":"<p>Nous vous pr\u00e9sentons le mod\u00e8le <strong>le plus grand et le plus spacieux<\/strong> de notre production de fours standard\u00a0: le mod\u00e8le <strong>RPM 140\/180<\/strong> est un <strong>four \u00e0 bois professionnel<\/strong>, qui peut \u00e9galement \u00eatre utilis\u00e9 avec du gaz et dont la temp\u00e9rature des br\u00fbleurs est contr\u00f4l\u00e9e \u00e9lectroniquement, avec une grande sole de cuisson monobloc auto-dilatante de 7\u00a0cm d&rsquo;\u00e9paisseur. La capacit\u00e9 du four lui permet d\u2019arriver \u00e0 produire <strong>160\u00a0pizzas en une heure<\/strong> et m\u00eame de cuire des <strong>pizzas au m\u00e8tre<\/strong>.<\/p>\n<p>La passion de l&rsquo;artisanat, le processus de production made in Italy et le savoir-faire acquis au cours de plus de 50\u00a0ans d&rsquo;exp\u00e9rience se combinent ici pour cr\u00e9er un outil professionnel fiable, durable et essentiel <strong>pour les \u00e9tablissements soumis \u00e0 des flux de travail intenses<\/strong>.<\/p>\n<p><strong>Nous exp\u00e9dions nos fours pr\u00e9mont\u00e9s ou avec un kit de montage dans le monde entier\u00a0: contactez-nous pour demander une livraison.<\/strong><\/p>\n<p>&nbsp;<\/p>\n<p><strong>Remarque\u00a0: <\/strong>Les images contenues dans ce site sont uniquement fournies \u00e0 titre indicatif et peuvent inclure des accessoires qui ne sont pas fournis en s\u00e9rie. <strong>Attention\u00a0: <\/strong>le rendu vid\u00e9o ne permet pas toujours la reproduction fid\u00e8le des couleurs et des teintes par rapport aux originaux.<\/p>\n","protected":false},"excerpt":{"rendered":"<p>Nous vous pr\u00e9sentons le mod\u00e8le <strong>le plus grand et le plus spacieux<\/strong> de notre production de fours standard\u00a0: le mod\u00e8le <strong>RPM 140\/180<\/strong> est un <strong>four \u00e0 bois professionnel<\/strong>, qui peut \u00e9galement \u00eatre utilis\u00e9 avec du gaz et dont la temp\u00e9rature des br\u00fbleurs est contr\u00f4l\u00e9e \u00e9lectroniquement, avec une grande sole de cuisson monobloc auto-dilatante de 7\u00a0cm d&rsquo;\u00e9paisseur. La capacit\u00e9 du four lui permet d\u2019arriver \u00e0 produire <strong>160\u00a0pizzas en une heure<\/strong> et m\u00eame de cuire des <strong>pizzas au m\u00e8tre<\/strong>.<\/p>\n<p>La passion de l&rsquo;artisanat, le processus de production made in Italy et le savoir-faire acquis au cours de plus de 50\u00a0ans d&rsquo;exp\u00e9rience se combinent ici pour cr\u00e9er un outil professionnel fiable, durable et essentiel <strong>pour les \u00e9tablissements soumis \u00e0 des flux de travail intenses<\/strong>.<\/p>\n<p><strong>Nous exp\u00e9dions nos fours pr\u00e9mont\u00e9s ou avec un kit de montage dans le monde entier\u00a0: contactez-nous pour demander une livraison.<\/strong><\/p>\n<p>&nbsp;<\/p>\n<p><strong>Remarque\u00a0: <\/strong>Les images contenues dans ce site sont uniquement fournies \u00e0 titre indicatif et peuvent inclure des accessoires qui ne sont pas fournis en s\u00e9rie. <strong>Attention\u00a0: <\/strong>le rendu vid\u00e9o ne permet pas toujours la reproduction fid\u00e8le des couleurs et des teintes par rapport aux originaux.<\/p>\n","protected":false},"featured_media":2513,"comment_status":"closed","ping_status":"closed","template":"","meta":{"_acf_changed":false,"inline_featured_image":false},"product_brand":[],"product_cat":[183,184],"product_tag":[],"class_list":{"0":"post-1736","1":"product","2":"type-product","3":"status-publish","4":"has-post-thumbnail","6":"product_cat-fours-a-bois","7":"product_cat-traditionnels-rpm","8":"pa_capacita-pizze-fino-a-18-fr","9":"pa_piano-fisso-fr","11":"first","12":"instock","13":"shipping-taxable","14":"product-type-simple"},"acf":[],"yoast_head":"<!-- This site is optimized with the Yoast SEO plugin v25.3.1 - https:\/\/yoast.com\/wordpress\/plugins\/seo\/ -->\n<title>RPM 140\/180 - Pavesi Forni<\/title>\n<meta name=\"robots\" content=\"noindex, follow, max-snippet:-1, max-image-preview:large, max-video-preview:-1\" \/>\n<meta property=\"og:locale\" content=\"fr_FR\" \/>\n<meta property=\"og:type\" content=\"article\" \/>\n<meta property=\"og:title\" content=\"RPM 140\/180 - Pavesi Forni\" \/>\n<meta property=\"og:description\" content=\"Nous vous pr\u00e9sentons le mod\u00e8le le plus grand et le plus spacieux de notre production de fours standard\u00a0: le mod\u00e8le RPM 140\/180 est un four \u00e0 bois professionnel, qui peut \u00e9galement \u00eatre utilis\u00e9 avec du gaz et dont la temp\u00e9rature des br\u00fbleurs est contr\u00f4l\u00e9e \u00e9lectroniquement, avec une grande sole de cuisson monobloc auto-dilatante de 7\u00a0cm d&#039;\u00e9paisseur. La capacit\u00e9 du four lui permet d\u2019arriver \u00e0 produire 160\u00a0pizzas en une heure et m\u00eame de cuire des pizzas au m\u00e8tre.  La passion de l&#039;artisanat, le processus de production made in Italy et le savoir-faire acquis au cours de plus de 50\u00a0ans d&#039;exp\u00e9rience se combinent ici pour cr\u00e9er un outil professionnel fiable, durable et essentiel pour les \u00e9tablissements soumis \u00e0 des flux de travail intenses.  Nous exp\u00e9dions nos fours pr\u00e9mont\u00e9s ou avec un kit de montage dans le monde entier\u00a0: contactez-nous pour demander une livraison.  &nbsp;  Remarque\u00a0: Les images contenues dans ce site sont uniquement fournies \u00e0 titre indicatif et peuvent inclure des accessoires qui ne sont pas fournis en s\u00e9rie. Attention\u00a0: le rendu vid\u00e9o ne permet pas toujours la reproduction fid\u00e8le des couleurs et des teintes par rapport aux originaux.\" \/>\n<meta property=\"og:url\" content=\"https:\/\/pavesi.sviluppokeyweb.com\/fr\/rpm-140-180\/\" \/>\n<meta property=\"og:site_name\" content=\"Pavesi Forni\" \/>\n<meta property=\"article:modified_time\" content=\"2025-05-21T14:22:26+00:00\" \/>\n<meta property=\"og:image\" content=\"https:\/\/pavesi.sviluppokeyweb.com\/wp-content\/uploads\/2024\/11\/Forno-Commerciale-Grandi-Dimensioni-RPM-140-180.webp\" \/>\n\t<meta property=\"og:image:width\" content=\"787\" \/>\n\t<meta property=\"og:image:height\" content=\"921\" \/>\n\t<meta property=\"og:image:type\" content=\"image\/webp\" \/>\n<meta name=\"twitter:card\" content=\"summary_large_image\" \/>\n<meta name=\"twitter:label1\" content=\"Dur\u00e9e de lecture estim\u00e9e\" \/>\n\t<meta name=\"twitter:data1\" content=\"2 minutes\" \/>\n<script type=\"application\/ld+json\" class=\"yoast-schema-graph\">{\"@context\":\"https:\/\/schema.org\",\"@graph\":[{\"@type\":\"WebPage\",\"@id\":\"https:\/\/pavesi.sviluppokeyweb.com\/fr\/rpm-140-180\/\",\"url\":\"https:\/\/pavesi.sviluppokeyweb.com\/fr\/rpm-140-180\/\",\"name\":\"RPM 140\/180 - Pavesi Forni\",\"isPartOf\":{\"@id\":\"https:\/\/pavesi.sviluppokeyweb.com\/fr\/#website\"},\"primaryImageOfPage\":{\"@id\":\"https:\/\/pavesi.sviluppokeyweb.com\/fr\/rpm-140-180\/#primaryimage\"},\"image\":{\"@id\":\"https:\/\/pavesi.sviluppokeyweb.com\/fr\/rpm-140-180\/#primaryimage\"},\"thumbnailUrl\":\"https:\/\/pavesi.sviluppokeyweb.com\/wp-content\/uploads\/2024\/11\/Forno-Commerciale-Grandi-Dimensioni-RPM-140-180.webp\",\"datePublished\":\"2024-11-11T11:22:31+00:00\",\"dateModified\":\"2025-05-21T14:22:26+00:00\",\"breadcrumb\":{\"@id\":\"https:\/\/pavesi.sviluppokeyweb.com\/fr\/rpm-140-180\/#breadcrumb\"},\"inLanguage\":\"fr-FR\",\"potentialAction\":[{\"@type\":\"ReadAction\",\"target\":[\"https:\/\/pavesi.sviluppokeyweb.com\/fr\/rpm-140-180\/\"]}]},{\"@type\":\"ImageObject\",\"inLanguage\":\"fr-FR\",\"@id\":\"https:\/\/pavesi.sviluppokeyweb.com\/fr\/rpm-140-180\/#primaryimage\",\"url\":\"https:\/\/pavesi.sviluppokeyweb.com\/wp-content\/uploads\/2024\/11\/Forno-Commerciale-Grandi-Dimensioni-RPM-140-180.webp\",\"contentUrl\":\"https:\/\/pavesi.sviluppokeyweb.com\/wp-content\/uploads\/2024\/11\/Forno-Commerciale-Grandi-Dimensioni-RPM-140-180.webp\",\"width\":787,\"height\":921,\"caption\":\"Forno Commerciale Grandi Dimensioni RPM 140-180\"},{\"@type\":\"BreadcrumbList\",\"@id\":\"https:\/\/pavesi.sviluppokeyweb.com\/fr\/rpm-140-180\/#breadcrumb\",\"itemListElement\":[{\"@type\":\"ListItem\",\"position\":1,\"name\":\"Home\",\"item\":\"https:\/\/pavesi.sviluppokeyweb.com\/fr\/\"},{\"@type\":\"ListItem\",\"position\":2,\"name\":\"Nous fours\",\"item\":\"https:\/\/pavesi.sviluppokeyweb.com\/fr\/nous-fours\/\"},{\"@type\":\"ListItem\",\"position\":3,\"name\":\"RPM 140\/180\"}]},{\"@type\":\"WebSite\",\"@id\":\"https:\/\/pavesi.sviluppokeyweb.com\/fr\/#website\",\"url\":\"https:\/\/pavesi.sviluppokeyweb.com\/fr\/\",\"name\":\"Pavesi Forni\",\"description\":\"\",\"potentialAction\":[{\"@type\":\"SearchAction\",\"target\":{\"@type\":\"EntryPoint\",\"urlTemplate\":\"https:\/\/pavesi.sviluppokeyweb.com\/fr\/?s={search_term_string}\"},\"query-input\":{\"@type\":\"PropertyValueSpecification\",\"valueRequired\":true,\"valueName\":\"search_term_string\"}}],\"inLanguage\":\"fr-FR\"}]}<\/script>\n<!-- \/ Yoast SEO plugin. -->","yoast_head_json":{"title":"RPM 140\/180 - Pavesi Forni","robots":{"index":"noindex","follow":"follow","max-snippet":"max-snippet:-1","max-image-preview":"max-image-preview:large","max-video-preview":"max-video-preview:-1"},"og_locale":"fr_FR","og_type":"article","og_title":"RPM 140\/180 - Pavesi Forni","og_description":"Nous vous pr\u00e9sentons le mod\u00e8le le plus grand et le plus spacieux de notre production de fours standard\u00a0: le mod\u00e8le RPM 140\/180 est un four \u00e0 bois professionnel, qui peut \u00e9galement \u00eatre utilis\u00e9 avec du gaz et dont la temp\u00e9rature des br\u00fbleurs est contr\u00f4l\u00e9e \u00e9lectroniquement, avec une grande sole de cuisson monobloc auto-dilatante de 7\u00a0cm d'\u00e9paisseur. La capacit\u00e9 du four lui permet d\u2019arriver \u00e0 produire 160\u00a0pizzas en une heure et m\u00eame de cuire des pizzas au m\u00e8tre.  La passion de l'artisanat, le processus de production made in Italy et le savoir-faire acquis au cours de plus de 50\u00a0ans d'exp\u00e9rience se combinent ici pour cr\u00e9er un outil professionnel fiable, durable et essentiel pour les \u00e9tablissements soumis \u00e0 des flux de travail intenses.  Nous exp\u00e9dions nos fours pr\u00e9mont\u00e9s ou avec un kit de montage dans le monde entier\u00a0: contactez-nous pour demander une livraison.  &nbsp;  Remarque\u00a0: Les images contenues dans ce site sont uniquement fournies \u00e0 titre indicatif et peuvent inclure des accessoires qui ne sont pas fournis en s\u00e9rie. Attention\u00a0: le rendu vid\u00e9o ne permet pas toujours la reproduction fid\u00e8le des couleurs et des teintes par rapport aux originaux.","og_url":"https:\/\/pavesi.sviluppokeyweb.com\/fr\/rpm-140-180\/","og_site_name":"Pavesi Forni","article_modified_time":"2025-05-21T14:22:26+00:00","og_image":[{"width":787,"height":921,"url":"https:\/\/pavesi.sviluppokeyweb.com\/wp-content\/uploads\/2024\/11\/Forno-Commerciale-Grandi-Dimensioni-RPM-140-180.webp","type":"image\/webp"}],"twitter_card":"summary_large_image","twitter_misc":{"Dur\u00e9e de lecture estim\u00e9e":"2 minutes"},"schema":{"@context":"https:\/\/schema.org","@graph":[{"@type":"WebPage","@id":"https:\/\/pavesi.sviluppokeyweb.com\/fr\/rpm-140-180\/","url":"https:\/\/pavesi.sviluppokeyweb.com\/fr\/rpm-140-180\/","name":"RPM 140\/180 - Pavesi Forni","isPartOf":{"@id":"https:\/\/pavesi.sviluppokeyweb.com\/fr\/#website"},"primaryImageOfPage":{"@id":"https:\/\/pavesi.sviluppokeyweb.com\/fr\/rpm-140-180\/#primaryimage"},"image":{"@id":"https:\/\/pavesi.sviluppokeyweb.com\/fr\/rpm-140-180\/#primaryimage"},"thumbnailUrl":"https:\/\/pavesi.sviluppokeyweb.com\/wp-content\/uploads\/2024\/11\/Forno-Commerciale-Grandi-Dimensioni-RPM-140-180.webp","datePublished":"2024-11-11T11:22:31+00:00","dateModified":"2025-05-21T14:22:26+00:00","breadcrumb":{"@id":"https:\/\/pavesi.sviluppokeyweb.com\/fr\/rpm-140-180\/#breadcrumb"},"inLanguage":"fr-FR","potentialAction":[{"@type":"ReadAction","target":["https:\/\/pavesi.sviluppokeyweb.com\/fr\/rpm-140-180\/"]}]},{"@type":"ImageObject","inLanguage":"fr-FR","@id":"https:\/\/pavesi.sviluppokeyweb.com\/fr\/rpm-140-180\/#primaryimage","url":"https:\/\/pavesi.sviluppokeyweb.com\/wp-content\/uploads\/2024\/11\/Forno-Commerciale-Grandi-Dimensioni-RPM-140-180.webp","contentUrl":"https:\/\/pavesi.sviluppokeyweb.com\/wp-content\/uploads\/2024\/11\/Forno-Commerciale-Grandi-Dimensioni-RPM-140-180.webp","width":787,"height":921,"caption":"Forno Commerciale Grandi Dimensioni RPM 140-180"},{"@type":"BreadcrumbList","@id":"https:\/\/pavesi.sviluppokeyweb.com\/fr\/rpm-140-180\/#breadcrumb","itemListElement":[{"@type":"ListItem","position":1,"name":"Home","item":"https:\/\/pavesi.sviluppokeyweb.com\/fr\/"},{"@type":"ListItem","position":2,"name":"Nous fours","item":"https:\/\/pavesi.sviluppokeyweb.com\/fr\/nous-fours\/"},{"@type":"ListItem","position":3,"name":"RPM 140\/180"}]},{"@type":"WebSite","@id":"https:\/\/pavesi.sviluppokeyweb.com\/fr\/#website","url":"https:\/\/pavesi.sviluppokeyweb.com\/fr\/","name":"Pavesi Forni","description":"","potentialAction":[{"@type":"SearchAction","target":{"@type":"EntryPoint","urlTemplate":"https:\/\/pavesi.sviluppokeyweb.com\/fr\/?s={search_term_string}"},"query-input":{"@type":"PropertyValueSpecification","valueRequired":true,"valueName":"search_term_string"}}],"inLanguage":"fr-FR"}]}},"_links":{"self":[{"href":"https:\/\/pavesi.sviluppokeyweb.com\/fr\/wp-json\/wp\/v2\/product\/1736","targetHints":{"allow":["GET"]}}],"collection":[{"href":"https:\/\/pavesi.sviluppokeyweb.com\/fr\/wp-json\/wp\/v2\/product"}],"about":[{"href":"https:\/\/pavesi.sviluppokeyweb.com\/fr\/wp-json\/wp\/v2\/types\/product"}],"replies":[{"embeddable":true,"href":"https:\/\/pavesi.sviluppokeyweb.com\/fr\/wp-json\/wp\/v2\/comments?post=1736"}],"wp:featuredmedia":[{"embeddable":true,"href":"https:\/\/pavesi.sviluppokeyweb.com\/fr\/wp-json\/wp\/v2\/media\/2513"}],"wp:attachment":[{"href":"https:\/\/pavesi.sviluppokeyweb.com\/fr\/wp-json\/wp\/v2\/media?parent=1736"}],"wp:term":[{"taxonomy":"product_brand","embeddable":true,"href":"https:\/\/pavesi.sviluppokeyweb.com\/fr\/wp-json\/wp\/v2\/product_brand?post=1736"},{"taxonomy":"product_cat","embeddable":true,"href":"https:\/\/pavesi.sviluppokeyweb.com\/fr\/wp-json\/wp\/v2\/product_cat?post=1736"},{"taxonomy":"product_tag","embeddable":true,"href":"https:\/\/pavesi.sviluppokeyweb.com\/fr\/wp-json\/wp\/v2\/product_tag?post=1736"}],"curies":[{"name":"wp","href":"https:\/\/api.w.org\/{rel}","templated":true}]}}