{"id":1752,"date":"2024-11-11T11:20:58","date_gmt":"2024-11-11T11:20:58","guid":{"rendered":"https:\/\/pavesi.sviluppokeyweb.com\/product\/joy-140-160\/"},"modified":"2025-05-21T14:15:12","modified_gmt":"2025-05-21T14:15:12","slug":"joy-140-160","status":"publish","type":"product","link":"https:\/\/pavesi.sviluppokeyweb.com\/fr\/joy-140-160\/","title":{"rendered":"JOY 140\/160"},"content":{"rendered":"<p>Une capacit\u00e9 maximale de 9 \u00e0 11\u00a0pizzas et une capacit\u00e9 de production de <strong>120\u00a0pizzas par heure<\/strong> caract\u00e9risent le <strong>four \u00e0 bois Joy 140\/160<\/strong>, un four con\u00e7u pour avoir un rendement optimal et des performances \u00e9lev\u00e9es \u00e0 des co\u00fbts tr\u00e8s bas.<\/p>\n<p>La <strong>sole de cuisson fixe monobloc auto-dilatante<\/strong> est compos\u00e9e d&rsquo;un seul bloc r\u00e9fractaire de 7\u00a0cm d&rsquo;\u00e9paisseur, tandis que le four peut \u00e9galement \u00eatre pr\u00e9par\u00e9 pour une utilisation au gaz\u00a0: la cuisson parfaite et uniforme des pizzas s&rsquo;allie \u00e0 une polyvalence due \u00e9galement au design et aux possibilit\u00e9s de <strong>personnalisations <\/strong>de l\u2019appareil.<\/p>\n<p>Faites appel \u00e0 notre entreprise pour b\u00e9n\u00e9ficier d&rsquo;une <strong>passion artisanale de plus de 50\u00a0ans,<\/strong> caract\u00e9ris\u00e9e par des <strong>mat\u00e9riaux provenant de l&rsquo;UE<\/strong> et une conception et une fabrication <strong>enti\u00e8rement made in Italy<\/strong>.<strong> Demandez-nous d\u00e8s maintenant la livraison et l&rsquo;installation dans le monde entier, et b\u00e9n\u00e9ficiez d&rsquo;une assistance 7\u00a0jours sur 7.<\/strong><\/p>\n<p>&nbsp;<\/p>\n<p><strong>Remarque\u00a0: <\/strong>Les images contenues dans ce site sont uniquement fournies \u00e0 titre indicatif et peuvent inclure des accessoires qui ne sont pas fournis en s\u00e9rie. <strong>Attention\u00a0: <\/strong>le rendu vid\u00e9o ne permet pas toujours la reproduction fid\u00e8le des couleurs et des teintes par rapport aux originaux.<\/p>\n","protected":false},"excerpt":{"rendered":"<p>Une capacit\u00e9 maximale de 9 \u00e0 11\u00a0pizzas et une capacit\u00e9 de production de <strong>120\u00a0pizzas par heure<\/strong> caract\u00e9risent le <strong>four \u00e0 bois Joy 140\/160<\/strong>, un four con\u00e7u pour avoir un rendement optimal et des performances \u00e9lev\u00e9es \u00e0 des co\u00fbts tr\u00e8s bas.<\/p>\n<p>La <strong>sole de cuisson fixe monobloc auto-dilatante<\/strong> est compos\u00e9e d&rsquo;un seul bloc r\u00e9fractaire de 7\u00a0cm d&rsquo;\u00e9paisseur, tandis que le four peut \u00e9galement \u00eatre pr\u00e9par\u00e9 pour une utilisation au gaz\u00a0: la cuisson parfaite et uniforme des pizzas s&rsquo;allie \u00e0 une polyvalence due \u00e9galement au design et aux possibilit\u00e9s de <strong>personnalisations <\/strong>de l\u2019appareil.<\/p>\n<p>Faites appel \u00e0 notre entreprise pour b\u00e9n\u00e9ficier d&rsquo;une <strong>passion artisanale de plus de 50\u00a0ans,<\/strong> caract\u00e9ris\u00e9e par des <strong>mat\u00e9riaux provenant de l&rsquo;UE<\/strong> et une conception et une fabrication <strong>enti\u00e8rement made in Italy<\/strong>.<strong> Demandez-nous d\u00e8s maintenant la livraison et l&rsquo;installation dans le monde entier, et b\u00e9n\u00e9ficiez d&rsquo;une assistance 7\u00a0jours sur 7.<\/strong><\/p>\n<p>&nbsp;<\/p>\n<p><strong>Remarque\u00a0: <\/strong>Les images contenues dans ce site sont uniquement fournies \u00e0 titre indicatif et peuvent inclure des accessoires qui ne sont pas fournis en s\u00e9rie. <strong>Attention\u00a0: <\/strong>le rendu vid\u00e9o ne permet pas toujours la reproduction fid\u00e8le des couleurs et des teintes par rapport aux originaux.<\/p>\n","protected":false},"featured_media":2385,"comment_status":"closed","ping_status":"closed","template":"","meta":{"_acf_changed":false,"inline_featured_image":false},"product_brand":[],"product_cat":[183,190],"product_tag":[],"class_list":{"0":"post-1752","1":"product","2":"type-product","3":"status-publish","4":"has-post-thumbnail","6":"product_cat-fours-a-bois","7":"product_cat-traditionnels-joy","8":"pa_capacita-pizze-fino-a-18-fr","9":"pa_piano-fisso-fr","11":"first","12":"instock","13":"shipping-taxable","14":"product-type-simple"},"acf":[],"yoast_head":"<!-- This site is optimized with the Yoast SEO plugin v25.3.1 - https:\/\/yoast.com\/wordpress\/plugins\/seo\/ -->\n<title>JOY 140\/160 - Pavesi Forni<\/title>\n<meta name=\"robots\" content=\"noindex, follow, max-snippet:-1, max-image-preview:large, max-video-preview:-1\" \/>\n<meta property=\"og:locale\" content=\"fr_FR\" \/>\n<meta property=\"og:type\" content=\"article\" \/>\n<meta property=\"og:title\" content=\"JOY 140\/160 - Pavesi Forni\" \/>\n<meta property=\"og:description\" content=\"Une capacit\u00e9 maximale de 9 \u00e0 11\u00a0pizzas et une capacit\u00e9 de production de 120\u00a0pizzas par heure caract\u00e9risent le four \u00e0 bois Joy 140\/160, un four con\u00e7u pour avoir un rendement optimal et des performances \u00e9lev\u00e9es \u00e0 des co\u00fbts tr\u00e8s bas.  La sole de cuisson fixe monobloc auto-dilatante est compos\u00e9e d&#039;un seul bloc r\u00e9fractaire de 7\u00a0cm d&#039;\u00e9paisseur, tandis que le four peut \u00e9galement \u00eatre pr\u00e9par\u00e9 pour une utilisation au gaz\u00a0: la cuisson parfaite et uniforme des pizzas s&#039;allie \u00e0 une polyvalence due \u00e9galement au design et aux possibilit\u00e9s de personnalisations de l\u2019appareil.  Faites appel \u00e0 notre entreprise pour b\u00e9n\u00e9ficier d&#039;une passion artisanale de plus de 50\u00a0ans, caract\u00e9ris\u00e9e par des mat\u00e9riaux provenant de l&#039;UE et une conception et une fabrication enti\u00e8rement made in Italy. Demandez-nous d\u00e8s maintenant la livraison et l&#039;installation dans le monde entier, et b\u00e9n\u00e9ficiez d&#039;une assistance 7\u00a0jours sur 7.  &nbsp;  Remarque\u00a0: Les images contenues dans ce site sont uniquement fournies \u00e0 titre indicatif et peuvent inclure des accessoires qui ne sont pas fournis en s\u00e9rie. Attention\u00a0: le rendu vid\u00e9o ne permet pas toujours la reproduction fid\u00e8le des couleurs et des teintes par rapport aux originaux.\" \/>\n<meta property=\"og:url\" content=\"https:\/\/pavesi.sviluppokeyweb.com\/fr\/joy-140-160\/\" \/>\n<meta property=\"og:site_name\" content=\"Pavesi Forni\" \/>\n<meta property=\"article:modified_time\" content=\"2025-05-21T14:15:12+00:00\" \/>\n<meta property=\"og:image\" content=\"https:\/\/pavesi.sviluppokeyweb.com\/wp-content\/uploads\/2024\/11\/Forno-a-Legna-Joy-140-160.webp\" \/>\n\t<meta property=\"og:image:width\" content=\"866\" \/>\n\t<meta property=\"og:image:height\" content=\"1000\" \/>\n\t<meta property=\"og:image:type\" content=\"image\/webp\" \/>\n<meta name=\"twitter:card\" content=\"summary_large_image\" \/>\n<meta name=\"twitter:label1\" content=\"Dur\u00e9e de lecture estim\u00e9e\" \/>\n\t<meta name=\"twitter:data1\" content=\"2 minutes\" \/>\n<script type=\"application\/ld+json\" class=\"yoast-schema-graph\">{\"@context\":\"https:\/\/schema.org\",\"@graph\":[{\"@type\":\"WebPage\",\"@id\":\"https:\/\/pavesi.sviluppokeyweb.com\/fr\/joy-140-160\/\",\"url\":\"https:\/\/pavesi.sviluppokeyweb.com\/fr\/joy-140-160\/\",\"name\":\"JOY 140\/160 - Pavesi Forni\",\"isPartOf\":{\"@id\":\"https:\/\/pavesi.sviluppokeyweb.com\/fr\/#website\"},\"primaryImageOfPage\":{\"@id\":\"https:\/\/pavesi.sviluppokeyweb.com\/fr\/joy-140-160\/#primaryimage\"},\"image\":{\"@id\":\"https:\/\/pavesi.sviluppokeyweb.com\/fr\/joy-140-160\/#primaryimage\"},\"thumbnailUrl\":\"https:\/\/pavesi.sviluppokeyweb.com\/wp-content\/uploads\/2024\/11\/Forno-a-Legna-Joy-140-160.webp\",\"datePublished\":\"2024-11-11T11:20:58+00:00\",\"dateModified\":\"2025-05-21T14:15:12+00:00\",\"breadcrumb\":{\"@id\":\"https:\/\/pavesi.sviluppokeyweb.com\/fr\/joy-140-160\/#breadcrumb\"},\"inLanguage\":\"fr-FR\",\"potentialAction\":[{\"@type\":\"ReadAction\",\"target\":[\"https:\/\/pavesi.sviluppokeyweb.com\/fr\/joy-140-160\/\"]}]},{\"@type\":\"ImageObject\",\"inLanguage\":\"fr-FR\",\"@id\":\"https:\/\/pavesi.sviluppokeyweb.com\/fr\/joy-140-160\/#primaryimage\",\"url\":\"https:\/\/pavesi.sviluppokeyweb.com\/wp-content\/uploads\/2024\/11\/Forno-a-Legna-Joy-140-160.webp\",\"contentUrl\":\"https:\/\/pavesi.sviluppokeyweb.com\/wp-content\/uploads\/2024\/11\/Forno-a-Legna-Joy-140-160.webp\",\"width\":866,\"height\":1000,\"caption\":\"Forno a Legna Joy 140-160\"},{\"@type\":\"BreadcrumbList\",\"@id\":\"https:\/\/pavesi.sviluppokeyweb.com\/fr\/joy-140-160\/#breadcrumb\",\"itemListElement\":[{\"@type\":\"ListItem\",\"position\":1,\"name\":\"Home\",\"item\":\"https:\/\/pavesi.sviluppokeyweb.com\/fr\/\"},{\"@type\":\"ListItem\",\"position\":2,\"name\":\"Nous fours\",\"item\":\"https:\/\/pavesi.sviluppokeyweb.com\/fr\/nous-fours\/\"},{\"@type\":\"ListItem\",\"position\":3,\"name\":\"JOY 140\/160\"}]},{\"@type\":\"WebSite\",\"@id\":\"https:\/\/pavesi.sviluppokeyweb.com\/fr\/#website\",\"url\":\"https:\/\/pavesi.sviluppokeyweb.com\/fr\/\",\"name\":\"Pavesi Forni\",\"description\":\"\",\"potentialAction\":[{\"@type\":\"SearchAction\",\"target\":{\"@type\":\"EntryPoint\",\"urlTemplate\":\"https:\/\/pavesi.sviluppokeyweb.com\/fr\/?s={search_term_string}\"},\"query-input\":{\"@type\":\"PropertyValueSpecification\",\"valueRequired\":true,\"valueName\":\"search_term_string\"}}],\"inLanguage\":\"fr-FR\"}]}<\/script>\n<!-- \/ Yoast SEO plugin. -->","yoast_head_json":{"title":"JOY 140\/160 - Pavesi Forni","robots":{"index":"noindex","follow":"follow","max-snippet":"max-snippet:-1","max-image-preview":"max-image-preview:large","max-video-preview":"max-video-preview:-1"},"og_locale":"fr_FR","og_type":"article","og_title":"JOY 140\/160 - Pavesi Forni","og_description":"Une capacit\u00e9 maximale de 9 \u00e0 11\u00a0pizzas et une capacit\u00e9 de production de 120\u00a0pizzas par heure caract\u00e9risent le four \u00e0 bois Joy 140\/160, un four con\u00e7u pour avoir un rendement optimal et des performances \u00e9lev\u00e9es \u00e0 des co\u00fbts tr\u00e8s bas.  La sole de cuisson fixe monobloc auto-dilatante est compos\u00e9e d'un seul bloc r\u00e9fractaire de 7\u00a0cm d'\u00e9paisseur, tandis que le four peut \u00e9galement \u00eatre pr\u00e9par\u00e9 pour une utilisation au gaz\u00a0: la cuisson parfaite et uniforme des pizzas s'allie \u00e0 une polyvalence due \u00e9galement au design et aux possibilit\u00e9s de personnalisations de l\u2019appareil.  Faites appel \u00e0 notre entreprise pour b\u00e9n\u00e9ficier d'une passion artisanale de plus de 50\u00a0ans, caract\u00e9ris\u00e9e par des mat\u00e9riaux provenant de l'UE et une conception et une fabrication enti\u00e8rement made in Italy. Demandez-nous d\u00e8s maintenant la livraison et l'installation dans le monde entier, et b\u00e9n\u00e9ficiez d'une assistance 7\u00a0jours sur 7.  &nbsp;  Remarque\u00a0: Les images contenues dans ce site sont uniquement fournies \u00e0 titre indicatif et peuvent inclure des accessoires qui ne sont pas fournis en s\u00e9rie. Attention\u00a0: le rendu vid\u00e9o ne permet pas toujours la reproduction fid\u00e8le des couleurs et des teintes par rapport aux originaux.","og_url":"https:\/\/pavesi.sviluppokeyweb.com\/fr\/joy-140-160\/","og_site_name":"Pavesi Forni","article_modified_time":"2025-05-21T14:15:12+00:00","og_image":[{"width":866,"height":1000,"url":"https:\/\/pavesi.sviluppokeyweb.com\/wp-content\/uploads\/2024\/11\/Forno-a-Legna-Joy-140-160.webp","type":"image\/webp"}],"twitter_card":"summary_large_image","twitter_misc":{"Dur\u00e9e de lecture estim\u00e9e":"2 minutes"},"schema":{"@context":"https:\/\/schema.org","@graph":[{"@type":"WebPage","@id":"https:\/\/pavesi.sviluppokeyweb.com\/fr\/joy-140-160\/","url":"https:\/\/pavesi.sviluppokeyweb.com\/fr\/joy-140-160\/","name":"JOY 140\/160 - Pavesi Forni","isPartOf":{"@id":"https:\/\/pavesi.sviluppokeyweb.com\/fr\/#website"},"primaryImageOfPage":{"@id":"https:\/\/pavesi.sviluppokeyweb.com\/fr\/joy-140-160\/#primaryimage"},"image":{"@id":"https:\/\/pavesi.sviluppokeyweb.com\/fr\/joy-140-160\/#primaryimage"},"thumbnailUrl":"https:\/\/pavesi.sviluppokeyweb.com\/wp-content\/uploads\/2024\/11\/Forno-a-Legna-Joy-140-160.webp","datePublished":"2024-11-11T11:20:58+00:00","dateModified":"2025-05-21T14:15:12+00:00","breadcrumb":{"@id":"https:\/\/pavesi.sviluppokeyweb.com\/fr\/joy-140-160\/#breadcrumb"},"inLanguage":"fr-FR","potentialAction":[{"@type":"ReadAction","target":["https:\/\/pavesi.sviluppokeyweb.com\/fr\/joy-140-160\/"]}]},{"@type":"ImageObject","inLanguage":"fr-FR","@id":"https:\/\/pavesi.sviluppokeyweb.com\/fr\/joy-140-160\/#primaryimage","url":"https:\/\/pavesi.sviluppokeyweb.com\/wp-content\/uploads\/2024\/11\/Forno-a-Legna-Joy-140-160.webp","contentUrl":"https:\/\/pavesi.sviluppokeyweb.com\/wp-content\/uploads\/2024\/11\/Forno-a-Legna-Joy-140-160.webp","width":866,"height":1000,"caption":"Forno a Legna Joy 140-160"},{"@type":"BreadcrumbList","@id":"https:\/\/pavesi.sviluppokeyweb.com\/fr\/joy-140-160\/#breadcrumb","itemListElement":[{"@type":"ListItem","position":1,"name":"Home","item":"https:\/\/pavesi.sviluppokeyweb.com\/fr\/"},{"@type":"ListItem","position":2,"name":"Nous fours","item":"https:\/\/pavesi.sviluppokeyweb.com\/fr\/nous-fours\/"},{"@type":"ListItem","position":3,"name":"JOY 140\/160"}]},{"@type":"WebSite","@id":"https:\/\/pavesi.sviluppokeyweb.com\/fr\/#website","url":"https:\/\/pavesi.sviluppokeyweb.com\/fr\/","name":"Pavesi Forni","description":"","potentialAction":[{"@type":"SearchAction","target":{"@type":"EntryPoint","urlTemplate":"https:\/\/pavesi.sviluppokeyweb.com\/fr\/?s={search_term_string}"},"query-input":{"@type":"PropertyValueSpecification","valueRequired":true,"valueName":"search_term_string"}}],"inLanguage":"fr-FR"}]}},"_links":{"self":[{"href":"https:\/\/pavesi.sviluppokeyweb.com\/fr\/wp-json\/wp\/v2\/product\/1752","targetHints":{"allow":["GET"]}}],"collection":[{"href":"https:\/\/pavesi.sviluppokeyweb.com\/fr\/wp-json\/wp\/v2\/product"}],"about":[{"href":"https:\/\/pavesi.sviluppokeyweb.com\/fr\/wp-json\/wp\/v2\/types\/product"}],"replies":[{"embeddable":true,"href":"https:\/\/pavesi.sviluppokeyweb.com\/fr\/wp-json\/wp\/v2\/comments?post=1752"}],"wp:featuredmedia":[{"embeddable":true,"href":"https:\/\/pavesi.sviluppokeyweb.com\/fr\/wp-json\/wp\/v2\/media\/2385"}],"wp:attachment":[{"href":"https:\/\/pavesi.sviluppokeyweb.com\/fr\/wp-json\/wp\/v2\/media?parent=1752"}],"wp:term":[{"taxonomy":"product_brand","embeddable":true,"href":"https:\/\/pavesi.sviluppokeyweb.com\/fr\/wp-json\/wp\/v2\/product_brand?post=1752"},{"taxonomy":"product_cat","embeddable":true,"href":"https:\/\/pavesi.sviluppokeyweb.com\/fr\/wp-json\/wp\/v2\/product_cat?post=1752"},{"taxonomy":"product_tag","embeddable":true,"href":"https:\/\/pavesi.sviluppokeyweb.com\/fr\/wp-json\/wp\/v2\/product_tag?post=1752"}],"curies":[{"name":"wp","href":"https:\/\/api.w.org\/{rel}","templated":true}]}}