{"id":1764,"date":"2024-11-08T08:01:07","date_gmt":"2024-11-08T08:01:07","guid":{"rendered":"https:\/\/pavesi.sviluppokeyweb.com\/product\/joy-90\/"},"modified":"2025-05-21T14:12:57","modified_gmt":"2025-05-21T14:12:57","slug":"joy-90","status":"publish","type":"product","link":"https:\/\/pavesi.sviluppokeyweb.com\/fr\/joy-90\/","title":{"rendered":"JOY 90"},"content":{"rendered":"<p>Notre four \u00e0 bois Joy 90 est la combinaison parfaite entre performances \u00e9lev\u00e9es et espace compact\u00a0: avec une <strong>sole fixe monobloc<\/strong> et une <strong>vo\u00fbte en coupole <\/strong>dont la conception a \u00e9t\u00e9 soign\u00e9e dans les moindres d\u00e9tails, il convient parfaitement aux <strong>petits restaurants<\/strong> ou m\u00eame aux <strong>personnes priv\u00e9es<\/strong> passionn\u00e9es de cuisine qui souhaitent disposer d&rsquo;un four \u00e0 pizza professionnel \u00e0 la maison.<\/p>\n<p>Comme tous les autres fours Pavesi, il s&rsquo;agit d&rsquo;un petit <strong>bijou de perfection technique et d&rsquo;impact esth\u00e9tique<\/strong>, id\u00e9al pour la cuisson de deux pizzas \u00e0 la fois, avec l&rsquo;option d&rsquo;un br\u00fbleur \u00e0 commande manuelle et d&rsquo;une alimentation au gaz.<\/p>\n<p>Choisissez notre entreprise et choisissez le made in Italy\u00a0: nous exportons notre tradition <strong>dans le monde entier,<\/strong> en offrant le montage et l&rsquo;assistance 7\u00a0jours sur 7. <strong>Contactez-nous maintenant.<\/strong><\/p>\n<p>&nbsp;<\/p>\n<p><strong>Remarque\u00a0: <\/strong>Les images contenues dans ce site sont uniquement fournies \u00e0 titre indicatif et peuvent inclure des accessoires qui ne sont pas fournis en s\u00e9rie. <strong>Attention\u00a0: <\/strong>le rendu vid\u00e9o ne permet pas toujours la reproduction fid\u00e8le des couleurs et des teintes par rapport aux originaux.<\/p>\n","protected":false},"excerpt":{"rendered":"<p>Notre four \u00e0 bois Joy 90 est la combinaison parfaite entre performances \u00e9lev\u00e9es et espace compact\u00a0: avec une <strong>sole fixe monobloc<\/strong> et une <strong>vo\u00fbte en coupole <\/strong>dont la conception a \u00e9t\u00e9 soign\u00e9e dans les moindres d\u00e9tails, il convient parfaitement aux <strong>petits restaurants<\/strong> ou m\u00eame aux <strong>personnes priv\u00e9es<\/strong> passionn\u00e9es de cuisine qui souhaitent disposer d&rsquo;un four \u00e0 pizza professionnel \u00e0 la maison.<\/p>\n<p>Comme tous les autres fours Pavesi, il s&rsquo;agit d&rsquo;un petit <strong>bijou de perfection technique et d&rsquo;impact esth\u00e9tique<\/strong>, id\u00e9al pour la cuisson de deux pizzas \u00e0 la fois, avec l&rsquo;option d&rsquo;un br\u00fbleur \u00e0 commande manuelle et d&rsquo;une alimentation au gaz.<\/p>\n<p>Choisissez notre entreprise et choisissez le made in Italy\u00a0: nous exportons notre tradition <strong>dans le monde entier,<\/strong> en offrant le montage et l&rsquo;assistance 7\u00a0jours sur 7. <strong>Contactez-nous maintenant.<\/strong><\/p>\n<p>&nbsp;<\/p>\n<p><strong>Remarque\u00a0: <\/strong>Les images contenues dans ce site sont uniquement fournies \u00e0 titre indicatif et peuvent inclure des accessoires qui ne sont pas fournis en s\u00e9rie. <strong>Attention\u00a0: <\/strong>le rendu vid\u00e9o ne permet pas toujours la reproduction fid\u00e8le des couleurs et des teintes par rapport aux originaux.<\/p>\n","protected":false},"featured_media":2310,"comment_status":"closed","ping_status":"closed","template":"","meta":{"_acf_changed":false,"inline_featured_image":false},"product_brand":[],"product_cat":[183,190],"product_tag":[],"class_list":{"0":"post-1764","1":"product","2":"type-product","3":"status-publish","4":"has-post-thumbnail","6":"product_cat-fours-a-bois","7":"product_cat-traditionnels-joy","8":"pa_capacita-pizze-fino-a-3-fr","9":"pa_piano-fisso-fr","11":"first","12":"instock","13":"shipping-taxable","14":"product-type-simple"},"acf":[],"yoast_head":"<!-- This site is optimized with the Yoast SEO plugin v25.3.1 - https:\/\/yoast.com\/wordpress\/plugins\/seo\/ -->\n<title>JOY 90 - Pavesi Forni<\/title>\n<meta name=\"robots\" content=\"noindex, follow, max-snippet:-1, max-image-preview:large, max-video-preview:-1\" \/>\n<meta property=\"og:locale\" content=\"fr_FR\" \/>\n<meta property=\"og:type\" content=\"article\" \/>\n<meta property=\"og:title\" content=\"JOY 90 - Pavesi Forni\" \/>\n<meta property=\"og:description\" content=\"Notre four \u00e0 bois Joy 90 est la combinaison parfaite entre performances \u00e9lev\u00e9es et espace compact\u00a0: avec une sole fixe monobloc et une vo\u00fbte en coupole dont la conception a \u00e9t\u00e9 soign\u00e9e dans les moindres d\u00e9tails, il convient parfaitement aux petits restaurants ou m\u00eame aux personnes priv\u00e9es passionn\u00e9es de cuisine qui souhaitent disposer d&#039;un four \u00e0 pizza professionnel \u00e0 la maison.  Comme tous les autres fours Pavesi, il s&#039;agit d&#039;un petit bijou de perfection technique et d&#039;impact esth\u00e9tique, id\u00e9al pour la cuisson de deux pizzas \u00e0 la fois, avec l&#039;option d&#039;un br\u00fbleur \u00e0 commande manuelle et d&#039;une alimentation au gaz.  Choisissez notre entreprise et choisissez le made in Italy\u00a0: nous exportons notre tradition dans le monde entier, en offrant le montage et l&#039;assistance 7\u00a0jours sur 7. Contactez-nous maintenant.  &nbsp;  Remarque\u00a0: Les images contenues dans ce site sont uniquement fournies \u00e0 titre indicatif et peuvent inclure des accessoires qui ne sont pas fournis en s\u00e9rie. Attention\u00a0: le rendu vid\u00e9o ne permet pas toujours la reproduction fid\u00e8le des couleurs et des teintes par rapport aux originaux.\" \/>\n<meta property=\"og:url\" content=\"https:\/\/pavesi.sviluppokeyweb.com\/fr\/joy-90\/\" \/>\n<meta property=\"og:site_name\" content=\"Pavesi Forni\" \/>\n<meta property=\"article:modified_time\" content=\"2025-05-21T14:12:57+00:00\" \/>\n<meta property=\"og:image\" content=\"https:\/\/pavesi.sviluppokeyweb.com\/wp-content\/uploads\/2024\/11\/Forno-a-Legna-Piano-Fisso-Joy-90-Professionale.webp\" \/>\n\t<meta property=\"og:image:width\" content=\"801\" \/>\n\t<meta property=\"og:image:height\" content=\"1000\" \/>\n\t<meta property=\"og:image:type\" content=\"image\/webp\" \/>\n<meta name=\"twitter:card\" content=\"summary_large_image\" \/>\n<meta name=\"twitter:label1\" content=\"Dur\u00e9e de lecture estim\u00e9e\" \/>\n\t<meta name=\"twitter:data1\" content=\"2 minutes\" \/>\n<script type=\"application\/ld+json\" class=\"yoast-schema-graph\">{\"@context\":\"https:\/\/schema.org\",\"@graph\":[{\"@type\":\"WebPage\",\"@id\":\"https:\/\/pavesi.sviluppokeyweb.com\/fr\/joy-90\/\",\"url\":\"https:\/\/pavesi.sviluppokeyweb.com\/fr\/joy-90\/\",\"name\":\"JOY 90 - Pavesi Forni\",\"isPartOf\":{\"@id\":\"https:\/\/pavesi.sviluppokeyweb.com\/fr\/#website\"},\"primaryImageOfPage\":{\"@id\":\"https:\/\/pavesi.sviluppokeyweb.com\/fr\/joy-90\/#primaryimage\"},\"image\":{\"@id\":\"https:\/\/pavesi.sviluppokeyweb.com\/fr\/joy-90\/#primaryimage\"},\"thumbnailUrl\":\"https:\/\/pavesi.sviluppokeyweb.com\/wp-content\/uploads\/2024\/11\/Forno-a-Legna-Piano-Fisso-Joy-90-Professionale.webp\",\"datePublished\":\"2024-11-08T08:01:07+00:00\",\"dateModified\":\"2025-05-21T14:12:57+00:00\",\"breadcrumb\":{\"@id\":\"https:\/\/pavesi.sviluppokeyweb.com\/fr\/joy-90\/#breadcrumb\"},\"inLanguage\":\"fr-FR\",\"potentialAction\":[{\"@type\":\"ReadAction\",\"target\":[\"https:\/\/pavesi.sviluppokeyweb.com\/fr\/joy-90\/\"]}]},{\"@type\":\"ImageObject\",\"inLanguage\":\"fr-FR\",\"@id\":\"https:\/\/pavesi.sviluppokeyweb.com\/fr\/joy-90\/#primaryimage\",\"url\":\"https:\/\/pavesi.sviluppokeyweb.com\/wp-content\/uploads\/2024\/11\/Forno-a-Legna-Piano-Fisso-Joy-90-Professionale.webp\",\"contentUrl\":\"https:\/\/pavesi.sviluppokeyweb.com\/wp-content\/uploads\/2024\/11\/Forno-a-Legna-Piano-Fisso-Joy-90-Professionale.webp\",\"width\":801,\"height\":1000,\"caption\":\"Forno a Legna Piano Fisso Joy 90 Professionale\"},{\"@type\":\"BreadcrumbList\",\"@id\":\"https:\/\/pavesi.sviluppokeyweb.com\/fr\/joy-90\/#breadcrumb\",\"itemListElement\":[{\"@type\":\"ListItem\",\"position\":1,\"name\":\"Home\",\"item\":\"https:\/\/pavesi.sviluppokeyweb.com\/fr\/\"},{\"@type\":\"ListItem\",\"position\":2,\"name\":\"Nous fours\",\"item\":\"https:\/\/pavesi.sviluppokeyweb.com\/fr\/nous-fours\/\"},{\"@type\":\"ListItem\",\"position\":3,\"name\":\"JOY 90\"}]},{\"@type\":\"WebSite\",\"@id\":\"https:\/\/pavesi.sviluppokeyweb.com\/fr\/#website\",\"url\":\"https:\/\/pavesi.sviluppokeyweb.com\/fr\/\",\"name\":\"Pavesi Forni\",\"description\":\"\",\"potentialAction\":[{\"@type\":\"SearchAction\",\"target\":{\"@type\":\"EntryPoint\",\"urlTemplate\":\"https:\/\/pavesi.sviluppokeyweb.com\/fr\/?s={search_term_string}\"},\"query-input\":{\"@type\":\"PropertyValueSpecification\",\"valueRequired\":true,\"valueName\":\"search_term_string\"}}],\"inLanguage\":\"fr-FR\"}]}<\/script>\n<!-- \/ Yoast SEO plugin. -->","yoast_head_json":{"title":"JOY 90 - Pavesi Forni","robots":{"index":"noindex","follow":"follow","max-snippet":"max-snippet:-1","max-image-preview":"max-image-preview:large","max-video-preview":"max-video-preview:-1"},"og_locale":"fr_FR","og_type":"article","og_title":"JOY 90 - Pavesi Forni","og_description":"Notre four \u00e0 bois Joy 90 est la combinaison parfaite entre performances \u00e9lev\u00e9es et espace compact\u00a0: avec une sole fixe monobloc et une vo\u00fbte en coupole dont la conception a \u00e9t\u00e9 soign\u00e9e dans les moindres d\u00e9tails, il convient parfaitement aux petits restaurants ou m\u00eame aux personnes priv\u00e9es passionn\u00e9es de cuisine qui souhaitent disposer d'un four \u00e0 pizza professionnel \u00e0 la maison.  Comme tous les autres fours Pavesi, il s'agit d'un petit bijou de perfection technique et d'impact esth\u00e9tique, id\u00e9al pour la cuisson de deux pizzas \u00e0 la fois, avec l'option d'un br\u00fbleur \u00e0 commande manuelle et d'une alimentation au gaz.  Choisissez notre entreprise et choisissez le made in Italy\u00a0: nous exportons notre tradition dans le monde entier, en offrant le montage et l'assistance 7\u00a0jours sur 7. Contactez-nous maintenant.  &nbsp;  Remarque\u00a0: Les images contenues dans ce site sont uniquement fournies \u00e0 titre indicatif et peuvent inclure des accessoires qui ne sont pas fournis en s\u00e9rie. Attention\u00a0: le rendu vid\u00e9o ne permet pas toujours la reproduction fid\u00e8le des couleurs et des teintes par rapport aux originaux.","og_url":"https:\/\/pavesi.sviluppokeyweb.com\/fr\/joy-90\/","og_site_name":"Pavesi Forni","article_modified_time":"2025-05-21T14:12:57+00:00","og_image":[{"width":801,"height":1000,"url":"https:\/\/pavesi.sviluppokeyweb.com\/wp-content\/uploads\/2024\/11\/Forno-a-Legna-Piano-Fisso-Joy-90-Professionale.webp","type":"image\/webp"}],"twitter_card":"summary_large_image","twitter_misc":{"Dur\u00e9e de lecture estim\u00e9e":"2 minutes"},"schema":{"@context":"https:\/\/schema.org","@graph":[{"@type":"WebPage","@id":"https:\/\/pavesi.sviluppokeyweb.com\/fr\/joy-90\/","url":"https:\/\/pavesi.sviluppokeyweb.com\/fr\/joy-90\/","name":"JOY 90 - Pavesi Forni","isPartOf":{"@id":"https:\/\/pavesi.sviluppokeyweb.com\/fr\/#website"},"primaryImageOfPage":{"@id":"https:\/\/pavesi.sviluppokeyweb.com\/fr\/joy-90\/#primaryimage"},"image":{"@id":"https:\/\/pavesi.sviluppokeyweb.com\/fr\/joy-90\/#primaryimage"},"thumbnailUrl":"https:\/\/pavesi.sviluppokeyweb.com\/wp-content\/uploads\/2024\/11\/Forno-a-Legna-Piano-Fisso-Joy-90-Professionale.webp","datePublished":"2024-11-08T08:01:07+00:00","dateModified":"2025-05-21T14:12:57+00:00","breadcrumb":{"@id":"https:\/\/pavesi.sviluppokeyweb.com\/fr\/joy-90\/#breadcrumb"},"inLanguage":"fr-FR","potentialAction":[{"@type":"ReadAction","target":["https:\/\/pavesi.sviluppokeyweb.com\/fr\/joy-90\/"]}]},{"@type":"ImageObject","inLanguage":"fr-FR","@id":"https:\/\/pavesi.sviluppokeyweb.com\/fr\/joy-90\/#primaryimage","url":"https:\/\/pavesi.sviluppokeyweb.com\/wp-content\/uploads\/2024\/11\/Forno-a-Legna-Piano-Fisso-Joy-90-Professionale.webp","contentUrl":"https:\/\/pavesi.sviluppokeyweb.com\/wp-content\/uploads\/2024\/11\/Forno-a-Legna-Piano-Fisso-Joy-90-Professionale.webp","width":801,"height":1000,"caption":"Forno a Legna Piano Fisso Joy 90 Professionale"},{"@type":"BreadcrumbList","@id":"https:\/\/pavesi.sviluppokeyweb.com\/fr\/joy-90\/#breadcrumb","itemListElement":[{"@type":"ListItem","position":1,"name":"Home","item":"https:\/\/pavesi.sviluppokeyweb.com\/fr\/"},{"@type":"ListItem","position":2,"name":"Nous fours","item":"https:\/\/pavesi.sviluppokeyweb.com\/fr\/nous-fours\/"},{"@type":"ListItem","position":3,"name":"JOY 90"}]},{"@type":"WebSite","@id":"https:\/\/pavesi.sviluppokeyweb.com\/fr\/#website","url":"https:\/\/pavesi.sviluppokeyweb.com\/fr\/","name":"Pavesi Forni","description":"","potentialAction":[{"@type":"SearchAction","target":{"@type":"EntryPoint","urlTemplate":"https:\/\/pavesi.sviluppokeyweb.com\/fr\/?s={search_term_string}"},"query-input":{"@type":"PropertyValueSpecification","valueRequired":true,"valueName":"search_term_string"}}],"inLanguage":"fr-FR"}]}},"_links":{"self":[{"href":"https:\/\/pavesi.sviluppokeyweb.com\/fr\/wp-json\/wp\/v2\/product\/1764","targetHints":{"allow":["GET"]}}],"collection":[{"href":"https:\/\/pavesi.sviluppokeyweb.com\/fr\/wp-json\/wp\/v2\/product"}],"about":[{"href":"https:\/\/pavesi.sviluppokeyweb.com\/fr\/wp-json\/wp\/v2\/types\/product"}],"replies":[{"embeddable":true,"href":"https:\/\/pavesi.sviluppokeyweb.com\/fr\/wp-json\/wp\/v2\/comments?post=1764"}],"wp:featuredmedia":[{"embeddable":true,"href":"https:\/\/pavesi.sviluppokeyweb.com\/fr\/wp-json\/wp\/v2\/media\/2310"}],"wp:attachment":[{"href":"https:\/\/pavesi.sviluppokeyweb.com\/fr\/wp-json\/wp\/v2\/media?parent=1764"}],"wp:term":[{"taxonomy":"product_brand","embeddable":true,"href":"https:\/\/pavesi.sviluppokeyweb.com\/fr\/wp-json\/wp\/v2\/product_brand?post=1764"},{"taxonomy":"product_cat","embeddable":true,"href":"https:\/\/pavesi.sviluppokeyweb.com\/fr\/wp-json\/wp\/v2\/product_cat?post=1764"},{"taxonomy":"product_tag","embeddable":true,"href":"https:\/\/pavesi.sviluppokeyweb.com\/fr\/wp-json\/wp\/v2\/product_tag?post=1764"}],"curies":[{"name":"wp","href":"https:\/\/api.w.org\/{rel}","templated":true}]}}